{"id":12876,"date":"2021-02-12T20:45:12","date_gmt":"2021-02-12T20:45:12","guid":{"rendered":"https:\/\/dezinpro.ro\/?page_id=12876"},"modified":"2021-02-24T17:09:04","modified_gmt":"2021-02-24T17:09:04","slug":"csotany","status":"publish","type":"page","link":"https:\/\/dezinpro.ro\/hu\/csotany\/","title":{"rendered":"Csot\u00e1ny"},"content":{"rendered":"\t\t<div data-elementor-type=\"wp-page\" data-elementor-id=\"12876\" class=\"elementor elementor-12876\" data-elementor-settings=\"[]\">\n\t\t\t\t\t\t<div class=\"elementor-inner\">\n\t\t\t\t\t\t\t<div class=\"elementor-section-wrap\">\n\t\t\t\t\t\t\t<section class=\"elementor-section elementor-top-section elementor-element elementor-element-785deb3 elementor-section-full_width elementor-section-content-middle elementor-section-height-default elementor-section-height-default\" data-id=\"785deb3\" data-element_type=\"section\">\n\t\t\t\t\t\t<div class=\"elementor-container elementor-column-gap-wide\">\n\t\t\t\t\t\t\t<div class=\"elementor-row\">\n\t\t\t\t\t<div class=\"elementor-column elementor-col-100 elementor-top-column elementor-element elementor-element-0597863\" data-id=\"0597863\" data-element_type=\"column\">\n\t\t\t<div class=\"elementor-column-wrap elementor-element-populated\">\n\t\t\t\t\t\t\t<div class=\"elementor-widget-wrap\">\n\t\t\t\t\t\t<div class=\"elementor-element elementor-element-dd70f94 elementor-widget elementor-widget-rs-heading\" data-id=\"dd70f94\" data-element_type=\"widget\" data-widget_type=\"rs-heading.default\">\n\t\t\t\t<div class=\"elementor-widget-container\">\n\t\t\t        <div class=\"rs-heading style7  \">\r\n        \t<div class=\"title-inner\">\r\n        \t\t      \t\t\r\n\t            <span class=\"sub-text\">Rovar\u00edrt\u00e1s<\/span><h2 class=\"title\"><span class=\"watermark\"><\/span>Csot\u00e1ny<\/h2>\t        <\/div>\r\n\t                <\/div>\r\n\r\n        \t\t<\/div>\n\t\t\t\t<\/div>\n\t\t\t\t<div class=\"elementor-element elementor-element-b37930d elementor-widget elementor-widget-text-editor\" data-id=\"b37930d\" data-element_type=\"widget\" data-widget_type=\"text-editor.default\">\n\t\t\t\t<div class=\"elementor-widget-container\">\n\t\t\t\t\t<div class=\"elementor-text-editor elementor-clearfix\"><p class=\"p1\">A cs\u00f3t\u00e1nyok amennyiben optim\u00e1lis \u00e9letfelt\u00e9teleket tal\u00e1lnak, b\u00e1rhol megjelenhetnek \u00e9s elszaporodhatnak. Lak\u00e1sokban els\u0151sorban a vizes blokkokban fordul el\u0151, az el\u0151szob\u00e1ban csak elv\u00e9tve. A lak\u00f3h\u00e1zakban a szem\u00e9tledob\u00f3 k\u00f6rny\u00e9k\u00e9n, a pinc\u00e9kben pedig k\u00fcl\u00f6n\u00f6sen ott fordul el\u0151, ahol h\u0151k\u00f6zpont is van.<\/p><h5 class=\"p1\">N\u00e9met cs\u00f3t\u00e1ny:<\/h5><figure id=\"attachment_12897\" aria-describedby=\"caption-attachment-12897\" style=\"width: 150px\" class=\"wp-caption aligncenter\"><img decoding=\"async\" loading=\"lazy\" class=\"wp-image-12897 size-thumbnail\" src=\"http:\/\/dezinpro.ro\/wp-content\/uploads\/2021\/02\/nemetcsotany-150x150.jpg\" alt=\"\" width=\"150\" height=\"150\" \/><figcaption id=\"caption-attachment-12897\" class=\"wp-caption-text\">N\u00e9met cs\u00f3t\u00e1ny<\/figcaption><\/figure><p class=\"p1\" style=\"text-align: left;\">A 10-15 mm nagys\u00e1g\u00fa, vil\u00e1gos s\u00e1rg\u00e1sbarna n\u00e9met cs\u00f3t\u00e1ny a legjobban alkalmazkod\u00f3 \u00e9s a k\u00fcl\u00f6nb\u00f6z\u0151 \u00e9letfelt\u00e9teleket legink\u00e1bb elvisel\u0151 faj.<\/p><h5 class=\"p1\">Konyhai cs\u00f3t\u00e1ny:<\/h5><figure id=\"attachment_12899\" aria-describedby=\"caption-attachment-12899\" style=\"width: 150px\" class=\"wp-caption aligncenter\"><img decoding=\"async\" loading=\"lazy\" class=\"wp-image-12899 size-thumbnail\" src=\"http:\/\/dezinpro.ro\/wp-content\/uploads\/2021\/02\/konyhaicsotany-150x150.jpg\" alt=\"\" width=\"150\" height=\"150\" srcset=\"https:\/\/dezinpro.ro\/wp-content\/uploads\/2021\/02\/konyhaicsotany-150x150.jpg 150w, https:\/\/dezinpro.ro\/wp-content\/uploads\/2021\/02\/konyhaicsotany-500x500.jpg 500w\" sizes=\"(max-width: 150px) 100vw, 150px\" \/><figcaption id=\"caption-attachment-12899\" class=\"wp-caption-text\">Konyhai cs\u00f3t\u00e1ny<\/figcaption><\/figure><p class=\"p1\">A 20-27 mm nagys\u00e1g\u00fa, feket\u00e9sbarna sz\u00edn\u0171 konyhai cs\u00f3t\u00e1ny, a n\u00e9met cs\u00f3t\u00e1nyhoz viszony\u00edtva teljes fejl\u0151d\u00e9si ideje hosszabb, ez\u00e9rt ann\u00e1l lassabban szaporodik \u00e9s folyad\u00e9kig\u00e9nye is nagyobb.<\/p><h5 class=\"p1\">Amerikai cs\u00f3t\u00e1ny:<\/h5><figure id=\"attachment_12898\" aria-describedby=\"caption-attachment-12898\" style=\"width: 150px\" class=\"wp-caption aligncenter\"><img decoding=\"async\" loading=\"lazy\" class=\"wp-image-12898 size-thumbnail\" src=\"http:\/\/dezinpro.ro\/wp-content\/uploads\/2021\/02\/amerikaicsotany-150x150.jpg\" alt=\"\" width=\"150\" height=\"150\" srcset=\"https:\/\/dezinpro.ro\/wp-content\/uploads\/2021\/02\/amerikaicsotany-150x150.jpg 150w, https:\/\/dezinpro.ro\/wp-content\/uploads\/2021\/02\/amerikaicsotany-500x500.jpg 500w\" sizes=\"(max-width: 150px) 100vw, 150px\" \/><figcaption id=\"caption-attachment-12898\" class=\"wp-caption-text\">Amerikai cs\u00f3t\u00e1ny<\/figcaption><\/figure><p class=\"p1\">A 35-40 mm nagys\u00e1g\u00fa, v\u00f6r\u00f6ses-barna sz\u00edn\u0171 amerikai cs\u00f3t\u00e1ny. Fejl\u0151d\u00e9si ideje a h\u00e1rom faj k\u00f6z\u00fcl a leghosszabb, 150-450 nap. Az egyetlen faj, amely sz\u00e1rnyait rep\u00fcl\u00e9sre haszn\u00e1lja.<\/p><h5 class=\"p1\">Eg\u00e9szs\u00e9g\u00fcgyi vesz\u00e9lye:<\/h5><p class=\"p1\">A cs\u00f3t\u00e1ny els\u0151sorban fert\u0151z\u0151 betegs\u00e9get terjeszt (bakt\u00e9rium, f\u00e9regpete, gomba, v\u00edrus), de a k\u00f6zvetlen \u00e9rintkez\u00e9s allergi\u00e1s reakci\u00f3t is kiv\u00e1lthatnak az emberben. El\u0151fordulhat azonban, hogy a cs\u00f3t\u00e1ny \u00e9jszaka az emberre t\u00e1mad, \u00e9s megr\u00e1gja \u00e1ldozatuk k\u00f6rmeit, szemh\u00e9ly\u00e1t, vagy ajkait, amelynek k\u00f6vetkezt\u00e9ben s\u00falyos lelki s\u00e9r\u00fcl\u00e9seket szenvedhet \u00e1ldozatuk. Ilyen esetekben nem ritka a rovarok elleni er\u0151s f\u00e9lelem (inszektof\u00f3bia) kialakul\u00e1sa is.<\/p><h5 class=\"p1\">\u00cdrt\u00e1si technol\u00f3gia:<\/h5><p class=\"p1\">Tal\u00e1n egy k\u00e1rtev\u0151 rovar elleni v\u00e9dekez\u00e9s sor\u00e1n sem \u00e1ll rendelkez\u00e9s\u00fcnkre olyan mennyis\u00e9g\u0171 m\u00f3dszer, technol\u00f3gia \u00e9s irt\u00f3szer mint a cs\u00f3t\u00e1nyok \u00edrt\u00e1s\u00e1ra. Ezek a m\u00f3dszerek: permetez\u00e9ssel t\u00f6rt\u00e9n\u0151 tart\u00f3s rovarirt\u00f3 m\u00e9regmez\u0151 kialak\u00edt\u00e1s, hidegk\u00f6d\u00f6s ki\u0171z\u00e9s, ULV elj\u00e1r\u00e1s, gyomorm\u00e9regk\u00e9nt cs\u00f3t\u00e1nyirt\u00f3 g\u00e9l k\u00fcl\u00f6nb\u00f6z\u0151 formul\u00e1inak felhaszn\u00e1l\u00e1sa, vagy a fert\u0151z\u00f6tt helys\u00e9g f\u00fcstk\u00e9pz\u00e9ssel val\u00f3 mentes\u00edt\u00e9se. <br \/>Minden esetben a helyi fert\u0151z\u00f6tts\u00e9g m\u00e9rt\u00e9ke, a ter\u00fcleti adotts\u00e1gok, valamint a megrendel\u0151vel t\u00f6rt\u00e9n\u0151 egyeztet\u00e9s ut\u00e1n t\u00f6rt\u00e9nik a megfelel\u0151 technol\u00f3gia kiv\u00e1laszt\u00e1sa. \u00c1ltal\u00e1ban a cs\u00f3t\u00e1ny\u00edrt\u00e1st kombin\u00e1lt m\u00f3dszerrel v\u00e9gezz\u00fck, melyben a hagyom\u00e1nyos permetez\u00e9ses elj\u00e1r\u00e1st a k\u00e9nyes helyeken (\u00e9lelmiszerek k\u00f6rnyezete) cs\u00f3t\u00e1nyirt\u00f3 g\u00e9l p\u00f6tty\u00f6k kihelyez\u00e9s\u00e9vel eg\u00e9sz\u00edtj\u00fck ki.<\/p><\/div>\n\t\t\t\t<\/div>\n\t\t\t\t<\/div>\n\t\t\t\t<div class=\"elementor-element elementor-element-232f78c elementor-widget elementor-widget-text-editor\" data-id=\"232f78c\" data-element_type=\"widget\" data-widget_type=\"text-editor.default\">\n\t\t\t\t<div class=\"elementor-widget-container\">\n\t\t\t<style>.elementor-element-232f78c{display:none !important}<\/style>\t\t<\/div>\n\t\t\t\t<\/div>\n\t\t\t\t\t\t<\/div>\n\t\t\t\t\t<\/div>\n\t\t<\/div>\n\t\t\t\t\t\t\t\t<\/div>\n\t\t\t\t\t<\/div>\n\t\t<\/section>\n\t\t\t\t\t\t<\/div>\n\t\t\t\t\t\t<\/div>\n\t\t\t\t\t<\/div>\n\t\t","protected":false},"excerpt":{"rendered":"<p>Rovar\u00edrt\u00e1s Csot\u00e1ny A cs\u00f3t\u00e1nyok amennyiben optim\u00e1lis \u00e9letfelt\u00e9teleket tal\u00e1lnak, b\u00e1rhol megjelenhetnek \u00e9s elszaporodhatnak. Lak\u00e1sokban els\u0151sorban a vizes blokkokban fordul el\u0151, az el\u0151szob\u00e1ban csak elv\u00e9tve. A lak\u00f3h\u00e1zakban a szem\u00e9tledob\u00f3 k\u00f6rny\u00e9k\u00e9n, a pinc\u00e9kben pedig k\u00fcl\u00f6n\u00f6sen ott fordul el\u0151, ahol h\u0151k\u00f6zpont is van. N\u00e9met cs\u00f3t\u00e1ny: A 10-15 mm nagys\u00e1g\u00fa, vil\u00e1gos s\u00e1rg\u00e1sbarna n\u00e9met cs\u00f3t\u00e1ny a legjobban alkalmazkod\u00f3 \u00e9s a k\u00fcl\u00f6nb\u00f6z\u0151&#8230;<\/p>\n","protected":false},"author":1,"featured_media":0,"parent":0,"menu_order":0,"comment_status":"closed","ping_status":"closed","template":"","meta":{"footnotes":""},"yoast_head":"<!-- This site is optimized with the Yoast SEO plugin v21.5 - https:\/\/yoast.com\/wordpress\/plugins\/seo\/ -->\n<title>DEZINPRO PLUS - Rovarirt\u00e1s | Fert\u0151tlen\u00edt\u00e9s | R\u00e1gcs\u00e1l\u00f3irt\u00e1s<\/title>\n<meta name=\"description\" content=\"ROVARIRT\u00c1S - A cs\u00f3t\u00e1nyok amennyiben optim\u00e1lis \u00e9letfelt\u00e9teleket tal\u00e1lnak, b\u00e1rhol megjelenhetnek \u00e9s elszaporodhatnak. Lak\u00e1sokban els\u0151sorban ...\" \/>\n<meta name=\"robots\" content=\"index, follow, max-snippet:-1, max-image-preview:large, max-video-preview:-1\" \/>\n<link rel=\"canonical\" href=\"https:\/\/dezinpro.ro\/hu\/csotany\/\" \/>\n<meta property=\"og:locale\" content=\"hu_HU\" \/>\n<meta property=\"og:type\" content=\"article\" \/>\n<meta property=\"og:title\" content=\"DEZINPRO PLUS - Rovarirt\u00e1s | Fert\u0151tlen\u00edt\u00e9s | R\u00e1gcs\u00e1l\u00f3irt\u00e1s\" \/>\n<meta property=\"og:description\" content=\"ROVARIRT\u00c1S - A cs\u00f3t\u00e1nyok amennyiben optim\u00e1lis \u00e9letfelt\u00e9teleket tal\u00e1lnak, b\u00e1rhol megjelenhetnek \u00e9s elszaporodhatnak. Lak\u00e1sokban els\u0151sorban ...\" \/>\n<meta property=\"og:url\" content=\"https:\/\/dezinpro.ro\/hu\/csotany\/\" \/>\n<meta property=\"og:site_name\" content=\"DEZINPRO PLUS\" \/>\n<meta property=\"article:modified_time\" content=\"2021-02-24T17:09:04+00:00\" \/>\n<meta property=\"og:image\" content=\"https:\/\/dezinpro.ro\/wp-content\/uploads\/2021\/02\/nemetcsotany-150x150.jpg\" \/>\n<meta name=\"twitter:card\" content=\"summary_large_image\" \/>\n<meta name=\"twitter:label1\" content=\"Est. reading time\" \/>\n\t<meta name=\"twitter:data1\" content=\"5 perc\" \/>\n<script type=\"application\/ld+json\" class=\"yoast-schema-graph\">{\"@context\":\"https:\/\/schema.org\",\"@graph\":[{\"@type\":\"WebPage\",\"@id\":\"https:\/\/dezinpro.ro\/csotany\/\",\"url\":\"https:\/\/dezinpro.ro\/csotany\/\",\"name\":\"DEZINPRO PLUS - Rovarirt\u00e1s | Fert\u0151tlen\u00edt\u00e9s | R\u00e1gcs\u00e1l\u00f3irt\u00e1s\",\"isPartOf\":{\"@id\":\"https:\/\/dezinpro.ro\/hu\/#website\"},\"datePublished\":\"2021-02-12T20:45:12+00:00\",\"dateModified\":\"2021-02-24T17:09:04+00:00\",\"description\":\"ROVARIRT\u00c1S - A cs\u00f3t\u00e1nyok amennyiben optim\u00e1lis \u00e9letfelt\u00e9teleket tal\u00e1lnak, b\u00e1rhol megjelenhetnek \u00e9s elszaporodhatnak. Lak\u00e1sokban els\u0151sorban ...\",\"breadcrumb\":{\"@id\":\"https:\/\/dezinpro.ro\/csotany\/#breadcrumb\"},\"inLanguage\":\"hu\",\"potentialAction\":[{\"@type\":\"ReadAction\",\"target\":[\"https:\/\/dezinpro.ro\/csotany\/\"]}]},{\"@type\":\"BreadcrumbList\",\"@id\":\"https:\/\/dezinpro.ro\/csotany\/#breadcrumb\",\"itemListElement\":[{\"@type\":\"ListItem\",\"position\":1,\"name\":\"Home\",\"item\":\"https:\/\/dezinpro.ro\/hu\/\"},{\"@type\":\"ListItem\",\"position\":2,\"name\":\"Csot\u00e1ny\"}]},{\"@type\":\"WebSite\",\"@id\":\"https:\/\/dezinpro.ro\/hu\/#website\",\"url\":\"https:\/\/dezinpro.ro\/hu\/\",\"name\":\"DEZINPRO PLUS\",\"description\":\"\",\"publisher\":{\"@id\":\"https:\/\/dezinpro.ro\/hu\/#organization\"},\"potentialAction\":[{\"@type\":\"SearchAction\",\"target\":{\"@type\":\"EntryPoint\",\"urlTemplate\":\"https:\/\/dezinpro.ro\/hu\/?s={search_term_string}\"},\"query-input\":\"required name=search_term_string\"}],\"inLanguage\":\"hu\"},{\"@type\":\"Organization\",\"@id\":\"https:\/\/dezinpro.ro\/hu\/#organization\",\"name\":\"DEZINPRO PLUS SRL\",\"url\":\"https:\/\/dezinpro.ro\/hu\/\",\"logo\":{\"@type\":\"ImageObject\",\"inLanguage\":\"hu\",\"@id\":\"https:\/\/dezinpro.ro\/hu\/#\/schema\/logo\/image\/\",\"url\":\"https:\/\/dezinpro.ro\/wp-content\/uploads\/2021\/01\/logo-without-text.svg\",\"contentUrl\":\"https:\/\/dezinpro.ro\/wp-content\/uploads\/2021\/01\/logo-without-text.svg\",\"width\":1,\"height\":1,\"caption\":\"DEZINPRO PLUS SRL\"},\"image\":{\"@id\":\"https:\/\/dezinpro.ro\/hu\/#\/schema\/logo\/image\/\"}}]}<\/script>\n<!-- \/ Yoast SEO plugin. -->","yoast_head_json":{"title":"DEZINPRO PLUS - Rovarirt\u00e1s | Fert\u0151tlen\u00edt\u00e9s | R\u00e1gcs\u00e1l\u00f3irt\u00e1s","description":"ROVARIRT\u00c1S - A cs\u00f3t\u00e1nyok amennyiben optim\u00e1lis \u00e9letfelt\u00e9teleket tal\u00e1lnak, b\u00e1rhol megjelenhetnek \u00e9s elszaporodhatnak. Lak\u00e1sokban els\u0151sorban ...","robots":{"index":"index","follow":"follow","max-snippet":"max-snippet:-1","max-image-preview":"max-image-preview:large","max-video-preview":"max-video-preview:-1"},"canonical":"https:\/\/dezinpro.ro\/hu\/csotany\/","og_locale":"hu_HU","og_type":"article","og_title":"DEZINPRO PLUS - Rovarirt\u00e1s | Fert\u0151tlen\u00edt\u00e9s | R\u00e1gcs\u00e1l\u00f3irt\u00e1s","og_description":"ROVARIRT\u00c1S - A cs\u00f3t\u00e1nyok amennyiben optim\u00e1lis \u00e9letfelt\u00e9teleket tal\u00e1lnak, b\u00e1rhol megjelenhetnek \u00e9s elszaporodhatnak. Lak\u00e1sokban els\u0151sorban ...","og_url":"https:\/\/dezinpro.ro\/hu\/csotany\/","og_site_name":"DEZINPRO PLUS","article_modified_time":"2021-02-24T17:09:04+00:00","og_image":[{"url":"https:\/\/dezinpro.ro\/wp-content\/uploads\/2021\/02\/nemetcsotany-150x150.jpg"}],"twitter_card":"summary_large_image","twitter_misc":{"Est. reading time":"5 perc"},"schema":{"@context":"https:\/\/schema.org","@graph":[{"@type":"WebPage","@id":"https:\/\/dezinpro.ro\/csotany\/","url":"https:\/\/dezinpro.ro\/csotany\/","name":"DEZINPRO PLUS - Rovarirt\u00e1s | Fert\u0151tlen\u00edt\u00e9s | R\u00e1gcs\u00e1l\u00f3irt\u00e1s","isPartOf":{"@id":"https:\/\/dezinpro.ro\/hu\/#website"},"datePublished":"2021-02-12T20:45:12+00:00","dateModified":"2021-02-24T17:09:04+00:00","description":"ROVARIRT\u00c1S - A cs\u00f3t\u00e1nyok amennyiben optim\u00e1lis \u00e9letfelt\u00e9teleket tal\u00e1lnak, b\u00e1rhol megjelenhetnek \u00e9s elszaporodhatnak. Lak\u00e1sokban els\u0151sorban ...","breadcrumb":{"@id":"https:\/\/dezinpro.ro\/csotany\/#breadcrumb"},"inLanguage":"hu","potentialAction":[{"@type":"ReadAction","target":["https:\/\/dezinpro.ro\/csotany\/"]}]},{"@type":"BreadcrumbList","@id":"https:\/\/dezinpro.ro\/csotany\/#breadcrumb","itemListElement":[{"@type":"ListItem","position":1,"name":"Home","item":"https:\/\/dezinpro.ro\/hu\/"},{"@type":"ListItem","position":2,"name":"Csot\u00e1ny"}]},{"@type":"WebSite","@id":"https:\/\/dezinpro.ro\/hu\/#website","url":"https:\/\/dezinpro.ro\/hu\/","name":"DEZINPRO PLUS","description":"","publisher":{"@id":"https:\/\/dezinpro.ro\/hu\/#organization"},"potentialAction":[{"@type":"SearchAction","target":{"@type":"EntryPoint","urlTemplate":"https:\/\/dezinpro.ro\/hu\/?s={search_term_string}"},"query-input":"required name=search_term_string"}],"inLanguage":"hu"},{"@type":"Organization","@id":"https:\/\/dezinpro.ro\/hu\/#organization","name":"DEZINPRO PLUS SRL","url":"https:\/\/dezinpro.ro\/hu\/","logo":{"@type":"ImageObject","inLanguage":"hu","@id":"https:\/\/dezinpro.ro\/hu\/#\/schema\/logo\/image\/","url":"https:\/\/dezinpro.ro\/wp-content\/uploads\/2021\/01\/logo-without-text.svg","contentUrl":"https:\/\/dezinpro.ro\/wp-content\/uploads\/2021\/01\/logo-without-text.svg","width":1,"height":1,"caption":"DEZINPRO PLUS SRL"},"image":{"@id":"https:\/\/dezinpro.ro\/hu\/#\/schema\/logo\/image\/"}}]}},"_links":{"self":[{"href":"https:\/\/dezinpro.ro\/hu\/wp-json\/wp\/v2\/pages\/12876"}],"collection":[{"href":"https:\/\/dezinpro.ro\/hu\/wp-json\/wp\/v2\/pages"}],"about":[{"href":"https:\/\/dezinpro.ro\/hu\/wp-json\/wp\/v2\/types\/page"}],"author":[{"embeddable":true,"href":"https:\/\/dezinpro.ro\/hu\/wp-json\/wp\/v2\/users\/1"}],"replies":[{"embeddable":true,"href":"https:\/\/dezinpro.ro\/hu\/wp-json\/wp\/v2\/comments?post=12876"}],"version-history":[{"count":1,"href":"https:\/\/dezinpro.ro\/hu\/wp-json\/wp\/v2\/pages\/12876\/revisions"}],"predecessor-version":[{"id":13760,"href":"https:\/\/dezinpro.ro\/hu\/wp-json\/wp\/v2\/pages\/12876\/revisions\/13760"}],"wp:attachment":[{"href":"https:\/\/dezinpro.ro\/hu\/wp-json\/wp\/v2\/media?parent=12876"}],"curies":[{"name":"wp","href":"https:\/\/api.w.org\/{rel}","templated":true}]}}