{"id":12878,"date":"2021-02-12T20:45:36","date_gmt":"2021-02-12T20:45:36","guid":{"rendered":"https:\/\/dezinpro.ro\/?page_id=12878"},"modified":"2021-02-24T17:18:19","modified_gmt":"2021-02-24T17:18:19","slug":"hangya","status":"publish","type":"page","link":"https:\/\/dezinpro.ro\/hu\/hangya\/","title":{"rendered":"Hangya"},"content":{"rendered":"\t\t<div data-elementor-type=\"wp-page\" data-elementor-id=\"12878\" class=\"elementor elementor-12878\" data-elementor-settings=\"[]\">\n\t\t\t\t\t\t<div class=\"elementor-inner\">\n\t\t\t\t\t\t\t<div class=\"elementor-section-wrap\">\n\t\t\t\t\t\t\t<section class=\"elementor-section elementor-top-section elementor-element elementor-element-16ed84a elementor-section-full_width elementor-section-content-middle elementor-section-height-default elementor-section-height-default\" data-id=\"16ed84a\" data-element_type=\"section\">\n\t\t\t\t\t\t<div class=\"elementor-container elementor-column-gap-wide\">\n\t\t\t\t\t\t\t<div class=\"elementor-row\">\n\t\t\t\t\t<div class=\"elementor-column elementor-col-100 elementor-top-column elementor-element elementor-element-f35bc15\" data-id=\"f35bc15\" data-element_type=\"column\">\n\t\t\t<div class=\"elementor-column-wrap elementor-element-populated\">\n\t\t\t\t\t\t\t<div class=\"elementor-widget-wrap\">\n\t\t\t\t\t\t<div class=\"elementor-element elementor-element-be60d8b elementor-widget elementor-widget-rs-heading\" data-id=\"be60d8b\" data-element_type=\"widget\" data-widget_type=\"rs-heading.default\">\n\t\t\t\t<div class=\"elementor-widget-container\">\n\t\t\t        <div class=\"rs-heading style7  \">\r\n        \t<div class=\"title-inner\">\r\n        \t\t      \t\t\r\n\t            <span class=\"sub-text\">Rovar\u00edrt\u00e1s<\/span><h2 class=\"title\"><span class=\"watermark\"><\/span>Hangya<\/h2>\t        <\/div>\r\n\t                <\/div>\r\n\r\n        \t\t<\/div>\n\t\t\t\t<\/div>\n\t\t\t\t<div class=\"elementor-element elementor-element-85db7b9 elementor-widget elementor-widget-text-editor\" data-id=\"85db7b9\" data-element_type=\"widget\" data-widget_type=\"text-editor.default\">\n\t\t\t\t<div class=\"elementor-widget-container\">\n\t\t\t\t\t<div class=\"elementor-text-editor elementor-clearfix\"><p class=\"p1\">Kis termet\u0171, h\u00e1rty\u00e1s sz\u00e1rny\u00fa rovarok, testhosszuk igen gyakran csak 1-2 mm. Potrohuk a torral ny\u00e9len \u00e1t 1-2 b\u00fcty\u00f6kkel \u00edzes\u00fcl. Full\u00e1nkja csak kev\u00e9s fajnak van. Teljes \u00e1talakul\u00e1ssal fejl\u0151dnek. A l\u00e1rv\u00e1k beb\u00e1boz\u00f3d\u00e1skor t\u00f6bbnyire finom burokkal, \u00fan. kokonnal veszik k\u00f6r\u00fcl magukat. Ezeket szok\u00e1s t\u00e9vesen hangyatoj\u00e1snak nevezni.\nRejtett \u00e9letm\u00f3dot folytatnak, a helyis\u00e9gekben tal\u00e1lhat\u00f3 hangy\u00e1k mindig a dolgoz\u00f3k. A dolgoz\u00f3kat t\u00e1pl\u00e1lkoz\u00e1si szok\u00e1suk viszi a h\u00e1zakba \u00e9s a lak\u00e1sokba. Amennyiben ott gazdag t\u00e1pl\u00e1l\u00e9kforr\u00e1st (pl. cukrot, szirupot, vagy hasonl\u00f3 \u00e9des \u00e9lelmiszert stb.) tal\u00e1lnak ezt a t\u00f6bbiek tudom\u00e1s\u00e1ra hozz\u00e1k, melynek k\u00f6vetkezt\u00e9ben a t\u00e1pl\u00e1l\u00e9k \u00e9s a f\u00e9szek k\u00f6z\u00f6tt k\u00f6zlekedve viszonylag nagy t\u00f6megben jelenhetnek meg.<\/p>\n\n<div class=\"inline-block-figures\" style=\"text-align: center;\">\n<figure id=\"attachment_12936\" aria-describedby=\"caption-attachment-12936\" style=\"width: 300px\" class=\"wp-caption alignnone\"><img decoding=\"async\" loading=\"lazy\" class=\"wp-image-12936 size-medium\" style=\"display: inline-block;\" src=\"http:\/\/dezinpro.ro\/wp-content\/uploads\/2021\/02\/faraohangya-300x186.jpg\" alt=\"\" width=\"300\" height=\"186\" srcset=\"https:\/\/dezinpro.ro\/wp-content\/uploads\/2021\/02\/faraohangya-300x186.jpg 300w, https:\/\/dezinpro.ro\/wp-content\/uploads\/2021\/02\/faraohangya-1024x635.jpg 1024w, https:\/\/dezinpro.ro\/wp-content\/uploads\/2021\/02\/faraohangya-768x476.jpg 768w, https:\/\/dezinpro.ro\/wp-content\/uploads\/2021\/02\/faraohangya-1536x952.jpg 1536w, https:\/\/dezinpro.ro\/wp-content\/uploads\/2021\/02\/faraohangya-2048x1269.jpg 2048w, https:\/\/dezinpro.ro\/wp-content\/uploads\/2021\/02\/faraohangya-16x10.jpg 16w, https:\/\/dezinpro.ro\/wp-content\/uploads\/2021\/02\/faraohangya-255x157.jpg 255w\" sizes=\"(max-width: 300px) 100vw, 300px\" \/><figcaption id=\"caption-attachment-12936\" class=\"wp-caption-text\">F\u00e1ra\u00f3hangya<\/figcaption><\/figure>\n\n<figure id=\"attachment_12935\" aria-describedby=\"caption-attachment-12935\" style=\"width: 300px\" class=\"wp-caption aligncenter\"><img decoding=\"async\" loading=\"lazy\" class=\"wp-image-12935 size-medium\" style=\"display: inline-block;\" src=\"http:\/\/dezinpro.ro\/wp-content\/uploads\/2021\/02\/hazihangya-300x204.png\" alt=\"\" width=\"300\" height=\"204\" srcset=\"https:\/\/dezinpro.ro\/wp-content\/uploads\/2021\/02\/hazihangya-300x204.png 300w, https:\/\/dezinpro.ro\/wp-content\/uploads\/2021\/02\/hazihangya-16x12.png 16w, https:\/\/dezinpro.ro\/wp-content\/uploads\/2021\/02\/hazihangya.png 512w\" sizes=\"(max-width: 300px) 100vw, 300px\" \/><figcaption id=\"caption-attachment-12935\" class=\"wp-caption-text\">H\u00e1zi hangya<\/figcaption><\/figure>\n<\/div>\n<h5>Technol\u00f3gia<\/h5>\nA hangy\u00e1k \u00edrt\u00e1sa \u00e9rint\u0151m\u00e9reg, ill. g\u00e9l technol\u00f3gia egy\u00fcttes haszn\u00e1lat\u00e1val t\u00f6rt\u00e9nik.<\/div>\n\t\t\t\t<\/div>\n\t\t\t\t<\/div>\n\t\t\t\t<div class=\"elementor-element elementor-element-c5a373b elementor-widget elementor-widget-text-editor\" data-id=\"c5a373b\" data-element_type=\"widget\" data-widget_type=\"text-editor.default\">\n\t\t\t\t<div class=\"elementor-widget-container\">\n\t\t\t<style>.elementor-element-c5a373b{display:none !important}<\/style>\t\t<\/div>\n\t\t\t\t<\/div>\n\t\t\t\t\t\t<\/div>\n\t\t\t\t\t<\/div>\n\t\t<\/div>\n\t\t\t\t\t\t\t\t<\/div>\n\t\t\t\t\t<\/div>\n\t\t<\/section>\n\t\t\t\t\t\t<\/div>\n\t\t\t\t\t\t<\/div>\n\t\t\t\t\t<\/div>\n\t\t","protected":false},"excerpt":{"rendered":"<p>Rovar\u00edrt\u00e1s Hangya Kis termet\u0171, h\u00e1rty\u00e1s sz\u00e1rny\u00fa rovarok, testhosszuk igen gyakran csak 1-2 mm. Potrohuk a torral ny\u00e9len \u00e1t 1-2 b\u00fcty\u00f6kkel \u00edzes\u00fcl. Full\u00e1nkja csak kev\u00e9s fajnak van. Teljes \u00e1talakul\u00e1ssal fejl\u0151dnek. A l\u00e1rv\u00e1k beb\u00e1boz\u00f3d\u00e1skor t\u00f6bbnyire finom burokkal, \u00fan. kokonnal veszik k\u00f6r\u00fcl magukat. Ezeket szok\u00e1s t\u00e9vesen hangyatoj\u00e1snak nevezni. Rejtett \u00e9letm\u00f3dot folytatnak, a helyis\u00e9gekben tal\u00e1lhat\u00f3 hangy\u00e1k mindig a dolgoz\u00f3k&#8230;.<\/p>\n","protected":false},"author":1,"featured_media":0,"parent":0,"menu_order":0,"comment_status":"closed","ping_status":"closed","template":"","meta":{"footnotes":""},"yoast_head":"<!-- This site is optimized with the Yoast SEO plugin v21.5 - https:\/\/yoast.com\/wordpress\/plugins\/seo\/ -->\n<title>DEZINPRO PLUS - Rovarirt\u00e1s | Fert\u0151tlen\u00edt\u00e9s | R\u00e1gcs\u00e1l\u00f3irt\u00e1s<\/title>\n<meta name=\"description\" content=\"ROVARIRT\u00c1S - A hangy\u00e1k irt\u00e1sa \u00e9rint\u0151m\u00e9reg, ill. g\u00e9l technol\u00f3gia egy\u00fcttes haszn\u00e1lat\u00e1val t\u00f6rt\u00e9nik. Kis termet\u0171, h\u00e1rty\u00e1s sz\u00e1rny\u00fa rovarok, ...\" \/>\n<meta name=\"robots\" content=\"index, follow, max-snippet:-1, max-image-preview:large, max-video-preview:-1\" \/>\n<link rel=\"canonical\" href=\"https:\/\/dezinpro.ro\/hu\/hangya\/\" \/>\n<meta property=\"og:locale\" content=\"hu_HU\" \/>\n<meta property=\"og:type\" content=\"article\" \/>\n<meta property=\"og:title\" content=\"DEZINPRO PLUS - Rovarirt\u00e1s | Fert\u0151tlen\u00edt\u00e9s | R\u00e1gcs\u00e1l\u00f3irt\u00e1s\" \/>\n<meta property=\"og:description\" content=\"ROVARIRT\u00c1S - A hangy\u00e1k irt\u00e1sa \u00e9rint\u0151m\u00e9reg, ill. g\u00e9l technol\u00f3gia egy\u00fcttes haszn\u00e1lat\u00e1val t\u00f6rt\u00e9nik. Kis termet\u0171, h\u00e1rty\u00e1s sz\u00e1rny\u00fa rovarok, ...\" \/>\n<meta property=\"og:url\" content=\"https:\/\/dezinpro.ro\/hu\/hangya\/\" \/>\n<meta property=\"og:site_name\" content=\"DEZINPRO PLUS\" \/>\n<meta property=\"article:modified_time\" content=\"2021-02-24T17:18:19+00:00\" \/>\n<meta property=\"og:image\" content=\"https:\/\/dezinpro.ro\/wp-content\/uploads\/2021\/02\/faraohangya-300x186.jpg\" \/>\n<meta name=\"twitter:card\" content=\"summary_large_image\" \/>\n<meta name=\"twitter:label1\" content=\"Est. reading time\" \/>\n\t<meta name=\"twitter:data1\" content=\"4 perc\" \/>\n<script type=\"application\/ld+json\" class=\"yoast-schema-graph\">{\"@context\":\"https:\/\/schema.org\",\"@graph\":[{\"@type\":\"WebPage\",\"@id\":\"https:\/\/dezinpro.ro\/hangya\/\",\"url\":\"https:\/\/dezinpro.ro\/hangya\/\",\"name\":\"DEZINPRO PLUS - Rovarirt\u00e1s | Fert\u0151tlen\u00edt\u00e9s | R\u00e1gcs\u00e1l\u00f3irt\u00e1s\",\"isPartOf\":{\"@id\":\"https:\/\/dezinpro.ro\/hu\/#website\"},\"datePublished\":\"2021-02-12T20:45:36+00:00\",\"dateModified\":\"2021-02-24T17:18:19+00:00\",\"description\":\"ROVARIRT\u00c1S - A hangy\u00e1k irt\u00e1sa \u00e9rint\u0151m\u00e9reg, ill. g\u00e9l technol\u00f3gia egy\u00fcttes haszn\u00e1lat\u00e1val t\u00f6rt\u00e9nik. Kis termet\u0171, h\u00e1rty\u00e1s sz\u00e1rny\u00fa rovarok, ...\",\"breadcrumb\":{\"@id\":\"https:\/\/dezinpro.ro\/hangya\/#breadcrumb\"},\"inLanguage\":\"hu\",\"potentialAction\":[{\"@type\":\"ReadAction\",\"target\":[\"https:\/\/dezinpro.ro\/hangya\/\"]}]},{\"@type\":\"BreadcrumbList\",\"@id\":\"https:\/\/dezinpro.ro\/hangya\/#breadcrumb\",\"itemListElement\":[{\"@type\":\"ListItem\",\"position\":1,\"name\":\"Home\",\"item\":\"https:\/\/dezinpro.ro\/hu\/\"},{\"@type\":\"ListItem\",\"position\":2,\"name\":\"Hangya\"}]},{\"@type\":\"WebSite\",\"@id\":\"https:\/\/dezinpro.ro\/hu\/#website\",\"url\":\"https:\/\/dezinpro.ro\/hu\/\",\"name\":\"DEZINPRO PLUS\",\"description\":\"\",\"publisher\":{\"@id\":\"https:\/\/dezinpro.ro\/hu\/#organization\"},\"potentialAction\":[{\"@type\":\"SearchAction\",\"target\":{\"@type\":\"EntryPoint\",\"urlTemplate\":\"https:\/\/dezinpro.ro\/hu\/?s={search_term_string}\"},\"query-input\":\"required name=search_term_string\"}],\"inLanguage\":\"hu\"},{\"@type\":\"Organization\",\"@id\":\"https:\/\/dezinpro.ro\/hu\/#organization\",\"name\":\"DEZINPRO PLUS SRL\",\"url\":\"https:\/\/dezinpro.ro\/hu\/\",\"logo\":{\"@type\":\"ImageObject\",\"inLanguage\":\"hu\",\"@id\":\"https:\/\/dezinpro.ro\/hu\/#\/schema\/logo\/image\/\",\"url\":\"https:\/\/dezinpro.ro\/wp-content\/uploads\/2021\/01\/logo-without-text.svg\",\"contentUrl\":\"https:\/\/dezinpro.ro\/wp-content\/uploads\/2021\/01\/logo-without-text.svg\",\"width\":1,\"height\":1,\"caption\":\"DEZINPRO PLUS SRL\"},\"image\":{\"@id\":\"https:\/\/dezinpro.ro\/hu\/#\/schema\/logo\/image\/\"}}]}<\/script>\n<!-- \/ Yoast SEO plugin. -->","yoast_head_json":{"title":"DEZINPRO PLUS - Rovarirt\u00e1s | Fert\u0151tlen\u00edt\u00e9s | R\u00e1gcs\u00e1l\u00f3irt\u00e1s","description":"ROVARIRT\u00c1S - A hangy\u00e1k irt\u00e1sa \u00e9rint\u0151m\u00e9reg, ill. g\u00e9l technol\u00f3gia egy\u00fcttes haszn\u00e1lat\u00e1val t\u00f6rt\u00e9nik. Kis termet\u0171, h\u00e1rty\u00e1s sz\u00e1rny\u00fa rovarok, ...","robots":{"index":"index","follow":"follow","max-snippet":"max-snippet:-1","max-image-preview":"max-image-preview:large","max-video-preview":"max-video-preview:-1"},"canonical":"https:\/\/dezinpro.ro\/hu\/hangya\/","og_locale":"hu_HU","og_type":"article","og_title":"DEZINPRO PLUS - Rovarirt\u00e1s | Fert\u0151tlen\u00edt\u00e9s | R\u00e1gcs\u00e1l\u00f3irt\u00e1s","og_description":"ROVARIRT\u00c1S - A hangy\u00e1k irt\u00e1sa \u00e9rint\u0151m\u00e9reg, ill. g\u00e9l technol\u00f3gia egy\u00fcttes haszn\u00e1lat\u00e1val t\u00f6rt\u00e9nik. Kis termet\u0171, h\u00e1rty\u00e1s sz\u00e1rny\u00fa rovarok, ...","og_url":"https:\/\/dezinpro.ro\/hu\/hangya\/","og_site_name":"DEZINPRO PLUS","article_modified_time":"2021-02-24T17:18:19+00:00","og_image":[{"url":"https:\/\/dezinpro.ro\/wp-content\/uploads\/2021\/02\/faraohangya-300x186.jpg"}],"twitter_card":"summary_large_image","twitter_misc":{"Est. reading time":"4 perc"},"schema":{"@context":"https:\/\/schema.org","@graph":[{"@type":"WebPage","@id":"https:\/\/dezinpro.ro\/hangya\/","url":"https:\/\/dezinpro.ro\/hangya\/","name":"DEZINPRO PLUS - Rovarirt\u00e1s | Fert\u0151tlen\u00edt\u00e9s | R\u00e1gcs\u00e1l\u00f3irt\u00e1s","isPartOf":{"@id":"https:\/\/dezinpro.ro\/hu\/#website"},"datePublished":"2021-02-12T20:45:36+00:00","dateModified":"2021-02-24T17:18:19+00:00","description":"ROVARIRT\u00c1S - A hangy\u00e1k irt\u00e1sa \u00e9rint\u0151m\u00e9reg, ill. g\u00e9l technol\u00f3gia egy\u00fcttes haszn\u00e1lat\u00e1val t\u00f6rt\u00e9nik. Kis termet\u0171, h\u00e1rty\u00e1s sz\u00e1rny\u00fa rovarok, ...","breadcrumb":{"@id":"https:\/\/dezinpro.ro\/hangya\/#breadcrumb"},"inLanguage":"hu","potentialAction":[{"@type":"ReadAction","target":["https:\/\/dezinpro.ro\/hangya\/"]}]},{"@type":"BreadcrumbList","@id":"https:\/\/dezinpro.ro\/hangya\/#breadcrumb","itemListElement":[{"@type":"ListItem","position":1,"name":"Home","item":"https:\/\/dezinpro.ro\/hu\/"},{"@type":"ListItem","position":2,"name":"Hangya"}]},{"@type":"WebSite","@id":"https:\/\/dezinpro.ro\/hu\/#website","url":"https:\/\/dezinpro.ro\/hu\/","name":"DEZINPRO PLUS","description":"","publisher":{"@id":"https:\/\/dezinpro.ro\/hu\/#organization"},"potentialAction":[{"@type":"SearchAction","target":{"@type":"EntryPoint","urlTemplate":"https:\/\/dezinpro.ro\/hu\/?s={search_term_string}"},"query-input":"required name=search_term_string"}],"inLanguage":"hu"},{"@type":"Organization","@id":"https:\/\/dezinpro.ro\/hu\/#organization","name":"DEZINPRO PLUS SRL","url":"https:\/\/dezinpro.ro\/hu\/","logo":{"@type":"ImageObject","inLanguage":"hu","@id":"https:\/\/dezinpro.ro\/hu\/#\/schema\/logo\/image\/","url":"https:\/\/dezinpro.ro\/wp-content\/uploads\/2021\/01\/logo-without-text.svg","contentUrl":"https:\/\/dezinpro.ro\/wp-content\/uploads\/2021\/01\/logo-without-text.svg","width":1,"height":1,"caption":"DEZINPRO PLUS SRL"},"image":{"@id":"https:\/\/dezinpro.ro\/hu\/#\/schema\/logo\/image\/"}}]}},"_links":{"self":[{"href":"https:\/\/dezinpro.ro\/hu\/wp-json\/wp\/v2\/pages\/12878"}],"collection":[{"href":"https:\/\/dezinpro.ro\/hu\/wp-json\/wp\/v2\/pages"}],"about":[{"href":"https:\/\/dezinpro.ro\/hu\/wp-json\/wp\/v2\/types\/page"}],"author":[{"embeddable":true,"href":"https:\/\/dezinpro.ro\/hu\/wp-json\/wp\/v2\/users\/1"}],"replies":[{"embeddable":true,"href":"https:\/\/dezinpro.ro\/hu\/wp-json\/wp\/v2\/comments?post=12878"}],"version-history":[{"count":1,"href":"https:\/\/dezinpro.ro\/hu\/wp-json\/wp\/v2\/pages\/12878\/revisions"}],"predecessor-version":[{"id":13768,"href":"https:\/\/dezinpro.ro\/hu\/wp-json\/wp\/v2\/pages\/12878\/revisions\/13768"}],"wp:attachment":[{"href":"https:\/\/dezinpro.ro\/hu\/wp-json\/wp\/v2\/media?parent=12878"}],"curies":[{"name":"wp","href":"https:\/\/api.w.org\/{rel}","templated":true}]}}