{"id":12882,"date":"2021-02-12T20:47:14","date_gmt":"2021-02-12T20:47:14","guid":{"rendered":"https:\/\/dezinpro.ro\/?page_id=12882"},"modified":"2021-02-24T17:01:08","modified_gmt":"2021-02-24T17:01:08","slug":"bogar","status":"publish","type":"page","link":"https:\/\/dezinpro.ro\/hu\/bogar\/","title":{"rendered":"Bog\u00e1r-zsizsik"},"content":{"rendered":"\t\t<div data-elementor-type=\"wp-page\" data-elementor-id=\"12882\" class=\"elementor elementor-12882\" data-elementor-settings=\"[]\">\n\t\t\t\t\t\t<div class=\"elementor-inner\">\n\t\t\t\t\t\t\t<div class=\"elementor-section-wrap\">\n\t\t\t\t\t\t\t<section class=\"elementor-section elementor-top-section elementor-element elementor-element-18c1cb8 elementor-section-full_width elementor-section-content-middle elementor-section-height-default elementor-section-height-default\" data-id=\"18c1cb8\" data-element_type=\"section\">\n\t\t\t\t\t\t<div class=\"elementor-container elementor-column-gap-wide\">\n\t\t\t\t\t\t\t<div class=\"elementor-row\">\n\t\t\t\t\t<div class=\"elementor-column elementor-col-100 elementor-top-column elementor-element elementor-element-a5b79e9\" data-id=\"a5b79e9\" data-element_type=\"column\">\n\t\t\t<div class=\"elementor-column-wrap elementor-element-populated\">\n\t\t\t\t\t\t\t<div class=\"elementor-widget-wrap\">\n\t\t\t\t\t\t<div class=\"elementor-element elementor-element-912f1c5 elementor-widget elementor-widget-rs-heading\" data-id=\"912f1c5\" data-element_type=\"widget\" data-widget_type=\"rs-heading.default\">\n\t\t\t\t<div class=\"elementor-widget-container\">\n\t\t\t        <div class=\"rs-heading style7  \">\r\n        \t<div class=\"title-inner\">\r\n        \t\t      \t\t\r\n\t            <span class=\"sub-text\">Rovar\u00edrt\u00e1s<\/span><h2 class=\"title\"><span class=\"watermark\"><\/span>Bog\u00e1r-zsizsik<\/h2>\t        <\/div>\r\n\t                <\/div>\r\n\r\n        \t\t<\/div>\n\t\t\t\t<\/div>\n\t\t\t\t<div class=\"elementor-element elementor-element-28d1e83 elementor-widget elementor-widget-text-editor\" data-id=\"28d1e83\" data-element_type=\"widget\" data-widget_type=\"text-editor.default\">\n\t\t\t\t<div class=\"elementor-widget-container\">\n\t\t\t\t\t<div class=\"elementor-text-editor elementor-clearfix\"><p class=\"p1\">A <strong>bogarak<\/strong> (Coleoptera) nemcsak a rovarok, hanem az eg\u00e9sz \u00e1llatvil\u00e1g fajokban leggazdagabb rendje. K\u00e9t p\u00e1r sz\u00e1rnyuk van. Az el\u00fcls\u0151 sz\u00e1rnyak f\u0151 feladata, hogy a v\u00e9kony \u00e9s k\u00f6nnyen s\u00e9r\u00fcl\u0151 h\u00e1tuls\u00f3 sz\u00e1rnyakat, valamint a potrohot v\u00e9dik. A k\u00fcls\u0151 hat\u00e1sokt\u00f3l ez a kem\u00e9ny sz\u00e1rnyfed\u0151 jelent v\u00e9delmet, ez\u00e9rt sok faj k\u00e1rosod\u00e1s n\u00e9lk\u00fcl k\u00e9pes nagy sz\u00e1razs\u00e1got elviselni.<\/p><p class=\"p1\">Sz\u00e1jszerveik r\u00e1g\u00f3 t\u00edpus\u00faak, f\u0151 alkot\u00f3 elemeik az er\u0151s \u00e9s gyakran igen hegyes r\u00e1g\u00f3k, valamint a kisebb, tapogat\u00f3kat visel\u0151 \u00e1llkapcsok. Er\u0151s r\u00e1g\u00f3 sz\u00e1jszerveikkel a t\u00e1panyagokat sz\u00e9tmorzsolj\u00e1k.<span class=\"Apple-converted-space\"><br \/><\/span>Teljes \u00e1talakul\u00e1ssal fejl\u0151dnek. A pet\u00e9kb\u0151l kikelt l\u00e1rv\u00e1k teljes nagys\u00e1gukat t\u00f6bbsz\u00f6ri vedl\u00e9s ut\u00e1n \u00e9rik el. A l\u00e1rv\u00e1k rendszerint v\u00e9kony b\u0151r\u0171ek, puh\u00e1k, ez\u00e9rt a madaraknak, h\u00fcll\u0151knek \u00e9s m\u00e1s rovarev\u0151 \u00e1llatoknak kit\u0171n\u0151 t\u00e1pl\u00e1l\u00e9kai. Ez az oka annak, hogy a legt\u00f6bb faj l\u00e1rv\u00e1ja rejtett \u00e9letm\u00f3dot folytat. A l\u00e1rv\u00e1k k\u00fcl\u00f6nb\u00f6z\u0151 alak\u00faak lehetnek, a b\u00e1bok mindig \u201eszabad\u201d b\u00e1bok. Fejl\u0151d\u00e9s\u00fck lass\u00fa, 1-6 h\u00f3nap k\u00f6z\u00f6tt mozog, ez\u00e9rt nagym\u00e9rv\u0171 elszaporod\u00e1suk f\u0151leg ott lehets\u00e9ges, ahol hossz\u00fa ideig, t\u00f6bb mint 3 h\u00f3napig egy helyben t\u00e1rolt \u00e9lelmiszer, vagy term\u00e9ny van.<br \/>T\u00e1pl\u00e1lkoz\u00e1si m\u00f3djuk igen v\u00e1ltozatos, nagyobb r\u00e9sz\u00fck n\u00f6v\u00e9nyi anyagokon \u00e9l. Nem kis sz\u00e1mban akadnak k\u00f6zt\u00fck azonban mindenev\u0151k is, amelyek \u00e1llati \u00e9s n\u00f6v\u00e9nyi eredet\u0171 t\u00e1panyagokat egyar\u00e1nt elfogyasztanak, de saj\u00e1t holt t\u00e1rsaikkal is t\u00e1pl\u00e1lkoznak.<\/p><h5 class=\"p1\">Lisztbogarak<\/h5><p class=\"p1\"><img decoding=\"async\" loading=\"lazy\" class=\"size-medium wp-image-12993 alignright\" src=\"http:\/\/dezinpro.ro\/wp-content\/uploads\/2021\/02\/lisztbogar-300x158.jpg\" alt=\"\" width=\"300\" height=\"158\" srcset=\"https:\/\/dezinpro.ro\/wp-content\/uploads\/2021\/02\/lisztbogar-300x158.jpg 300w, https:\/\/dezinpro.ro\/wp-content\/uploads\/2021\/02\/lisztbogar-1024x539.jpg 1024w, https:\/\/dezinpro.ro\/wp-content\/uploads\/2021\/02\/lisztbogar-768x404.jpg 768w, https:\/\/dezinpro.ro\/wp-content\/uploads\/2021\/02\/lisztbogar-1536x808.jpg 1536w, https:\/\/dezinpro.ro\/wp-content\/uploads\/2021\/02\/lisztbogar-16x8.jpg 16w, https:\/\/dezinpro.ro\/wp-content\/uploads\/2021\/02\/lisztbogar-860x450.jpg 860w, https:\/\/dezinpro.ro\/wp-content\/uploads\/2021\/02\/lisztbogar.jpg 1900w\" sizes=\"(max-width: 300px) 100vw, 300px\" \/><strong>Leggyakrabban a kis lisztbog\u00e1r<\/strong> (Tribolium confusum) \u00e9s a <strong>nagy lisztbog\u00e1r<\/strong> (Tenebrio molitor), esetleg az <strong>apr\u00f3 lisztbog\u00e1r<\/strong> (Tribolium madens) fordul el\u0151. 3-17 mm nagys\u00e1g\u00faak, s\u00f6t\u00e9tbarna, vagy fekete sz\u00edn\u0171ek, megny\u00falt alak\u00faak.<\/p><p class=\"p1\">A n\u0151st\u00e9nyek \u00e9let\u00fckben t\u00f6bb sz\u00e1z pet\u00e9t raknak le a t\u00e1pl\u00e1l\u00e9kra, vagy annak csomagol\u00f3anyag\u00e1ra. Mivel naponta csak 10-15 pet\u00e9t helyeznek el, \u00edgy peterak\u00e1suk sok\u00e1ig elh\u00faz\u00f3dik. A pet\u00e9b\u0151l kikel\u0151 l\u00e1rva a \u201elisztkukac\u201d. T\u00f6megesen csak p\u00e1r\u00e1s k\u00f6rnyezetben (70-75% relat\u00edv p\u00e1ratartalom eset\u00e9n) \u00e9s melegben (23-25 \u00b0C h\u0151m\u00e9rs\u00e9kleten) szaporodnak el, els\u0151sorban ott, ahol kiss\u00e9 nyirkos \u00e9s dohos anyagokat t\u00e1rolnak. Gabonaf\u00e9l\u00e9kben, n\u00f6v\u00e9nyi \u0151rlem\u00e9nyekben, h\u00fcvelyes \u00e9s olajos magvakban fordulnak leggyakrabban el\u0151. A l\u00e1rva \u00e9s az im\u00e1g\u00f3 egyar\u00e1nt k\u00e1ros\u00edt.<br \/>Els\u0151sorban passz\u00edv \u00faton, a fert\u0151z\u00f6tt anyagokkal terjednek, de a z\u00e1rt t\u00e9rbe berep\u00fclhetnek.<\/p><h5 class=\"p1\">Gabonazsizsik\u00a0<\/h5><p class=\"p1\"><img decoding=\"async\" loading=\"lazy\" class=\"size-medium wp-image-12992 alignright\" src=\"http:\/\/dezinpro.ro\/wp-content\/uploads\/2021\/02\/gabonazsizsik-300x147.jpg\" alt=\"\" width=\"300\" height=\"147\" srcset=\"https:\/\/dezinpro.ro\/wp-content\/uploads\/2021\/02\/gabonazsizsik-300x147.jpg 300w, https:\/\/dezinpro.ro\/wp-content\/uploads\/2021\/02\/gabonazsizsik-16x8.jpg 16w, https:\/\/dezinpro.ro\/wp-content\/uploads\/2021\/02\/gabonazsizsik.jpg 350w\" sizes=\"(max-width: 300px) 100vw, 300px\" \/>3-3,5 mm hossz\u00fa, v\u00f6r\u00f6ses-barna, vagy fekete sz\u00edn\u0171, majdnem hengeres test\u0171 orm\u00e1nyos bog\u00e1r.<span class=\"Apple-converted-space\"><br \/><\/span>A n\u0151st\u00e9ny a gabona (b\u00faza, rozs, \u00e1rpa, rizs, kukorica, k\u00f6les) magj\u00e1n lyukat v\u00e1g, abba helyezi pet\u00e9j\u00e9t, majd a ny\u00edl\u00e1st gyorsan kem\u00e9nyed\u0151 v\u00e1lad\u00e9k\u00e1val lez\u00e1rja. A pet\u00e9b\u0151l kikel\u0151 l\u00e1rva a mag lisztes r\u00e9sz\u00e9t fogyasztva fejl\u0151dik, majd beb\u00e1boz\u00f3dik. Az im\u00e1g\u00f3 a magh\u00e9jon kereszt\u00fcl lyukat v\u00e1gva t\u00e1vozik.<br \/>A term\u00e9nyt\u00e1rol\u00f3k padl\u00f3- \u00e9s falreped\u00e9seiben, illetve a garmad\u00e1k alj\u00e1ban telel \u00e1t. Tavasszal akkor j\u00f6n el\u0151, amikor az \u00e1tlagh\u0151m\u00e9rs\u00e9klet t\u00f6bb napon \u00e1t el\u00e9ri a 10-12 \u00b0C-ot. A p\u00e1r\u00e1s, meleg k\u00f6rnyezet, a nagyobb, 15-16 % nedvess\u00e9gtartalm\u00fa gabona t\u00f6meges elszaporod\u00e1s\u00e1t el\u0151seg\u00edti. 10% nedvess\u00e9gtartalm\u00fa term\u00e9nyben elpusztul. Oxig\u00e9nig\u00e9nye minim\u00e1lis, ez\u00e9rt a garmad\u00e1k belsej\u00e9ben is meg\u00e9l. Az im\u00e1g\u00f3 \u00e9s a l\u00e1rva egyar\u00e1nt k\u00e1ros\u00edt, de a f\u0151 k\u00e1rt\u00e9telt a l\u00e1rva okozza. A fert\u0151z\u00f6tt k\u00e9szlet felmelegszik, megcsom\u00f3sodik, megdohosodik, keser\u0171 \u00edz\u0171v\u00e9 v\u00e1lik. Kiz\u00e1r\u00f3lag passz\u00edv \u00faton terjed.<\/p><h5 class=\"p1\">Babzsizsik<span class=\"Apple-converted-space\">\u00a0<\/span><\/h5><p class=\"p1\"><img decoding=\"async\" loading=\"lazy\" class=\"size-medium wp-image-12991 alignright\" src=\"http:\/\/dezinpro.ro\/wp-content\/uploads\/2021\/02\/babzsizsik-300x174.jpg\" alt=\"\" width=\"300\" height=\"174\" srcset=\"https:\/\/dezinpro.ro\/wp-content\/uploads\/2021\/02\/babzsizsik-300x174.jpg 300w, https:\/\/dezinpro.ro\/wp-content\/uploads\/2021\/02\/babzsizsik-1024x593.jpg 1024w, https:\/\/dezinpro.ro\/wp-content\/uploads\/2021\/02\/babzsizsik-768x445.jpg 768w, https:\/\/dezinpro.ro\/wp-content\/uploads\/2021\/02\/babzsizsik-16x9.jpg 16w, https:\/\/dezinpro.ro\/wp-content\/uploads\/2021\/02\/babzsizsik.jpg 1500w\" sizes=\"(max-width: 300px) 100vw, 300px\" \/>2-5 mm hossz\u00fa, s\u00f6t\u00e9t sz\u00edn\u0171, z\u00f6m\u00f6k test\u0171 rovar.<br \/>A n\u0151st\u00e9ny egyenk\u00e9nt rakja pet\u00e9it a babszemekre, vagy azok k\u00f6zvetlen k\u00f6zel\u00e9be, pl. a zs\u00e1kra. A kikel\u0151 l\u00e1rva a babszembe r\u00e1gja mag\u00e1t. A l\u00e1rvafejl\u0151d\u00e9s alatt a babszem \u00fcrege kisz\u00e9lesedik, majd az im\u00e1g\u00f3 a r\u00f6plyukon kereszt\u00fcl hagyja el a szemet. P\u00e1r\u00e1s meleget optim\u00e1lisan 80-90% relat\u00edv p\u00e1ratartalmat ig\u00e9nyl\u0151 faj.<br \/>Az im\u00e1g\u00f3 \u00e9s a l\u00e1rva egyar\u00e1nt k\u00e1ros\u00edt, de a f\u0151 k\u00e1rt\u00e9telt a l\u00e1rva okozza. Egy-egy k\u00e1ros\u00edtott babszemben ak\u00e1r 10 l\u00e1rva is el\u0151fordulhat. F\u0151leg a v\u00e9konyh\u00e9j\u00fa fajt\u00e1kban tal\u00e1lhat\u00f3 meg, de egy\u00e9b h\u00fcvelyes magvakban (pl. bors\u00f3ban. lencs\u00e9ben, sz\u00f3j\u00e1ban) is el\u0151fordulhat.<br \/>Kiz\u00e1r\u00f3lag passz\u00edv \u00faton terjed.<\/p><h5 class=\"p1\">Bors\u00f3zsizsik<\/h5><p class=\"p1\"><img decoding=\"async\" loading=\"lazy\" class=\"size-full wp-image-12979 alignright\" src=\"http:\/\/dezinpro.ro\/wp-content\/uploads\/2021\/02\/borsozsizsik.jpg\" alt=\"\" width=\"265\" height=\"174\" srcset=\"https:\/\/dezinpro.ro\/wp-content\/uploads\/2021\/02\/borsozsizsik.jpg 265w, https:\/\/dezinpro.ro\/wp-content\/uploads\/2021\/02\/borsozsizsik-16x12.jpg 16w\" sizes=\"(max-width: 265px) 100vw, 265px\" \/>4-6 mm nagys\u00e1g\u00fa, z\u00f6m\u00f6k test\u0171, toj\u00e1sdad alak\u00fa. Fekete alapsz\u00edn\u0171 test\u00e9t rozsdabarna pikkelysz\u0151r\u00f6k fedik feh\u00e9res foltokkal.<span class=\"Apple-converted-space\"><br \/><\/span>A megterm\u00e9keny\u00edtett n\u0151st\u00e9ny 130-170 borosty\u00e1ns\u00e1rga pet\u00e9t rak le \u00e9let\u00e9ben, amelyet zselatinszer\u0171 v\u00e1lad\u00e9kkal a bors\u00f3 h\u00fcvely\u00e9re ragaszt. A peterak\u00e1s k\u00e9t h\u00f3napig is elh\u00faz\u00f3dhat. A pet\u00e9b\u0151l a l\u00e1rva kb. egy h\u00e9t m\u00falva kel ki, \u00e9s a bors\u00f3 h\u00fcvely\u00e9n kereszt\u00fcl a magba hatol. A 4-6 mm hossz\u00fa, barna fej\u0171 r\u00e1ncos l\u00e1rva (kukac) a bors\u00f3szem belsej\u00e9ben tart\u00f3zkodik. Minden bors\u00f3szemben csak egy l\u00e1rva k\u00e9pes fejl\u0151dni. Az 5-6 h\u00e9tig tart\u00f3 l\u00e1rva\u00e1llapot alatt a l\u00e1rva a mag jelent\u0151s r\u00e9sz\u00e9t elfogyasztja. A kifejlett l\u00e1rva a mag h\u00e9j\u00e1t k\u00f6rben megv\u00e9kony\u00edtja, \u00e9s ezen az ablakon \u00e1t a \u201eb\u00e1bkamra\u201d \u00e1ttetszik. A b\u00e1b\u00e1llapot kb. 2 h\u00e9tig tart. A kifejlett rovar a b\u00e1bkamr\u00e1t csak akkor hagyja el, ha kitinv\u00e1za m\u00e1r megkem\u00e9nyedett, vagy a kedvez\u0151tlen k\u00f6r\u00fclm\u00e9nyek erre k\u00e9nyszer\u00edtik.<span class=\"Apple-converted-space\"><br \/><\/span>A rakt\u00e1rozott bors\u00f3ban, a bors\u00f3szalm\u00e1ban, a f\u00e1k k\u00e9rge alatt, a sz\u00e1raz avarban, vagy a magt\u00e1r reped\u00e9seiben, r\u00e9seiben telel \u00e1t. Telel\u0151hely\u00e9t k\u00f6zvetlen\u00fcl a bors\u00f3 vir\u00e1gz\u00e1sa el\u0151tt hagyja el, \u00e9s 16 C h\u0151m\u00e9rs\u00e9kleten, val\u00f3sz\u00edn\u0171leg a bors\u00f3vir\u00e1g illat\u00e1nak hat\u00e1s\u00e1ra rep\u00fclve keresi fel a bors\u00f3t\u00e1bl\u00e1kat. Az im\u00e1g\u00f3k sziromlev\u00e9llel, porz\u00f3val, sz\u00e1r- \u00e9s h\u00fcvelyr\u00e9szekkel t\u00e1pl\u00e1lkoznak.<span class=\"Apple-converted-space\"><br \/><\/span>Els\u0151sorban a bors\u00f3ban tal\u00e1lhat\u00f3, de a csillagf\u00fcrtben, a szegletes lednekben \u00e9s a csicseri bors\u00f3ban is kifejl\u0151dik. A fert\u0151z\u00f6tt z\u00f6ldbors\u00f3n a l\u00e1rva behatol\u00e1si hely\u00e9t egy ideig t\u0171sz\u00far\u00e1sszer\u0171 kis fekete lyuk, majd kis dudor jelzi. Az \u00e9rett bors\u00f3n a b\u00e1bkamra s\u00f6t\u00e9t folt alakj\u00e1ban t\u0171nik \u00e1t, amelyet \u201cablakos\u201d bors\u00f3nak neveznek. Az elhagyott magon 2-3 mm nagys\u00e1g\u00fa kerek kerek lyuk l\u00e1that\u00f3, ez a lyukas bors\u00f3.<br \/>A rakt\u00e1rakba passz\u00edv \u00faton ker\u00fcl be, a szabadban rep\u00fcl<\/p><\/div>\n\t\t\t\t<\/div>\n\t\t\t\t<\/div>\n\t\t\t\t<div class=\"elementor-element elementor-element-c10f477 elementor-widget elementor-widget-text-editor\" data-id=\"c10f477\" data-element_type=\"widget\" data-widget_type=\"text-editor.default\">\n\t\t\t\t<div class=\"elementor-widget-container\">\n\t\t\t<style>.elementor-element-c10f477{display:none !important}<\/style>\t\t<\/div>\n\t\t\t\t<\/div>\n\t\t\t\t\t\t<\/div>\n\t\t\t\t\t<\/div>\n\t\t<\/div>\n\t\t\t\t\t\t\t\t<\/div>\n\t\t\t\t\t<\/div>\n\t\t<\/section>\n\t\t\t\t\t\t<\/div>\n\t\t\t\t\t\t<\/div>\n\t\t\t\t\t<\/div>\n\t\t","protected":false},"excerpt":{"rendered":"<p>Rovar\u00edrt\u00e1s Bog\u00e1r-zsizsik A bogarak (Coleoptera) nemcsak a rovarok, hanem az eg\u00e9sz \u00e1llatvil\u00e1g fajokban leggazdagabb rendje. K\u00e9t p\u00e1r sz\u00e1rnyuk van. Az el\u00fcls\u0151 sz\u00e1rnyak f\u0151 feladata, hogy a v\u00e9kony \u00e9s k\u00f6nnyen s\u00e9r\u00fcl\u0151 h\u00e1tuls\u00f3 sz\u00e1rnyakat, valamint a potrohot v\u00e9dik. A k\u00fcls\u0151 hat\u00e1sokt\u00f3l ez a kem\u00e9ny sz\u00e1rnyfed\u0151 jelent v\u00e9delmet, ez\u00e9rt sok faj k\u00e1rosod\u00e1s n\u00e9lk\u00fcl k\u00e9pes nagy sz\u00e1razs\u00e1got elviselni. Sz\u00e1jszerveik&#8230;<\/p>\n","protected":false},"author":1,"featured_media":0,"parent":0,"menu_order":0,"comment_status":"closed","ping_status":"closed","template":"","meta":{"footnotes":""},"yoast_head":"<!-- This site is optimized with the Yoast SEO plugin v21.5 - https:\/\/yoast.com\/wordpress\/plugins\/seo\/ -->\n<title>DEZINPRO PLUS - Rovarirt\u00e1s | Fert\u0151tlen\u00edt\u00e9s | R\u00e1gcs\u00e1l\u00f3irt\u00e1s<\/title>\n<meta name=\"description\" content=\"ROVARIRT\u00c1S - A bogarak (Coleoptera) nemcsak a rovarok, hanem az eg\u00e9sz \u00e1llatvil\u00e1g fajokban leggazdagabb rendje.\" \/>\n<meta name=\"robots\" content=\"index, follow, max-snippet:-1, max-image-preview:large, max-video-preview:-1\" \/>\n<link rel=\"canonical\" href=\"https:\/\/dezinpro.ro\/hu\/bogar\/\" \/>\n<meta property=\"og:locale\" content=\"hu_HU\" \/>\n<meta property=\"og:type\" content=\"article\" \/>\n<meta property=\"og:title\" content=\"DEZINPRO PLUS - Rovarirt\u00e1s | Fert\u0151tlen\u00edt\u00e9s | R\u00e1gcs\u00e1l\u00f3irt\u00e1s\" \/>\n<meta property=\"og:description\" content=\"ROVARIRT\u00c1S - A bogarak (Coleoptera) nemcsak a rovarok, hanem az eg\u00e9sz \u00e1llatvil\u00e1g fajokban leggazdagabb rendje.\" \/>\n<meta property=\"og:url\" content=\"https:\/\/dezinpro.ro\/hu\/bogar\/\" \/>\n<meta property=\"og:site_name\" content=\"DEZINPRO PLUS\" \/>\n<meta property=\"article:modified_time\" content=\"2021-02-24T17:01:08+00:00\" \/>\n<meta property=\"og:image\" content=\"http:\/\/dezinpro.ro\/wp-content\/uploads\/2021\/02\/lisztbogar-300x158.jpg\" \/>\n<meta name=\"twitter:card\" content=\"summary_large_image\" \/>\n<meta name=\"twitter:label1\" content=\"Est. reading time\" \/>\n\t<meta name=\"twitter:data1\" content=\"7 perc\" \/>\n<script type=\"application\/ld+json\" class=\"yoast-schema-graph\">{\"@context\":\"https:\/\/schema.org\",\"@graph\":[{\"@type\":\"WebPage\",\"@id\":\"https:\/\/dezinpro.ro\/bogar\/\",\"url\":\"https:\/\/dezinpro.ro\/bogar\/\",\"name\":\"DEZINPRO PLUS - Rovarirt\u00e1s | Fert\u0151tlen\u00edt\u00e9s | R\u00e1gcs\u00e1l\u00f3irt\u00e1s\",\"isPartOf\":{\"@id\":\"https:\/\/dezinpro.ro\/hu\/#website\"},\"datePublished\":\"2021-02-12T20:47:14+00:00\",\"dateModified\":\"2021-02-24T17:01:08+00:00\",\"description\":\"ROVARIRT\u00c1S - A bogarak (Coleoptera) nemcsak a rovarok, hanem az eg\u00e9sz \u00e1llatvil\u00e1g fajokban leggazdagabb rendje.\",\"breadcrumb\":{\"@id\":\"https:\/\/dezinpro.ro\/bogar\/#breadcrumb\"},\"inLanguage\":\"hu\",\"potentialAction\":[{\"@type\":\"ReadAction\",\"target\":[\"https:\/\/dezinpro.ro\/bogar\/\"]}]},{\"@type\":\"BreadcrumbList\",\"@id\":\"https:\/\/dezinpro.ro\/bogar\/#breadcrumb\",\"itemListElement\":[{\"@type\":\"ListItem\",\"position\":1,\"name\":\"Home\",\"item\":\"https:\/\/dezinpro.ro\/hu\/\"},{\"@type\":\"ListItem\",\"position\":2,\"name\":\"Bog\u00e1r-zsizsik\"}]},{\"@type\":\"WebSite\",\"@id\":\"https:\/\/dezinpro.ro\/hu\/#website\",\"url\":\"https:\/\/dezinpro.ro\/hu\/\",\"name\":\"DEZINPRO PLUS\",\"description\":\"\",\"publisher\":{\"@id\":\"https:\/\/dezinpro.ro\/hu\/#organization\"},\"potentialAction\":[{\"@type\":\"SearchAction\",\"target\":{\"@type\":\"EntryPoint\",\"urlTemplate\":\"https:\/\/dezinpro.ro\/hu\/?s={search_term_string}\"},\"query-input\":\"required name=search_term_string\"}],\"inLanguage\":\"hu\"},{\"@type\":\"Organization\",\"@id\":\"https:\/\/dezinpro.ro\/hu\/#organization\",\"name\":\"DEZINPRO PLUS SRL\",\"url\":\"https:\/\/dezinpro.ro\/hu\/\",\"logo\":{\"@type\":\"ImageObject\",\"inLanguage\":\"hu\",\"@id\":\"https:\/\/dezinpro.ro\/hu\/#\/schema\/logo\/image\/\",\"url\":\"https:\/\/dezinpro.ro\/wp-content\/uploads\/2021\/01\/logo-without-text.svg\",\"contentUrl\":\"https:\/\/dezinpro.ro\/wp-content\/uploads\/2021\/01\/logo-without-text.svg\",\"width\":1,\"height\":1,\"caption\":\"DEZINPRO PLUS SRL\"},\"image\":{\"@id\":\"https:\/\/dezinpro.ro\/hu\/#\/schema\/logo\/image\/\"}}]}<\/script>\n<!-- \/ Yoast SEO plugin. -->","yoast_head_json":{"title":"DEZINPRO PLUS - Rovarirt\u00e1s | Fert\u0151tlen\u00edt\u00e9s | R\u00e1gcs\u00e1l\u00f3irt\u00e1s","description":"ROVARIRT\u00c1S - A bogarak (Coleoptera) nemcsak a rovarok, hanem az eg\u00e9sz \u00e1llatvil\u00e1g fajokban leggazdagabb rendje.","robots":{"index":"index","follow":"follow","max-snippet":"max-snippet:-1","max-image-preview":"max-image-preview:large","max-video-preview":"max-video-preview:-1"},"canonical":"https:\/\/dezinpro.ro\/hu\/bogar\/","og_locale":"hu_HU","og_type":"article","og_title":"DEZINPRO PLUS - Rovarirt\u00e1s | Fert\u0151tlen\u00edt\u00e9s | R\u00e1gcs\u00e1l\u00f3irt\u00e1s","og_description":"ROVARIRT\u00c1S - A bogarak (Coleoptera) nemcsak a rovarok, hanem az eg\u00e9sz \u00e1llatvil\u00e1g fajokban leggazdagabb rendje.","og_url":"https:\/\/dezinpro.ro\/hu\/bogar\/","og_site_name":"DEZINPRO PLUS","article_modified_time":"2021-02-24T17:01:08+00:00","og_image":[{"url":"http:\/\/dezinpro.ro\/wp-content\/uploads\/2021\/02\/lisztbogar-300x158.jpg"}],"twitter_card":"summary_large_image","twitter_misc":{"Est. reading time":"7 perc"},"schema":{"@context":"https:\/\/schema.org","@graph":[{"@type":"WebPage","@id":"https:\/\/dezinpro.ro\/bogar\/","url":"https:\/\/dezinpro.ro\/bogar\/","name":"DEZINPRO PLUS - Rovarirt\u00e1s | Fert\u0151tlen\u00edt\u00e9s | R\u00e1gcs\u00e1l\u00f3irt\u00e1s","isPartOf":{"@id":"https:\/\/dezinpro.ro\/hu\/#website"},"datePublished":"2021-02-12T20:47:14+00:00","dateModified":"2021-02-24T17:01:08+00:00","description":"ROVARIRT\u00c1S - A bogarak (Coleoptera) nemcsak a rovarok, hanem az eg\u00e9sz \u00e1llatvil\u00e1g fajokban leggazdagabb rendje.","breadcrumb":{"@id":"https:\/\/dezinpro.ro\/bogar\/#breadcrumb"},"inLanguage":"hu","potentialAction":[{"@type":"ReadAction","target":["https:\/\/dezinpro.ro\/bogar\/"]}]},{"@type":"BreadcrumbList","@id":"https:\/\/dezinpro.ro\/bogar\/#breadcrumb","itemListElement":[{"@type":"ListItem","position":1,"name":"Home","item":"https:\/\/dezinpro.ro\/hu\/"},{"@type":"ListItem","position":2,"name":"Bog\u00e1r-zsizsik"}]},{"@type":"WebSite","@id":"https:\/\/dezinpro.ro\/hu\/#website","url":"https:\/\/dezinpro.ro\/hu\/","name":"DEZINPRO PLUS","description":"","publisher":{"@id":"https:\/\/dezinpro.ro\/hu\/#organization"},"potentialAction":[{"@type":"SearchAction","target":{"@type":"EntryPoint","urlTemplate":"https:\/\/dezinpro.ro\/hu\/?s={search_term_string}"},"query-input":"required name=search_term_string"}],"inLanguage":"hu"},{"@type":"Organization","@id":"https:\/\/dezinpro.ro\/hu\/#organization","name":"DEZINPRO PLUS SRL","url":"https:\/\/dezinpro.ro\/hu\/","logo":{"@type":"ImageObject","inLanguage":"hu","@id":"https:\/\/dezinpro.ro\/hu\/#\/schema\/logo\/image\/","url":"https:\/\/dezinpro.ro\/wp-content\/uploads\/2021\/01\/logo-without-text.svg","contentUrl":"https:\/\/dezinpro.ro\/wp-content\/uploads\/2021\/01\/logo-without-text.svg","width":1,"height":1,"caption":"DEZINPRO PLUS SRL"},"image":{"@id":"https:\/\/dezinpro.ro\/hu\/#\/schema\/logo\/image\/"}}]}},"_links":{"self":[{"href":"https:\/\/dezinpro.ro\/hu\/wp-json\/wp\/v2\/pages\/12882"}],"collection":[{"href":"https:\/\/dezinpro.ro\/hu\/wp-json\/wp\/v2\/pages"}],"about":[{"href":"https:\/\/dezinpro.ro\/hu\/wp-json\/wp\/v2\/types\/page"}],"author":[{"embeddable":true,"href":"https:\/\/dezinpro.ro\/hu\/wp-json\/wp\/v2\/users\/1"}],"replies":[{"embeddable":true,"href":"https:\/\/dezinpro.ro\/hu\/wp-json\/wp\/v2\/comments?post=12882"}],"version-history":[{"count":13,"href":"https:\/\/dezinpro.ro\/hu\/wp-json\/wp\/v2\/pages\/12882\/revisions"}],"predecessor-version":[{"id":13758,"href":"https:\/\/dezinpro.ro\/hu\/wp-json\/wp\/v2\/pages\/12882\/revisions\/13758"}],"wp:attachment":[{"href":"https:\/\/dezinpro.ro\/hu\/wp-json\/wp\/v2\/media?parent=12882"}],"curies":[{"name":"wp","href":"https:\/\/api.w.org\/{rel}","templated":true}]}}