{"id":12888,"date":"2021-02-12T20:48:07","date_gmt":"2021-02-12T20:48:07","guid":{"rendered":"https:\/\/dezinpro.ro\/?page_id=12888"},"modified":"2021-02-24T17:21:45","modified_gmt":"2021-02-24T17:21:45","slug":"kullancs","status":"publish","type":"page","link":"https:\/\/dezinpro.ro\/hu\/kullancs\/","title":{"rendered":"Kullancs"},"content":{"rendered":"\t\t<div data-elementor-type=\"wp-page\" data-elementor-id=\"12888\" class=\"elementor elementor-12888\" data-elementor-settings=\"[]\">\n\t\t\t\t\t\t<div class=\"elementor-inner\">\n\t\t\t\t\t\t\t<div class=\"elementor-section-wrap\">\n\t\t\t\t\t\t\t<section class=\"elementor-section elementor-top-section elementor-element elementor-element-27b9871 elementor-section-full_width elementor-section-content-middle elementor-section-height-default elementor-section-height-default\" data-id=\"27b9871\" data-element_type=\"section\">\n\t\t\t\t\t\t<div class=\"elementor-container elementor-column-gap-wide\">\n\t\t\t\t\t\t\t<div class=\"elementor-row\">\n\t\t\t\t\t<div class=\"elementor-column elementor-col-100 elementor-top-column elementor-element elementor-element-8cadc93\" data-id=\"8cadc93\" data-element_type=\"column\">\n\t\t\t<div class=\"elementor-column-wrap elementor-element-populated\">\n\t\t\t\t\t\t\t<div class=\"elementor-widget-wrap\">\n\t\t\t\t\t\t<div class=\"elementor-element elementor-element-793645a elementor-widget elementor-widget-rs-heading\" data-id=\"793645a\" data-element_type=\"widget\" data-widget_type=\"rs-heading.default\">\n\t\t\t\t<div class=\"elementor-widget-container\">\n\t\t\t        <div class=\"rs-heading style7  \">\r\n        \t<div class=\"title-inner\">\r\n        \t\t      \t\t\r\n\t            <span class=\"sub-text\">Rovar\u00edrt\u00e1s<\/span><h2 class=\"title\"><span class=\"watermark\"><\/span>Kullancs<\/h2>\t        <\/div>\r\n\t                <\/div>\r\n\r\n        \t\t<\/div>\n\t\t\t\t<\/div>\n\t\t\t\t<div class=\"elementor-element elementor-element-c6b71c6 elementor-widget elementor-widget-text-editor\" data-id=\"c6b71c6\" data-element_type=\"widget\" data-widget_type=\"text-editor.default\">\n\t\t\t\t<div class=\"elementor-widget-container\">\n\t\t\t\t\t<div class=\"elementor-text-editor elementor-clearfix\"><figure id=\"attachment_13003\" aria-describedby=\"caption-attachment-13003\" style=\"width: 214px\" class=\"wp-caption alignright\"><img decoding=\"async\" loading=\"lazy\" class=\"size-full wp-image-13003\" src=\"http:\/\/dezinpro.ro\/wp-content\/uploads\/2021\/02\/kullancs.png\" alt=\"\" width=\"214\" height=\"267\" srcset=\"https:\/\/dezinpro.ro\/wp-content\/uploads\/2021\/02\/kullancs.png 214w, https:\/\/dezinpro.ro\/wp-content\/uploads\/2021\/02\/kullancs-10x12.png 10w\" sizes=\"(max-width: 214px) 100vw, 214px\" \/><figcaption id=\"caption-attachment-13003\" class=\"wp-caption-text\">Kullancs<\/figcaption><\/figure><p class=\"p1\">1-4 mm nagys\u00e1g\u00fa, lapos, toj\u00e1sdad alak\u00fa, v\u00e9rrel telesz\u00edvott \u00e1llapotban babszem nagys\u00e1g\u00fara megduzzad\u00f3, s\u00e1rg\u00e1sbarna sz\u00edn\u0171 p\u00f3kidom\u00fa. A l\u00e1rv\u00e1nak h\u00e1rom, az ezt k\u00f6veten kialakul\u00f3 saj\u00e1tos form\u00e1nak, az \u00fan. nimf\u00e1nak \u00e9s az im\u00e1g\u00f3nak n\u00e9gy-n\u00e9gy p\u00e1r l\u00e1ba van. <br \/>Kifejl\u00e9ssel fejl\u0151dik. A n\u0151st\u00e9ny 2-9 \u00e9vig tart\u00f3 \u00e9lete sor\u00e1n t\u00f6bb ezer pet\u00e9t rak, melyekb\u0151l a l\u00e1rv\u00e1k a h\u0151m\u00e9rs\u00e9klett\u0151l f\u00fcgg\u0151en 2-8 h\u00f3nap m\u00falva kelnek ki, majd valamilyen n\u00f6v\u00e9nyen v\u00e1rj\u00e1k, hogy kisebb eml\u0151s\u00f6k\u00f6n megkapaszkodva v\u00e9rt sz\u00edvjanak, amely kb. 1 h\u00e9tig tart. Minden fejl\u0151d\u00e9si st\u00e1dium \u00e1talakul\u00e1s\u00e1hoz v\u00e9rsz\u00edv\u00e1sra van sz\u00fcks\u00e9g. <br \/>A t\u00e1pl\u00e1lkoz\u00e1st\u00f3l f\u00fcgg\u0151en a fejl\u0151d\u00e9s teljes id\u0151tartama 2 h\u00f3nap-6 \u00e9v k\u00f6z\u00f6tt mozoghat, de \u00e1tlagosan 3 \u00e9v. <br \/>A h\u00e1zi\u00e1llatok, f\u00f6ld\u00f6n f\u00e9szkel\u0151 madarak, h\u00fcll\u0151k, vadon \u00e9l\u0151 eml\u0151s\u00f6k, valamint az ember v\u00e9r\u00e9t sz\u00edvja. Az aljn\u00f6v\u00e9nyzeten (f\u0171sz\u00e1lakon), a bokrok \u00e9s f\u00e1k levelein legfeljebb 1,5 m\u00e9ter magass\u00e1gban (!) h\u00e1ts\u00f3 l\u00e1baival megkapaszkodva, l\u00f3gva v\u00e1rja a t\u00e1pl\u00e1lkoz\u00e1si alkalmakat. A v\u00e9rt ad\u00f3 gazd\u00e1ra hang- \u00e9s szaginger hat\u00e1s\u00e1ra ejti r\u00e1 mag\u00e1t. Az emberre kapaszkodott kullancs a ruh\u00e1n, vagy a b\u0151r\u00f6n tov\u00e1bbm\u00e1szik, \u00e9s alkalmas helyet keresve (pl. t\u00e9rd- \u00e9s k\u00f6ny\u00f6khajlaton, felkar bels\u0151 fel\u00fclet\u00e9n, hason stb.) csak n\u00e9h\u00e1ny \u00f3ra ut\u00e1n kezd v\u00e9rt sz\u00edvni. V\u00e9rsz\u00edv\u00e1s ut\u00e1n a b\u0151rr\u0151l mag\u00e1t\u00f3l csak 3-8 nap m\u00falva esik le.<br \/>H\u0171v\u00f6s, nedves homokban t\u00e1pl\u00e1l\u00e9k n\u00e9lk\u00fcl 3-6 \u00e9vig is \u00e9letben marad, a fiatal alakok azonban az \u00e9hez\u00e9st csak kb. 1 \u00e9vig b\u00edrj\u00e1k.<br \/>Erd\u0151kben, erdei tiszt\u00e1sokon, bokros, boz\u00f3tos, nyirkos helyeken \u00e9l. Sz\u00e1raz id\u0151ben a nedves avar al\u00e1 h\u00faz\u00f3dik. Nagy sz\u00e1mban k\u00fcl\u00f6n\u00f6sen \u00e1prilis-m\u00e1jus-j\u00fanius \u00e9s szeptember h\u00f3napokban fordul el\u0151.<br \/>Az emberre es\u0151s, nyirkos id\u0151ben, t\u00f6bbnyire a kerti munka sor\u00e1n, vagy kir\u00e1ndul\u00e1s k\u00f6zben kapaszkodik fel. A kertekbe a h\u00e1zi\u00e1llatok, a f\u00f6ld\u00f6n f\u00e9szkel\u0151 madarak \u00e9s a vadon \u00e9l\u0151 kiseml\u0151s\u00f6k r\u00e9v\u00e9n ker\u00fcl be.<\/p><\/div>\n\t\t\t\t<\/div>\n\t\t\t\t<\/div>\n\t\t\t\t<div class=\"elementor-element elementor-element-45fa80a elementor-widget elementor-widget-text-editor\" data-id=\"45fa80a\" data-element_type=\"widget\" data-widget_type=\"text-editor.default\">\n\t\t\t\t<div class=\"elementor-widget-container\">\n\t\t\t<style>.elementor-element-45fa80a{display:none !important}<\/style>\t\t<\/div>\n\t\t\t\t<\/div>\n\t\t\t\t\t\t<\/div>\n\t\t\t\t\t<\/div>\n\t\t<\/div>\n\t\t\t\t\t\t\t\t<\/div>\n\t\t\t\t\t<\/div>\n\t\t<\/section>\n\t\t\t\t\t\t<\/div>\n\t\t\t\t\t\t<\/div>\n\t\t\t\t\t<\/div>\n\t\t","protected":false},"excerpt":{"rendered":"<p>Rovar\u00edrt\u00e1s Kullancs 1-4 mm nagys\u00e1g\u00fa, lapos, toj\u00e1sdad alak\u00fa, v\u00e9rrel telesz\u00edvott \u00e1llapotban babszem nagys\u00e1g\u00fara megduzzad\u00f3, s\u00e1rg\u00e1sbarna sz\u00edn\u0171 p\u00f3kidom\u00fa. A l\u00e1rv\u00e1nak h\u00e1rom, az ezt k\u00f6veten kialakul\u00f3 saj\u00e1tos form\u00e1nak, az \u00fan. nimf\u00e1nak \u00e9s az im\u00e1g\u00f3nak n\u00e9gy-n\u00e9gy p\u00e1r l\u00e1ba van. Kifejl\u00e9ssel fejl\u0151dik. A n\u0151st\u00e9ny 2-9 \u00e9vig tart\u00f3 \u00e9lete sor\u00e1n t\u00f6bb ezer pet\u00e9t rak, melyekb\u0151l a l\u00e1rv\u00e1k a h\u0151m\u00e9rs\u00e9klett\u0151l f\u00fcgg\u0151en&#8230;<\/p>\n","protected":false},"author":1,"featured_media":0,"parent":0,"menu_order":0,"comment_status":"closed","ping_status":"closed","template":"","meta":{"footnotes":""},"yoast_head":"<!-- This site is optimized with the Yoast SEO plugin v21.5 - https:\/\/yoast.com\/wordpress\/plugins\/seo\/ -->\n<title>DEZINPRO PLUS - Rovarirt\u00e1s | Fert\u0151tlen\u00edt\u00e9s | R\u00e1gcs\u00e1l\u00f3irt\u00e1s<\/title>\n<meta name=\"description\" content=\"ROVARIRT\u00c1S - 1-4 mm nagys\u00e1g\u00fa, lapos, toj\u00e1sdad alak\u00fa, v\u00e9rrel telesz\u00edvott \u00e1llapotban babszem nagys\u00e1g\u00fara megduzzad\u00f3, s\u00e1rg\u00e1sbarna sz\u00edn\u0171 p\u00f3kidom\u00fa.\" \/>\n<meta name=\"robots\" content=\"index, follow, max-snippet:-1, max-image-preview:large, max-video-preview:-1\" \/>\n<link rel=\"canonical\" href=\"https:\/\/dezinpro.ro\/hu\/kullancs\/\" \/>\n<meta property=\"og:locale\" content=\"hu_HU\" \/>\n<meta property=\"og:type\" content=\"article\" \/>\n<meta property=\"og:title\" content=\"DEZINPRO PLUS - Rovarirt\u00e1s | Fert\u0151tlen\u00edt\u00e9s | R\u00e1gcs\u00e1l\u00f3irt\u00e1s\" \/>\n<meta property=\"og:description\" content=\"ROVARIRT\u00c1S - 1-4 mm nagys\u00e1g\u00fa, lapos, toj\u00e1sdad alak\u00fa, v\u00e9rrel telesz\u00edvott \u00e1llapotban babszem nagys\u00e1g\u00fara megduzzad\u00f3, s\u00e1rg\u00e1sbarna sz\u00edn\u0171 p\u00f3kidom\u00fa.\" \/>\n<meta property=\"og:url\" content=\"https:\/\/dezinpro.ro\/hu\/kullancs\/\" \/>\n<meta property=\"og:site_name\" content=\"DEZINPRO PLUS\" \/>\n<meta property=\"article:modified_time\" content=\"2021-02-24T17:21:45+00:00\" \/>\n<meta property=\"og:image\" content=\"https:\/\/dezinpro.ro\/wp-content\/uploads\/2021\/02\/kullancs.png\" \/>\n<meta name=\"twitter:card\" content=\"summary_large_image\" \/>\n<meta name=\"twitter:label1\" content=\"Est. reading time\" \/>\n\t<meta name=\"twitter:data1\" content=\"4 perc\" \/>\n<script type=\"application\/ld+json\" class=\"yoast-schema-graph\">{\"@context\":\"https:\/\/schema.org\",\"@graph\":[{\"@type\":\"WebPage\",\"@id\":\"https:\/\/dezinpro.ro\/kullancs\/\",\"url\":\"https:\/\/dezinpro.ro\/kullancs\/\",\"name\":\"DEZINPRO PLUS - Rovarirt\u00e1s | Fert\u0151tlen\u00edt\u00e9s | R\u00e1gcs\u00e1l\u00f3irt\u00e1s\",\"isPartOf\":{\"@id\":\"https:\/\/dezinpro.ro\/hu\/#website\"},\"datePublished\":\"2021-02-12T20:48:07+00:00\",\"dateModified\":\"2021-02-24T17:21:45+00:00\",\"description\":\"ROVARIRT\u00c1S - 1-4 mm nagys\u00e1g\u00fa, lapos, toj\u00e1sdad alak\u00fa, v\u00e9rrel telesz\u00edvott \u00e1llapotban babszem nagys\u00e1g\u00fara megduzzad\u00f3, s\u00e1rg\u00e1sbarna sz\u00edn\u0171 p\u00f3kidom\u00fa.\",\"breadcrumb\":{\"@id\":\"https:\/\/dezinpro.ro\/kullancs\/#breadcrumb\"},\"inLanguage\":\"hu\",\"potentialAction\":[{\"@type\":\"ReadAction\",\"target\":[\"https:\/\/dezinpro.ro\/kullancs\/\"]}]},{\"@type\":\"BreadcrumbList\",\"@id\":\"https:\/\/dezinpro.ro\/kullancs\/#breadcrumb\",\"itemListElement\":[{\"@type\":\"ListItem\",\"position\":1,\"name\":\"Home\",\"item\":\"https:\/\/dezinpro.ro\/hu\/\"},{\"@type\":\"ListItem\",\"position\":2,\"name\":\"Kullancs\"}]},{\"@type\":\"WebSite\",\"@id\":\"https:\/\/dezinpro.ro\/hu\/#website\",\"url\":\"https:\/\/dezinpro.ro\/hu\/\",\"name\":\"DEZINPRO PLUS\",\"description\":\"\",\"publisher\":{\"@id\":\"https:\/\/dezinpro.ro\/hu\/#organization\"},\"potentialAction\":[{\"@type\":\"SearchAction\",\"target\":{\"@type\":\"EntryPoint\",\"urlTemplate\":\"https:\/\/dezinpro.ro\/hu\/?s={search_term_string}\"},\"query-input\":\"required name=search_term_string\"}],\"inLanguage\":\"hu\"},{\"@type\":\"Organization\",\"@id\":\"https:\/\/dezinpro.ro\/hu\/#organization\",\"name\":\"DEZINPRO PLUS SRL\",\"url\":\"https:\/\/dezinpro.ro\/hu\/\",\"logo\":{\"@type\":\"ImageObject\",\"inLanguage\":\"hu\",\"@id\":\"https:\/\/dezinpro.ro\/hu\/#\/schema\/logo\/image\/\",\"url\":\"https:\/\/dezinpro.ro\/wp-content\/uploads\/2021\/01\/logo-without-text.svg\",\"contentUrl\":\"https:\/\/dezinpro.ro\/wp-content\/uploads\/2021\/01\/logo-without-text.svg\",\"width\":1,\"height\":1,\"caption\":\"DEZINPRO PLUS SRL\"},\"image\":{\"@id\":\"https:\/\/dezinpro.ro\/hu\/#\/schema\/logo\/image\/\"}}]}<\/script>\n<!-- \/ Yoast SEO plugin. -->","yoast_head_json":{"title":"DEZINPRO PLUS - Rovarirt\u00e1s | Fert\u0151tlen\u00edt\u00e9s | R\u00e1gcs\u00e1l\u00f3irt\u00e1s","description":"ROVARIRT\u00c1S - 1-4 mm nagys\u00e1g\u00fa, lapos, toj\u00e1sdad alak\u00fa, v\u00e9rrel telesz\u00edvott \u00e1llapotban babszem nagys\u00e1g\u00fara megduzzad\u00f3, s\u00e1rg\u00e1sbarna sz\u00edn\u0171 p\u00f3kidom\u00fa.","robots":{"index":"index","follow":"follow","max-snippet":"max-snippet:-1","max-image-preview":"max-image-preview:large","max-video-preview":"max-video-preview:-1"},"canonical":"https:\/\/dezinpro.ro\/hu\/kullancs\/","og_locale":"hu_HU","og_type":"article","og_title":"DEZINPRO PLUS - Rovarirt\u00e1s | Fert\u0151tlen\u00edt\u00e9s | R\u00e1gcs\u00e1l\u00f3irt\u00e1s","og_description":"ROVARIRT\u00c1S - 1-4 mm nagys\u00e1g\u00fa, lapos, toj\u00e1sdad alak\u00fa, v\u00e9rrel telesz\u00edvott \u00e1llapotban babszem nagys\u00e1g\u00fara megduzzad\u00f3, s\u00e1rg\u00e1sbarna sz\u00edn\u0171 p\u00f3kidom\u00fa.","og_url":"https:\/\/dezinpro.ro\/hu\/kullancs\/","og_site_name":"DEZINPRO PLUS","article_modified_time":"2021-02-24T17:21:45+00:00","og_image":[{"url":"https:\/\/dezinpro.ro\/wp-content\/uploads\/2021\/02\/kullancs.png"}],"twitter_card":"summary_large_image","twitter_misc":{"Est. reading time":"4 perc"},"schema":{"@context":"https:\/\/schema.org","@graph":[{"@type":"WebPage","@id":"https:\/\/dezinpro.ro\/kullancs\/","url":"https:\/\/dezinpro.ro\/kullancs\/","name":"DEZINPRO PLUS - Rovarirt\u00e1s | Fert\u0151tlen\u00edt\u00e9s | R\u00e1gcs\u00e1l\u00f3irt\u00e1s","isPartOf":{"@id":"https:\/\/dezinpro.ro\/hu\/#website"},"datePublished":"2021-02-12T20:48:07+00:00","dateModified":"2021-02-24T17:21:45+00:00","description":"ROVARIRT\u00c1S - 1-4 mm nagys\u00e1g\u00fa, lapos, toj\u00e1sdad alak\u00fa, v\u00e9rrel telesz\u00edvott \u00e1llapotban babszem nagys\u00e1g\u00fara megduzzad\u00f3, s\u00e1rg\u00e1sbarna sz\u00edn\u0171 p\u00f3kidom\u00fa.","breadcrumb":{"@id":"https:\/\/dezinpro.ro\/kullancs\/#breadcrumb"},"inLanguage":"hu","potentialAction":[{"@type":"ReadAction","target":["https:\/\/dezinpro.ro\/kullancs\/"]}]},{"@type":"BreadcrumbList","@id":"https:\/\/dezinpro.ro\/kullancs\/#breadcrumb","itemListElement":[{"@type":"ListItem","position":1,"name":"Home","item":"https:\/\/dezinpro.ro\/hu\/"},{"@type":"ListItem","position":2,"name":"Kullancs"}]},{"@type":"WebSite","@id":"https:\/\/dezinpro.ro\/hu\/#website","url":"https:\/\/dezinpro.ro\/hu\/","name":"DEZINPRO PLUS","description":"","publisher":{"@id":"https:\/\/dezinpro.ro\/hu\/#organization"},"potentialAction":[{"@type":"SearchAction","target":{"@type":"EntryPoint","urlTemplate":"https:\/\/dezinpro.ro\/hu\/?s={search_term_string}"},"query-input":"required name=search_term_string"}],"inLanguage":"hu"},{"@type":"Organization","@id":"https:\/\/dezinpro.ro\/hu\/#organization","name":"DEZINPRO PLUS SRL","url":"https:\/\/dezinpro.ro\/hu\/","logo":{"@type":"ImageObject","inLanguage":"hu","@id":"https:\/\/dezinpro.ro\/hu\/#\/schema\/logo\/image\/","url":"https:\/\/dezinpro.ro\/wp-content\/uploads\/2021\/01\/logo-without-text.svg","contentUrl":"https:\/\/dezinpro.ro\/wp-content\/uploads\/2021\/01\/logo-without-text.svg","width":1,"height":1,"caption":"DEZINPRO PLUS SRL"},"image":{"@id":"https:\/\/dezinpro.ro\/hu\/#\/schema\/logo\/image\/"}}]}},"_links":{"self":[{"href":"https:\/\/dezinpro.ro\/hu\/wp-json\/wp\/v2\/pages\/12888"}],"collection":[{"href":"https:\/\/dezinpro.ro\/hu\/wp-json\/wp\/v2\/pages"}],"about":[{"href":"https:\/\/dezinpro.ro\/hu\/wp-json\/wp\/v2\/types\/page"}],"author":[{"embeddable":true,"href":"https:\/\/dezinpro.ro\/hu\/wp-json\/wp\/v2\/users\/1"}],"replies":[{"embeddable":true,"href":"https:\/\/dezinpro.ro\/hu\/wp-json\/wp\/v2\/comments?post=12888"}],"version-history":[{"count":1,"href":"https:\/\/dezinpro.ro\/hu\/wp-json\/wp\/v2\/pages\/12888\/revisions"}],"predecessor-version":[{"id":13771,"href":"https:\/\/dezinpro.ro\/hu\/wp-json\/wp\/v2\/pages\/12888\/revisions\/13771"}],"wp:attachment":[{"href":"https:\/\/dezinpro.ro\/hu\/wp-json\/wp\/v2\/media?parent=12888"}],"curies":[{"name":"wp","href":"https:\/\/api.w.org\/{rel}","templated":true}]}}