{"id":7387,"date":"2020-06-03T09:32:41","date_gmt":"2020-06-03T09:32:41","guid":{"rendered":"http:\/\/rstheme.com\/products\/wordpress\/reobiz\/?page_id=7387"},"modified":"2021-02-24T17:16:15","modified_gmt":"2021-02-24T17:16:15","slug":"gyik","status":"publish","type":"page","link":"https:\/\/dezinpro.ro\/hu\/gyik\/","title":{"rendered":"Gyakori k\u00e9rd\u00e9sek"},"content":{"rendered":"\t\t<div data-elementor-type=\"wp-page\" data-elementor-id=\"7387\" class=\"elementor elementor-7387\" data-elementor-settings=\"[]\">\n\t\t\t\t\t\t<div class=\"elementor-inner\">\n\t\t\t\t\t\t\t<div class=\"elementor-section-wrap\">\n\t\t\t\t\t\t\t<section class=\"elementor-section elementor-top-section elementor-element elementor-element-aca82b0 elementor-section-boxed elementor-section-height-default elementor-section-height-default\" data-id=\"aca82b0\" data-element_type=\"section\">\n\t\t\t\t\t\t<div class=\"elementor-container elementor-column-gap-default\">\n\t\t\t\t\t\t\t<div class=\"elementor-row\">\n\t\t\t\t\t<div class=\"elementor-column elementor-col-100 elementor-top-column elementor-element elementor-element-440584d faq-simple\" data-id=\"440584d\" data-element_type=\"column\">\n\t\t\t<div class=\"elementor-column-wrap elementor-element-populated\">\n\t\t\t\t\t\t\t<div class=\"elementor-widget-wrap\">\n\t\t\t\t\t\t<div class=\"elementor-element elementor-element-3c62ce0 elementor-widget elementor-widget-rs-heading\" data-id=\"3c62ce0\" data-element_type=\"widget\" data-widget_type=\"rs-heading.default\">\n\t\t\t\t<div class=\"elementor-widget-container\">\n\t\t\t        <div class=\"rs-heading style7  \">\r\n        \t<div class=\"title-inner\">\r\n        \t\t      \t\t\r\n\t            <span class=\"sub-text\">K\u00e9rd\u00e9sek<\/span><h2 class=\"title\"><span class=\"watermark\"><\/span>Gyakori k\u00e9rd\u00e9sek kliensekt\u0151l<\/h2>\t        <\/div>\r\n\t                    \t<div class=\"description\">\r\n            \t\t<p>N\u00e9h\u00e1ny gyakori k\u00e9rd\u00e9s klienseinkt\u0151l fel\u00e9nk. Amennyiben az \u00d6n k\u00e9rd\u00e9seire nem adnak v\u00e1laszt, akkor k\u00e9rj\u00fck vegye fel vel\u00fcnk a kapcsolatot.<\/p>            \t\t\r\n            \t<\/div>\r\n        \t        <\/div>\r\n\r\n        \t\t<\/div>\n\t\t\t\t<\/div>\n\t\t\t\t<div class=\"elementor-element elementor-element-5c25042 elementor-widget elementor-widget-accordion\" data-id=\"5c25042\" data-element_type=\"widget\" data-widget_type=\"accordion.default\">\n\t\t\t\t<div class=\"elementor-widget-container\">\n\t\t\t\t\t<div class=\"elementor-accordion\" role=\"tablist\">\n\t\t\t\t\t\t\t<div class=\"elementor-accordion-item\">\n\t\t\t\t\t<h4 id=\"elementor-tab-title-9661\" class=\"elementor-tab-title\" data-tab=\"1\" role=\"tab\" aria-controls=\"elementor-tab-content-9661\">\n\t\t\t\t\t\t\t\t\t\t\t\t\t<span class=\"elementor-accordion-icon elementor-accordion-icon-left\" aria-hidden=\"true\">\n\t\t\t\t\t\t\t\t\t\t\t\t\t\t\t<span class=\"elementor-accordion-icon-closed\"><i class=\"far fa-eye\"><\/i><\/span>\n\t\t\t\t\t\t\t\t<span class=\"elementor-accordion-icon-opened\"><i class=\"far fa-eye-slash\"><\/i><\/span>\n\t\t\t\t\t\t\t\t\t\t\t\t\t\t<\/span>\n\t\t\t\t\t\t\t\t\t\t\t\t<a class=\"elementor-accordion-title\" href=\"\">Rovar\u00edrt\u00e1s el\u0151tt mi a feladatunk?<\/a>\n\t\t\t\t\t<\/h4>\n\t\t\t\t\t<div id=\"elementor-tab-content-9661\" class=\"elementor-tab-content elementor-clearfix\" data-tab=\"1\" role=\"tabpanel\" aria-labelledby=\"elementor-tab-title-9661\"><ul><li dir=\"ltr\">A nyitott \u00e9lelmiszert bepakolni a kamr\u00e1ba vagy h\u0171t\u0151be.<\/li><li dir=\"ltr\">H\u00e1zi\u00e1llatokat kirakni a teraszra vagy elvinni otthonr\u00f3l.<\/li><li dir=\"ltr\">Halakat letakarni f\u00f3li\u00e1val \u00e9s 2 \u00f3r\u00e1t kikapcsolni a leveg\u0151berendez\u00e9st.<\/li><li dir=\"ltr\">F\u00faj\u00e1skor ne tart\u00f3zkodjon senki a h\u00e1zban \u00e9s 2 \u00f3r\u00e1n kereszt\u00fcl nem szabad bemenni a bef\u00fajt helyis\u00e9gbe.<\/li><li dir=\"ltr\">F\u00fcst\u00f6s beavatkoz\u00e1s eset\u00e9n minimum 5 \u00f3r\u00e1n \u00e1t nem szabad bemenni a f\u00fcsttel kezelt helyis\u00e9gbe.<\/li><\/ul><\/div>\n\t\t\t\t<\/div>\n\t\t\t\t\t\t\t<div class=\"elementor-accordion-item\">\n\t\t\t\t\t<h4 id=\"elementor-tab-title-9662\" class=\"elementor-tab-title\" data-tab=\"2\" role=\"tab\" aria-controls=\"elementor-tab-content-9662\">\n\t\t\t\t\t\t\t\t\t\t\t\t\t<span class=\"elementor-accordion-icon elementor-accordion-icon-left\" aria-hidden=\"true\">\n\t\t\t\t\t\t\t\t\t\t\t\t\t\t\t<span class=\"elementor-accordion-icon-closed\"><i class=\"far fa-eye\"><\/i><\/span>\n\t\t\t\t\t\t\t\t<span class=\"elementor-accordion-icon-opened\"><i class=\"far fa-eye-slash\"><\/i><\/span>\n\t\t\t\t\t\t\t\t\t\t\t\t\t\t<\/span>\n\t\t\t\t\t\t\t\t\t\t\t\t<a class=\"elementor-accordion-title\" href=\"\">Melyik a leghat\u00e9konyabb m\u00f3dszer a r\u00e1gcs\u00e1l\u00f3\u00edrt\u00e1sra?<\/a>\n\t\t\t\t\t<\/h4>\n\t\t\t\t\t<div id=\"elementor-tab-content-9662\" class=\"elementor-tab-content elementor-clearfix\" data-tab=\"2\" role=\"tabpanel\" aria-labelledby=\"elementor-tab-title-9662\"><p>Rendk\u00edv\u00fcl sok szempontot kell figyelembe vennie a szakembernek. A lak\u00e1s, a h\u00e1z adotts\u00e1gait, a k\u00f6rnyezetet, a k\u00f6zvetlen k\u00f6rnyezetben l\u00e9v\u0151 hullad\u00e9k t\u00e1rol\u00f3kat, szem\u00e9tledob\u00f3kat, a biztons\u00e1got, a h\u00e1zi\u00e1llatokat, a gyermekeket \u00e9s a hat\u00f3s\u00e1gi el\u0151\u00edr\u00e1sokat. Leghat\u00e9konyabb m\u00f3dszernek az etet\u0151\u00e1llom\u00e1sok kihelyez\u00e9s\u00e9t tartjuk. Az etet\u0151\u00e1llom\u00e1s er\u0151s attrakt\u00e1nssal bevont v\u00e9ralvad\u00e1sg\u00e1tl\u00f3 m\u00e9rgezett csal\u00e9tket tartalmaz.<\/p><\/div>\n\t\t\t\t<\/div>\n\t\t\t\t\t\t\t<div class=\"elementor-accordion-item\">\n\t\t\t\t\t<h4 id=\"elementor-tab-title-9663\" class=\"elementor-tab-title\" data-tab=\"3\" role=\"tab\" aria-controls=\"elementor-tab-content-9663\">\n\t\t\t\t\t\t\t\t\t\t\t\t\t<span class=\"elementor-accordion-icon elementor-accordion-icon-left\" aria-hidden=\"true\">\n\t\t\t\t\t\t\t\t\t\t\t\t\t\t\t<span class=\"elementor-accordion-icon-closed\"><i class=\"far fa-eye\"><\/i><\/span>\n\t\t\t\t\t\t\t\t<span class=\"elementor-accordion-icon-opened\"><i class=\"far fa-eye-slash\"><\/i><\/span>\n\t\t\t\t\t\t\t\t\t\t\t\t\t\t<\/span>\n\t\t\t\t\t\t\t\t\t\t\t\t<a class=\"elementor-accordion-title\" href=\"\">H\u00e1zi\u00e1llat mellet is biztons\u00e1gos eg\u00e9r\u00edrt\u00e1s \u00e9s a patk\u00e1ny\u00edrt\u00e1s?<\/a>\n\t\t\t\t\t<\/h4>\n\t\t\t\t\t<div id=\"elementor-tab-content-9663\" class=\"elementor-tab-content elementor-clearfix\" data-tab=\"3\" role=\"tabpanel\" aria-labelledby=\"elementor-tab-title-9663\"><p>Szakember \u00e1ltal elv\u00e9gzett szakszer\u0171 munka eset\u00e9n kiz\u00e1rhat\u00f3 a m\u00e9rgez\u00e9s. Az elhelyezett r\u00e1gcs\u00e1l\u00f3irt\u00f3 etet\u0151\u00e1llom\u00e1s rendk\u00edv\u00fcl massz\u00edv, id\u0151j\u00e1r\u00e1snak is ellen\u00e1ll\u00f3 m\u0171anyagb\u00f3l k\u00e9sz\u00fcl. Kulccsal z\u00e1rhat\u00f3, teh\u00e1t a h\u00e1zi\u00e1llatok mellett m\u00e9g gyermekek sem f\u00e9rhetnek hozz\u00e1. A r\u00e1gcs\u00e1l\u00f3irt\u00f3 szer sz\u00f3r\u00f3d\u00e1s mentes anyagb\u00f3l k\u00e9sz\u00fcl. A m\u00e9regb\u0151l val\u00f3 fogyaszt\u00e1st\u00f3l elpusztult patk\u00e1nyt vagy egeret h\u00e1zi\u00e1llataink nem eszik meg, enn\u00e9l sokkal okosabbak. Ide-oda viszik sz\u00e1jukban, csup\u00e1n csak j\u00e1tszanak vel\u00fck. De a kiv\u00e9telek er\u0151s\u00edtik a szab\u00e1lyt, ha m\u00e9gis elfogyasztj\u00e1k az elhullott \u00e1llatot, abb\u00f3l sem lehet baj. A m\u00e9reg ugyanis felsz\u00edv\u00f3dik az eg\u00e9r \u00e9s a patk\u00e1ny szervezet\u00e9ben \u00e9s szerkezete \u00e1talakul. Teh\u00e1t a professzion\u00e1lis r\u00e1gcs\u00e1l\u00f3irt\u00e1s nem vesz\u00e9lyes h\u00e1zi\u00e1llatainkra! Jelenl\u00e9t\u00fcket minden esetben figyelembe vessz\u00fck.<\/p><\/div>\n\t\t\t\t<\/div>\n\t\t\t\t\t\t\t<div class=\"elementor-accordion-item\">\n\t\t\t\t\t<h4 id=\"elementor-tab-title-9664\" class=\"elementor-tab-title\" data-tab=\"4\" role=\"tab\" aria-controls=\"elementor-tab-content-9664\">\n\t\t\t\t\t\t\t\t\t\t\t\t\t<span class=\"elementor-accordion-icon elementor-accordion-icon-left\" aria-hidden=\"true\">\n\t\t\t\t\t\t\t\t\t\t\t\t\t\t\t<span class=\"elementor-accordion-icon-closed\"><i class=\"far fa-eye\"><\/i><\/span>\n\t\t\t\t\t\t\t\t<span class=\"elementor-accordion-icon-opened\"><i class=\"far fa-eye-slash\"><\/i><\/span>\n\t\t\t\t\t\t\t\t\t\t\t\t\t\t<\/span>\n\t\t\t\t\t\t\t\t\t\t\t\t<a class=\"elementor-accordion-title\" href=\"\">Milyen m\u00f3dszerrel irtj\u00e1k a cs\u00f3t\u00e1nyokat?<\/a>\n\t\t\t\t\t<\/h4>\n\t\t\t\t\t<div id=\"elementor-tab-content-9664\" class=\"elementor-tab-content elementor-clearfix\" data-tab=\"4\" role=\"tabpanel\" aria-labelledby=\"elementor-tab-title-9664\"><div dir=\"ltr\">Szakember\u00fcnk munk\u00e1ja el\u0151tt mindig felm\u00e9ri a helysz\u00edn fert\u0151z\u00f6tts\u00e9g\u00e9t \u00e9s ez alapj\u00e1n \u00e1llap\u00edtja meg, hogy milyen m\u00f3dszert fog alkalmazni. Az \u00f6n lak\u00e1sa sz\u00e1m\u00e1ra legmegfelel\u0151bb irt\u00e1si m\u00f3dszert fogja alkalmazni.<\/div><\/div>\n\t\t\t\t<\/div>\n\t\t\t\t\t\t\t<div class=\"elementor-accordion-item\">\n\t\t\t\t\t<h4 id=\"elementor-tab-title-9665\" class=\"elementor-tab-title\" data-tab=\"5\" role=\"tab\" aria-controls=\"elementor-tab-content-9665\">\n\t\t\t\t\t\t\t\t\t\t\t\t\t<span class=\"elementor-accordion-icon elementor-accordion-icon-left\" aria-hidden=\"true\">\n\t\t\t\t\t\t\t\t\t\t\t\t\t\t\t<span class=\"elementor-accordion-icon-closed\"><i class=\"far fa-eye\"><\/i><\/span>\n\t\t\t\t\t\t\t\t<span class=\"elementor-accordion-icon-opened\"><i class=\"far fa-eye-slash\"><\/i><\/span>\n\t\t\t\t\t\t\t\t\t\t\t\t\t\t<\/span>\n\t\t\t\t\t\t\t\t\t\t\t\t<a class=\"elementor-accordion-title\" href=\"\">Mi\u00e9rt van cs\u00f3t\u00e1ny a lak\u00e1somban ha rendszeresen takar\u00edtok?<\/a>\n\t\t\t\t\t<\/h4>\n\t\t\t\t\t<div id=\"elementor-tab-content-9665\" class=\"elementor-tab-content elementor-clearfix\" data-tab=\"5\" role=\"tabpanel\" aria-labelledby=\"elementor-tab-title-9665\"><div dir=\"ltr\">\u00c1ltal\u00e1ban az \u00e9p\u00fclet m\u00e1r maga fert\u0151z\u00f6tt, \u00edgy a cs\u00f6veken, r\u00e9seken kereszt\u00fcl k\u00f6nnyen \u00e1tv\u00e1ndorolhatnak m\u00e1s lak\u00e1s\u00e1b\u00f3l az \u00f6n lak\u00e1s\u00e1ba. Nem csak ott jelenik meg a cs\u00f3t\u00e1ny, ahol kosz van, hanem ak\u00e1r a legtiszt\u00e1bb lak\u00e1sban is.<\/div><\/div>\n\t\t\t\t<\/div>\n\t\t\t\t\t\t\t<div class=\"elementor-accordion-item\">\n\t\t\t\t\t<h4 id=\"elementor-tab-title-9666\" class=\"elementor-tab-title\" data-tab=\"6\" role=\"tab\" aria-controls=\"elementor-tab-content-9666\">\n\t\t\t\t\t\t\t\t\t\t\t\t\t<span class=\"elementor-accordion-icon elementor-accordion-icon-left\" aria-hidden=\"true\">\n\t\t\t\t\t\t\t\t\t\t\t\t\t\t\t<span class=\"elementor-accordion-icon-closed\"><i class=\"far fa-eye\"><\/i><\/span>\n\t\t\t\t\t\t\t\t<span class=\"elementor-accordion-icon-opened\"><i class=\"far fa-eye-slash\"><\/i><\/span>\n\t\t\t\t\t\t\t\t\t\t\t\t\t\t<\/span>\n\t\t\t\t\t\t\t\t\t\t\t\t<a class=\"elementor-accordion-title\" href=\"\">Cs\u00f3t\u00e1ny\u00edrt\u00e1sn\u00e1l milyen el\u0151k\u00e9sz\u00fclet \u00e9s takar\u00edt\u00e1s sz\u00fcks\u00e9ges?<\/a>\n\t\t\t\t\t<\/h4>\n\t\t\t\t\t<div id=\"elementor-tab-content-9666\" class=\"elementor-tab-content elementor-clearfix\" data-tab=\"6\" role=\"tabpanel\" aria-labelledby=\"elementor-tab-title-9666\"><p>Cs\u00f3t\u00e1nyirt\u00e1s ut\u00e1n a takar\u00edt\u00e1s 3-6 napig nem lehets\u00e9ges, ezzel el\u0151seg\u00edtve az irt\u00f3szer hat\u00e1s\u00e1t. Ez\u00e9rt irt\u00e1s el\u0151tt mindenk\u00e9pp javasolt felporsz\u00edv\u00f3zni, felmosni \u00e9s rendet rakni. A b\u00fatorokat fontos a falt\u00f3l 10 cm-re elh\u00fazni, \u00edgy az irt\u00f3szer mindenhova eljut.<\/p><\/div>\n\t\t\t\t<\/div>\n\t\t\t\t\t\t\t<div class=\"elementor-accordion-item\">\n\t\t\t\t\t<h4 id=\"elementor-tab-title-9667\" class=\"elementor-tab-title\" data-tab=\"7\" role=\"tab\" aria-controls=\"elementor-tab-content-9667\">\n\t\t\t\t\t\t\t\t\t\t\t\t\t<span class=\"elementor-accordion-icon elementor-accordion-icon-left\" aria-hidden=\"true\">\n\t\t\t\t\t\t\t\t\t\t\t\t\t\t\t<span class=\"elementor-accordion-icon-closed\"><i class=\"far fa-eye\"><\/i><\/span>\n\t\t\t\t\t\t\t\t<span class=\"elementor-accordion-icon-opened\"><i class=\"far fa-eye-slash\"><\/i><\/span>\n\t\t\t\t\t\t\t\t\t\t\t\t\t\t<\/span>\n\t\t\t\t\t\t\t\t\t\t\t\t<a class=\"elementor-accordion-title\" href=\"\">Mi a dolgunk rovar\u00edrt\u00e1s el\u0151tt?<\/a>\n\t\t\t\t\t<\/h4>\n\t\t\t\t\t<div id=\"elementor-tab-content-9667\" class=\"elementor-tab-content elementor-clearfix\" data-tab=\"7\" role=\"tabpanel\" aria-labelledby=\"elementor-tab-title-9667\"><div dir=\"ltr\">Rovarirt\u00e1s el\u0151tt \u00e9rdemes kitakar\u00edtani \u00e9s rendet tenni a h\u00e1zban, ugyanis irt\u00e1sokt\u00f3l f\u00fcgg\u0151en v\u00e1ltoz\u00f3, de 2-6 napig ez nem lehets\u00e9ges. Ezenfel\u00fcl ki kell mosni egy \u00e1gynem\u0171 szettet \u00e9s azokat a ruh\u00e1kat 60 fokon, amit majd irt\u00e1s ut\u00e1n haszn\u00e1lunk.<\/div><\/div>\n\t\t\t\t<\/div>\n\t\t\t\t\t\t\t<div class=\"elementor-accordion-item\">\n\t\t\t\t\t<h4 id=\"elementor-tab-title-9668\" class=\"elementor-tab-title\" data-tab=\"8\" role=\"tab\" aria-controls=\"elementor-tab-content-9668\">\n\t\t\t\t\t\t\t\t\t\t\t\t\t<span class=\"elementor-accordion-icon elementor-accordion-icon-left\" aria-hidden=\"true\">\n\t\t\t\t\t\t\t\t\t\t\t\t\t\t\t<span class=\"elementor-accordion-icon-closed\"><i class=\"far fa-eye\"><\/i><\/span>\n\t\t\t\t\t\t\t\t<span class=\"elementor-accordion-icon-opened\"><i class=\"far fa-eye-slash\"><\/i><\/span>\n\t\t\t\t\t\t\t\t\t\t\t\t\t\t<\/span>\n\t\t\t\t\t\t\t\t\t\t\t\t<a class=\"elementor-accordion-title\" href=\"\">Szerz\u0151d\u00e9s k\u00f6t\u00e9s DDD szolg\u00e1ltat\u00e1sra jogi szem\u00e9lyeknek- Milyen dokumentumok sz\u00fcks\u00e9gesek?<\/a>\n\t\t\t\t\t<\/h4>\n\t\t\t\t\t<div id=\"elementor-tab-content-9668\" class=\"elementor-tab-content elementor-clearfix\" data-tab=\"8\" role=\"tabpanel\" aria-labelledby=\"elementor-tab-title-9668\"><ul><li class=\"p1\">v\u00e1llalat bejegyz\u00e9s\u00e9t igazol\u00f3 dokumentum<\/li><li class=\"p1\">munkapont, ha elt\u00e9r a sz\u00e9khely c\u00edm\u00e9t\u0151l<\/li><li class=\"p1\">k\u00f6r\u00fclbel\u00fcli n\u00e9gyzetm\u00e9ter a munkaponton<\/li><li class=\"p1\">telefonsz\u00e1m<\/li><li class=\"p1\">email c\u00edm<\/li><li class=\"p1\">adminisztr\u00e1tor neve<\/li><li class=\"p1\">tev\u00e9kenys\u00e9gi k\u00f6r ( \u00e9lelmiszer vagy nem \u00e9lelmiszer \u00fczlet)<\/li><\/ul><\/div>\n\t\t\t\t<\/div>\n\t\t\t\t\t<\/div>\n\t\t\t\t<\/div>\n\t\t\t\t<\/div>\n\t\t\t\t<div class=\"elementor-element elementor-element-cf2e01e elementor-widget elementor-widget-accordion\" data-id=\"cf2e01e\" data-element_type=\"widget\" data-widget_type=\"accordion.default\">\n\t\t\t\t<div class=\"elementor-widget-container\">\n\t\t\t<style>.elementor-element-cf2e01e{display:none !important}<\/style>\t\t<\/div>\n\t\t\t\t<\/div>\n\t\t\t\t\t\t<\/div>\n\t\t\t\t\t<\/div>\n\t\t<\/div>\n\t\t\t\t\t\t\t\t<\/div>\n\t\t\t\t\t<\/div>\n\t\t<\/section>\n\t\t\t\t\t\t<\/div>\n\t\t\t\t\t\t<\/div>\n\t\t\t\t\t<\/div>\n\t\t","protected":false},"excerpt":{"rendered":"<p>K\u00e9rd\u00e9sek Gyakori k\u00e9rd\u00e9sek kliensekt\u0151l N\u00e9h\u00e1ny gyakori k\u00e9rd\u00e9s klienseinkt\u0151l fel\u00e9nk. Amennyiben az \u00d6n k\u00e9rd\u00e9seire nem adnak v\u00e1laszt, akkor k\u00e9rj\u00fck vegye fel vel\u00fcnk a kapcsolatot. Rovar\u00edrt\u00e1s el\u0151tt mi a feladatunk? A nyitott \u00e9lelmiszert bepakolni a kamr\u00e1ba vagy h\u0171t\u0151be. H\u00e1zi\u00e1llatokat kirakni a teraszra vagy elvinni otthonr\u00f3l. Halakat letakarni f\u00f3li\u00e1val \u00e9s 2 \u00f3r\u00e1t kikapcsolni a leveg\u0151berendez\u00e9st. F\u00faj\u00e1skor ne tart\u00f3zkodjon&#8230;<\/p>\n","protected":false},"author":1,"featured_media":0,"parent":0,"menu_order":0,"comment_status":"closed","ping_status":"closed","template":"","meta":{"footnotes":""},"yoast_head":"<!-- This site is optimized with the Yoast SEO plugin v21.5 - https:\/\/yoast.com\/wordpress\/plugins\/seo\/ -->\n<title>DEZINPRO PLUS - Rovarirt\u00e1s | Fert\u0151tlen\u00edt\u00e9s | R\u00e1gcs\u00e1l\u00f3irt\u00e1s<\/title>\n<meta name=\"robots\" content=\"index, follow, max-snippet:-1, max-image-preview:large, max-video-preview:-1\" \/>\n<link rel=\"canonical\" href=\"https:\/\/dezinpro.ro\/hu\/gyik\/\" \/>\n<meta property=\"og:locale\" content=\"hu_HU\" \/>\n<meta property=\"og:type\" content=\"article\" \/>\n<meta property=\"og:title\" content=\"DEZINPRO PLUS - Rovarirt\u00e1s | Fert\u0151tlen\u00edt\u00e9s | R\u00e1gcs\u00e1l\u00f3irt\u00e1s\" \/>\n<meta property=\"og:description\" content=\"K\u00e9rd\u00e9sek Gyakori k\u00e9rd\u00e9sek kliensekt\u0151l N\u00e9h\u00e1ny gyakori k\u00e9rd\u00e9s klienseinkt\u0151l fel\u00e9nk. Amennyiben az \u00d6n k\u00e9rd\u00e9seire nem adnak v\u00e1laszt, akkor k\u00e9rj\u00fck vegye fel vel\u00fcnk a kapcsolatot. Rovar\u00edrt\u00e1s el\u0151tt mi a feladatunk? A nyitott \u00e9lelmiszert bepakolni a kamr\u00e1ba vagy h\u0171t\u0151be. H\u00e1zi\u00e1llatokat kirakni a teraszra vagy elvinni otthonr\u00f3l. Halakat letakarni f\u00f3li\u00e1val \u00e9s 2 \u00f3r\u00e1t kikapcsolni a leveg\u0151berendez\u00e9st. F\u00faj\u00e1skor ne tart\u00f3zkodjon...\" \/>\n<meta property=\"og:url\" content=\"https:\/\/dezinpro.ro\/hu\/gyik\/\" \/>\n<meta property=\"og:site_name\" content=\"DEZINPRO PLUS\" \/>\n<meta property=\"article:modified_time\" content=\"2021-02-24T17:16:15+00:00\" \/>\n<meta property=\"og:image\" content=\"https:\/\/dezinpro.ro\/wp-content\/uploads\/2021\/02\/fbpreview.png\" \/>\n\t<meta property=\"og:image:width\" content=\"1298\" \/>\n\t<meta property=\"og:image:height\" content=\"946\" \/>\n\t<meta property=\"og:image:type\" content=\"image\/png\" \/>\n<meta name=\"twitter:card\" content=\"summary_large_image\" \/>\n<meta name=\"twitter:label1\" content=\"Est. reading time\" \/>\n\t<meta name=\"twitter:data1\" content=\"4 perc\" \/>\n<script type=\"application\/ld+json\" class=\"yoast-schema-graph\">{\"@context\":\"https:\/\/schema.org\",\"@graph\":[{\"@type\":\"WebPage\",\"@id\":\"https:\/\/dezinpro.ro\/gyik\/\",\"url\":\"https:\/\/dezinpro.ro\/gyik\/\",\"name\":\"DEZINPRO PLUS - Rovarirt\u00e1s | Fert\u0151tlen\u00edt\u00e9s | R\u00e1gcs\u00e1l\u00f3irt\u00e1s\",\"isPartOf\":{\"@id\":\"https:\/\/dezinpro.ro\/hu\/#website\"},\"datePublished\":\"2020-06-03T09:32:41+00:00\",\"dateModified\":\"2021-02-24T17:16:15+00:00\",\"breadcrumb\":{\"@id\":\"https:\/\/dezinpro.ro\/gyik\/#breadcrumb\"},\"inLanguage\":\"hu\",\"potentialAction\":[{\"@type\":\"ReadAction\",\"target\":[\"https:\/\/dezinpro.ro\/gyik\/\"]}]},{\"@type\":\"BreadcrumbList\",\"@id\":\"https:\/\/dezinpro.ro\/gyik\/#breadcrumb\",\"itemListElement\":[{\"@type\":\"ListItem\",\"position\":1,\"name\":\"Home\",\"item\":\"https:\/\/dezinpro.ro\/hu\/\"},{\"@type\":\"ListItem\",\"position\":2,\"name\":\"Gyakori k\u00e9rd\u00e9sek\"}]},{\"@type\":\"WebSite\",\"@id\":\"https:\/\/dezinpro.ro\/hu\/#website\",\"url\":\"https:\/\/dezinpro.ro\/hu\/\",\"name\":\"DEZINPRO PLUS\",\"description\":\"\",\"publisher\":{\"@id\":\"https:\/\/dezinpro.ro\/hu\/#organization\"},\"potentialAction\":[{\"@type\":\"SearchAction\",\"target\":{\"@type\":\"EntryPoint\",\"urlTemplate\":\"https:\/\/dezinpro.ro\/hu\/?s={search_term_string}\"},\"query-input\":\"required name=search_term_string\"}],\"inLanguage\":\"hu\"},{\"@type\":\"Organization\",\"@id\":\"https:\/\/dezinpro.ro\/hu\/#organization\",\"name\":\"DEZINPRO PLUS SRL\",\"url\":\"https:\/\/dezinpro.ro\/hu\/\",\"logo\":{\"@type\":\"ImageObject\",\"inLanguage\":\"hu\",\"@id\":\"https:\/\/dezinpro.ro\/hu\/#\/schema\/logo\/image\/\",\"url\":\"https:\/\/dezinpro.ro\/wp-content\/uploads\/2021\/01\/logo-without-text.svg\",\"contentUrl\":\"https:\/\/dezinpro.ro\/wp-content\/uploads\/2021\/01\/logo-without-text.svg\",\"width\":1,\"height\":1,\"caption\":\"DEZINPRO PLUS SRL\"},\"image\":{\"@id\":\"https:\/\/dezinpro.ro\/hu\/#\/schema\/logo\/image\/\"}}]}<\/script>\n<!-- \/ Yoast SEO plugin. -->","yoast_head_json":{"title":"DEZINPRO PLUS - Rovarirt\u00e1s | Fert\u0151tlen\u00edt\u00e9s | R\u00e1gcs\u00e1l\u00f3irt\u00e1s","robots":{"index":"index","follow":"follow","max-snippet":"max-snippet:-1","max-image-preview":"max-image-preview:large","max-video-preview":"max-video-preview:-1"},"canonical":"https:\/\/dezinpro.ro\/hu\/gyik\/","og_locale":"hu_HU","og_type":"article","og_title":"DEZINPRO PLUS - Rovarirt\u00e1s | Fert\u0151tlen\u00edt\u00e9s | R\u00e1gcs\u00e1l\u00f3irt\u00e1s","og_description":"K\u00e9rd\u00e9sek Gyakori k\u00e9rd\u00e9sek kliensekt\u0151l N\u00e9h\u00e1ny gyakori k\u00e9rd\u00e9s klienseinkt\u0151l fel\u00e9nk. Amennyiben az \u00d6n k\u00e9rd\u00e9seire nem adnak v\u00e1laszt, akkor k\u00e9rj\u00fck vegye fel vel\u00fcnk a kapcsolatot. Rovar\u00edrt\u00e1s el\u0151tt mi a feladatunk? A nyitott \u00e9lelmiszert bepakolni a kamr\u00e1ba vagy h\u0171t\u0151be. H\u00e1zi\u00e1llatokat kirakni a teraszra vagy elvinni otthonr\u00f3l. Halakat letakarni f\u00f3li\u00e1val \u00e9s 2 \u00f3r\u00e1t kikapcsolni a leveg\u0151berendez\u00e9st. F\u00faj\u00e1skor ne tart\u00f3zkodjon...","og_url":"https:\/\/dezinpro.ro\/hu\/gyik\/","og_site_name":"DEZINPRO PLUS","article_modified_time":"2021-02-24T17:16:15+00:00","og_image":[{"width":1298,"height":946,"url":"https:\/\/dezinpro.ro\/wp-content\/uploads\/2021\/02\/fbpreview.png","type":"image\/png"}],"twitter_card":"summary_large_image","twitter_misc":{"Est. reading time":"4 perc"},"schema":{"@context":"https:\/\/schema.org","@graph":[{"@type":"WebPage","@id":"https:\/\/dezinpro.ro\/gyik\/","url":"https:\/\/dezinpro.ro\/gyik\/","name":"DEZINPRO PLUS - Rovarirt\u00e1s | Fert\u0151tlen\u00edt\u00e9s | R\u00e1gcs\u00e1l\u00f3irt\u00e1s","isPartOf":{"@id":"https:\/\/dezinpro.ro\/hu\/#website"},"datePublished":"2020-06-03T09:32:41+00:00","dateModified":"2021-02-24T17:16:15+00:00","breadcrumb":{"@id":"https:\/\/dezinpro.ro\/gyik\/#breadcrumb"},"inLanguage":"hu","potentialAction":[{"@type":"ReadAction","target":["https:\/\/dezinpro.ro\/gyik\/"]}]},{"@type":"BreadcrumbList","@id":"https:\/\/dezinpro.ro\/gyik\/#breadcrumb","itemListElement":[{"@type":"ListItem","position":1,"name":"Home","item":"https:\/\/dezinpro.ro\/hu\/"},{"@type":"ListItem","position":2,"name":"Gyakori k\u00e9rd\u00e9sek"}]},{"@type":"WebSite","@id":"https:\/\/dezinpro.ro\/hu\/#website","url":"https:\/\/dezinpro.ro\/hu\/","name":"DEZINPRO PLUS","description":"","publisher":{"@id":"https:\/\/dezinpro.ro\/hu\/#organization"},"potentialAction":[{"@type":"SearchAction","target":{"@type":"EntryPoint","urlTemplate":"https:\/\/dezinpro.ro\/hu\/?s={search_term_string}"},"query-input":"required name=search_term_string"}],"inLanguage":"hu"},{"@type":"Organization","@id":"https:\/\/dezinpro.ro\/hu\/#organization","name":"DEZINPRO PLUS SRL","url":"https:\/\/dezinpro.ro\/hu\/","logo":{"@type":"ImageObject","inLanguage":"hu","@id":"https:\/\/dezinpro.ro\/hu\/#\/schema\/logo\/image\/","url":"https:\/\/dezinpro.ro\/wp-content\/uploads\/2021\/01\/logo-without-text.svg","contentUrl":"https:\/\/dezinpro.ro\/wp-content\/uploads\/2021\/01\/logo-without-text.svg","width":1,"height":1,"caption":"DEZINPRO PLUS SRL"},"image":{"@id":"https:\/\/dezinpro.ro\/hu\/#\/schema\/logo\/image\/"}}]}},"_links":{"self":[{"href":"https:\/\/dezinpro.ro\/hu\/wp-json\/wp\/v2\/pages\/7387"}],"collection":[{"href":"https:\/\/dezinpro.ro\/hu\/wp-json\/wp\/v2\/pages"}],"about":[{"href":"https:\/\/dezinpro.ro\/hu\/wp-json\/wp\/v2\/types\/page"}],"author":[{"embeddable":true,"href":"https:\/\/dezinpro.ro\/hu\/wp-json\/wp\/v2\/users\/1"}],"replies":[{"embeddable":true,"href":"https:\/\/dezinpro.ro\/hu\/wp-json\/wp\/v2\/comments?post=7387"}],"version-history":[{"count":4,"href":"https:\/\/dezinpro.ro\/hu\/wp-json\/wp\/v2\/pages\/7387\/revisions"}],"predecessor-version":[{"id":13767,"href":"https:\/\/dezinpro.ro\/hu\/wp-json\/wp\/v2\/pages\/7387\/revisions\/13767"}],"wp:attachment":[{"href":"https:\/\/dezinpro.ro\/hu\/wp-json\/wp\/v2\/media?parent=7387"}],"curies":[{"name":"wp","href":"https:\/\/api.w.org\/{rel}","templated":true}]}}