{"id":12553,"date":"2021-01-30T13:22:34","date_gmt":"2021-01-30T13:22:34","guid":{"rendered":"https:\/\/dezinpro.ro\/?page_id=12553"},"modified":"2021-02-24T17:13:16","modified_gmt":"2021-02-24T17:13:16","slug":"fertotlenites","status":"publish","type":"page","link":"https:\/\/dezinpro.ro\/ro\/fertotlenites\/","title":{"rendered":"Dezinfec\u021bie"},"content":{"rendered":"<div data-elementor-type=\"wp-page\" data-elementor-id=\"12553\" class=\"elementor elementor-12553\" data-elementor-settings=\"[]\">\n\t\t\t\t\t\t<div class=\"elementor-inner\">\n\t\t\t\t\t\t\t<div class=\"elementor-section-wrap\">\n\t\t\t\t\t\t\t<section class=\"elementor-section elementor-top-section elementor-element elementor-element-9a24f7b elementor-section-full_width elementor-section-content-middle elementor-section-height-default elementor-section-height-default\" data-id=\"9a24f7b\" data-element_type=\"section\">\n\t\t\t\t\t\t<div class=\"elementor-container elementor-column-gap-wide\">\n\t\t\t\t\t\t\t<div class=\"elementor-row\">\n\t\t\t\t\t<div class=\"elementor-column elementor-col-100 elementor-top-column elementor-element elementor-element-184a0dd\" data-id=\"184a0dd\" data-element_type=\"column\">\n\t\t\t<div class=\"elementor-column-wrap elementor-element-populated\">\n\t\t\t\t\t\t\t<div class=\"elementor-widget-wrap\">\n\t\t\t\t\t\t<div class=\"elementor-element elementor-element-864e6a0 elementor-widget elementor-widget-rs-heading\" data-id=\"864e6a0\" data-element_type=\"widget\" data-widget_type=\"rs-heading.default\">\n\t\t\t\t<div class=\"elementor-widget-container\">\n\t\t\t        <div class=\"rs-heading style7\">\r\n        \t<div class=\"title-inner\">\r\n        \t\t      \t\t\r\n\t            <span class=\"sub-text\">Servicii<\/span><h2 class=\"title\"><span class=\"watermark\"><\/span>Dezinfec\u021bie<\/h2>\t        <\/div>\r\n\t                <\/div>\r\n\r\n        \t\t<\/div>\n\t\t\t\t<\/div>\n\t\t\t\t<div class=\"elementor-element elementor-element-15705d1 elementor-widget elementor-widget-text-editor\" data-id=\"15705d1\" data-element_type=\"widget\" data-widget_type=\"text-editor.default\">\n\t\t\t\t<div class=\"elementor-widget-container\">\n\t\t\t<style>.elementor-element-15705d1{display:none !important}<\/style>\t\t<\/div>\n\t\t\t\t<\/div>\n\t\t\t\t<div class=\"elementor-element elementor-element-864da3a elementor-widget elementor-widget-text-editor\" data-id=\"864da3a\" data-element_type=\"widget\" data-widget_type=\"text-editor.default\">\n\t\t\t\t<div class=\"elementor-widget-container\">\n\t\t\t\t\t<div class=\"elementor-text-editor elementor-clearfix\"><p class=\"p2\">Dezinfectia reprezinta procesul de eliminare a microbilor si a microorganismelor din aer, de pe obiecte, precum si din spatiu.\u00a0Acesta operatie este atat obligatorie, precum si extrem de importanta pentru unitatile publice, cat si pentru domeniile private: casa, apartament, curte, spatii de depozitare, scari de bloc, etc.<\/p>\n<p class=\"p2\">Dezinfectia este\u00a0o masura de protectie a muncii pentru a preveni infestarea personalului cu diferiti microbi si virusi. In anumite situatii, toate obiectele care intra in contact cu\u00a0omul bolnav trebuie dezinfectate: mobilier (Dezinfectie pat, Dezinfectia noptiere, etc), frigider, sistem de incalzire, carucioare, telefon, usi, ferestre, lenjerie, etc. Acest gen de situatii sunt cu preponderenta fregvente in\u00a0unitati sanitare (spitale, clinici, cabinete medicale, unitati de recuperare si tratament) si, de regula, implica si dezinfectia obiectelor folosite in scopuri medicinale.<\/p>\n<p class=\"p2\">Dezinfectia este suma operatiilor\u00a0prin care sunt distruse microorganismele patogene,\u00a0formele adulte si de rezistenta ale microbilor din aer, cu exceptia sporilor bacterieni. Practic, dezinfectia este metoda de decontaminare\u00a0prin care se urmareste distrugerea sau micsorarea numarului agentilor patogeni de pe diverse elemente, pana la o limita acceptabila la care prezenta acestora nu mai reprezinta un risc pentru producere a unei infectii.<\/p>\n<p class=\"p2\">Dezinfectia are si\u00a0un rol terapeutic pentru ca reprezinta\u00a0principala metoda de indepartare si distrugere a germenilor patogeni.<\/p>\n<p class=\"p2\">Dezinfectia se realizeaza prin metode fizice si chimice si este de mai multe feluri:<\/p>\n<ul class=\"ul1\">\n<li class=\"li2\">Dezinfectia preventiva sau profilactica care are drept scop distrugerea germenilor patogeni, care afecteaza sanatatea corpului uman si, in anumite situatii, a animalelor .<\/li>\n<li class=\"li2\">Dezinfectia terapeutica sau de combatere care are ca scop combaterea bolilor infectioase si eliminarea microbilor. Totodata, in acesta categorie se incardreaza si dezinfectia continua care vizeaza distrugerea germenilor din focare de infectie.<\/li>\n<li class=\"li2\">Dezinfectia terminala\/ totala sau radicala ce urmareste sterilizarea si distrugerea imediata a germenilor patogeni din incaperi unde s-a instalat un risc crescut de producere a unei infectii.<\/li>\n<\/ul>\n<p class=\"p2\">Urmarind o alta terminologie, procesul de dezinfectie este impartit pe 3 etaje\/ niveluri in functie de eficacitate, de timp si de concentratia substantelor utilizate:<\/p>\n<ul class=\"ul1\">\n<li class=\"li2\">Dezinfectie de nivel inalt sau \u201chigh level\u201d reprezinta solutiile care distrug\u00a0toti agentii microbieni, inclusiv sporii bacterieni.<\/li>\n<li class=\"li2\">Dezinfectie de nivel intermediar sau \u201cmedium level\u201d este acel tip de interventie care vizeaza disparitia microorganizmelor, insa cu exceptia sporilor.<\/li>\n<li class=\"li2\">Dezinfectie de nivel scazut sau \u201clow level\u201d face parte din categoria acelor solutii utilizate in anumite situatii in care concentratiile folosite\u00a0nu au efect pentru spori, micobacterii, ciupercii sau virusi.<\/li>\n<\/ul>\n<p class=\"p2\"><strong>S.C. Dezinpro Plus S.R.L<\/strong>. va ofera lucrari de Deratizare, Dezinsectie si Dezinfectie pentru unitati sanitare (spitale, clinici, cabinete medicale private sau de stat, unitati de recuperare si de tratament, spatii comerciale sau hale, banci si societati de leasing,\u00a0baruri, cinematografe sau sali de spectacol, deratizare vile, case sau apartamente,\u00a0deratizare scoli si gradinite, dezinfectie birouri, deratizare blocuri, Dezinfectie parcuri, curti interioare sau gradini, etc.\u00a0<\/p>\n<p class=\"p2\">Produsele utilizate\u00a0prezinta un spectru larg de actiune pentru diferiti agenti patogeni cu actiune bactericida, virucida, fungicida, sporicida, etc si nu sunt periculoase pentru oameni si\/ sau animale. Echipamentele sunt eficiente pentru orice tip de locatie si situatie.\u00a0Totodata, realizam servicii in conformitate cu normele impuse de Ministerul Mediului.<\/p><\/div>\n\t\t\t\t<\/div>\n\t\t\t\t<\/div>\n\t\t\t\t\t\t<\/div>\n\t\t\t\t\t<\/div>\n\t\t<\/div>\n\t\t\t\t\t\t\t\t<\/div>\n\t\t\t\t\t<\/div>\n\t\t<\/section>\n\t\t\t\t\t\t<\/div>\n\t\t\t\t\t\t<\/div>\n\t\t\t\t\t<\/div>","protected":false},"excerpt":{"rendered":"<p>Szolg\u00e1ltat\u00e1sok Fert\u0151tlen\u00edt\u00e9s Az \u00e9p\u00fclet fert\u0151tlen\u00edt\u00e9s sor\u00e1n felhaszn\u00e1lt fert\u0151tlen\u00edt\u0151szerek a k\u00f6rnyezet\u00e9ben fellelhet\u0151 k\u00e1ros mikr\u00f3b\u00e1kat semleges\u00edtik, teljes higi\u00e9ni\u00e1t garant\u00e1lva \u00d6nnek \u00e9s szeretteinek. A mikr\u00f3b\u00e1k szabad szemmel l\u00e1thatatlan par\u00e1nyi kis \u00e9l\u0151l\u00e9nyek, melyek n\u00e9lk\u00fcl\u00f6zhetetlenek az \u00e9lethez. Sz\u00e1mos hasznos mikr\u00f3ba van jelen k\u00f6rnyezet\u00fcnkben, melyek n\u00e9lk\u00fcl elk\u00e9pzelhetetlen az \u00e9let. Azonban a nem megfelel\u0151 higi\u00e9niai k\u00f6r\u00fclm\u00e9nyek k\u00f6z\u00f6tt megjelen\u0151 gomb\u00e1k, v\u00edrusok, bakt\u00e9riumok komoly&#8230;<\/p>","protected":false},"author":1,"featured_media":0,"parent":0,"menu_order":0,"comment_status":"closed","ping_status":"closed","template":"","meta":{"footnotes":""},"yoast_head":"<!-- This site is optimized with the Yoast SEO plugin v21.5 - https:\/\/yoast.com\/wordpress\/plugins\/seo\/ -->\n<title>DEZINPRO PLUS - Rovarirt\u00e1s | Fert\u0151tlen\u00edt\u00e9s | R\u00e1gcs\u00e1l\u00f3irt\u00e1s<\/title>\n<meta name=\"description\" content=\"Az \u00e9p\u00fclet fert\u0151tlen\u00edt\u00e9s sor\u00e1n felhaszn\u00e1lt fert\u0151tlen\u00edt\u0151szerek a k\u00f6rnyezet\u00e9ben fellelhet\u0151 k\u00e1ros mikr\u00f3b\u00e1kat semleges\u00edtik, teljes higi\u00e9ni\u00e1t ga...\" \/>\n<meta name=\"robots\" content=\"index, follow, max-snippet:-1, max-image-preview:large, max-video-preview:-1\" \/>\n<link rel=\"canonical\" href=\"https:\/\/dezinpro.ro\/ro\/fertotlenites\/\" \/>\n<meta property=\"og:locale\" content=\"ro_RO\" \/>\n<meta property=\"og:type\" content=\"article\" \/>\n<meta property=\"og:title\" content=\"DEZINPRO PLUS - Rovarirt\u00e1s | Fert\u0151tlen\u00edt\u00e9s | R\u00e1gcs\u00e1l\u00f3irt\u00e1s\" \/>\n<meta property=\"og:description\" content=\"Az \u00e9p\u00fclet fert\u0151tlen\u00edt\u00e9s sor\u00e1n felhaszn\u00e1lt fert\u0151tlen\u00edt\u0151szerek a k\u00f6rnyezet\u00e9ben fellelhet\u0151 k\u00e1ros mikr\u00f3b\u00e1kat semleges\u00edtik, teljes higi\u00e9ni\u00e1t ga...\" \/>\n<meta property=\"og:url\" content=\"https:\/\/dezinpro.ro\/ro\/fertotlenites\/\" \/>\n<meta property=\"og:site_name\" content=\"DEZINPRO PLUS\" \/>\n<meta property=\"article:modified_time\" content=\"2021-02-24T17:13:16+00:00\" \/>\n<meta property=\"og:image\" content=\"https:\/\/dezinpro.ro\/wp-content\/uploads\/2021\/02\/fbpreview.png\" \/>\n\t<meta property=\"og:image:width\" content=\"1298\" \/>\n\t<meta property=\"og:image:height\" content=\"946\" \/>\n\t<meta property=\"og:image:type\" content=\"image\/png\" \/>\n<meta name=\"twitter:card\" content=\"summary_large_image\" \/>\n<meta name=\"twitter:label1\" content=\"Est. reading time\" \/>\n\t<meta name=\"twitter:data1\" content=\"4 minute\" \/>\n<script type=\"application\/ld+json\" class=\"yoast-schema-graph\">{\"@context\":\"https:\/\/schema.org\",\"@graph\":[{\"@type\":\"WebPage\",\"@id\":\"https:\/\/dezinpro.ro\/fertotlenites\/\",\"url\":\"https:\/\/dezinpro.ro\/fertotlenites\/\",\"name\":\"DEZINPRO PLUS - Rovarirt\u00e1s | Fert\u0151tlen\u00edt\u00e9s | R\u00e1gcs\u00e1l\u00f3irt\u00e1s\",\"isPartOf\":{\"@id\":\"https:\/\/dezinpro.ro\/hu\/#website\"},\"datePublished\":\"2021-01-30T13:22:34+00:00\",\"dateModified\":\"2021-02-24T17:13:16+00:00\",\"description\":\"Az \u00e9p\u00fclet fert\u0151tlen\u00edt\u00e9s sor\u00e1n felhaszn\u00e1lt fert\u0151tlen\u00edt\u0151szerek a k\u00f6rnyezet\u00e9ben fellelhet\u0151 k\u00e1ros mikr\u00f3b\u00e1kat semleges\u00edtik, teljes higi\u00e9ni\u00e1t ga...\",\"breadcrumb\":{\"@id\":\"https:\/\/dezinpro.ro\/fertotlenites\/#breadcrumb\"},\"inLanguage\":\"ro-RO\",\"potentialAction\":[{\"@type\":\"ReadAction\",\"target\":[\"https:\/\/dezinpro.ro\/fertotlenites\/\"]}]},{\"@type\":\"BreadcrumbList\",\"@id\":\"https:\/\/dezinpro.ro\/fertotlenites\/#breadcrumb\",\"itemListElement\":[{\"@type\":\"ListItem\",\"position\":1,\"name\":\"Home\",\"item\":\"https:\/\/dezinpro.ro\/hu\/\"},{\"@type\":\"ListItem\",\"position\":2,\"name\":\"Fert\u0151tlen\u00edt\u00e9s\"}]},{\"@type\":\"WebSite\",\"@id\":\"https:\/\/dezinpro.ro\/hu\/#website\",\"url\":\"https:\/\/dezinpro.ro\/hu\/\",\"name\":\"DEZINPRO PLUS\",\"description\":\"\",\"publisher\":{\"@id\":\"https:\/\/dezinpro.ro\/hu\/#organization\"},\"potentialAction\":[{\"@type\":\"SearchAction\",\"target\":{\"@type\":\"EntryPoint\",\"urlTemplate\":\"https:\/\/dezinpro.ro\/hu\/?s={search_term_string}\"},\"query-input\":\"required name=search_term_string\"}],\"inLanguage\":\"ro-RO\"},{\"@type\":\"Organization\",\"@id\":\"https:\/\/dezinpro.ro\/hu\/#organization\",\"name\":\"DEZINPRO PLUS SRL\",\"url\":\"https:\/\/dezinpro.ro\/hu\/\",\"logo\":{\"@type\":\"ImageObject\",\"inLanguage\":\"ro-RO\",\"@id\":\"https:\/\/dezinpro.ro\/hu\/#\/schema\/logo\/image\/\",\"url\":\"https:\/\/dezinpro.ro\/wp-content\/uploads\/2021\/01\/logo-without-text.svg\",\"contentUrl\":\"https:\/\/dezinpro.ro\/wp-content\/uploads\/2021\/01\/logo-without-text.svg\",\"width\":1,\"height\":1,\"caption\":\"DEZINPRO PLUS SRL\"},\"image\":{\"@id\":\"https:\/\/dezinpro.ro\/hu\/#\/schema\/logo\/image\/\"}}]}<\/script>\n<!-- \/ Yoast SEO plugin. -->","yoast_head_json":{"title":"DEZINPRO PLUS - Rovarirt\u00e1s | Fert\u0151tlen\u00edt\u00e9s | R\u00e1gcs\u00e1l\u00f3irt\u00e1s","description":"Az \u00e9p\u00fclet fert\u0151tlen\u00edt\u00e9s sor\u00e1n felhaszn\u00e1lt fert\u0151tlen\u00edt\u0151szerek a k\u00f6rnyezet\u00e9ben fellelhet\u0151 k\u00e1ros mikr\u00f3b\u00e1kat semleges\u00edtik, teljes higi\u00e9ni\u00e1t ga...","robots":{"index":"index","follow":"follow","max-snippet":"max-snippet:-1","max-image-preview":"max-image-preview:large","max-video-preview":"max-video-preview:-1"},"canonical":"https:\/\/dezinpro.ro\/ro\/fertotlenites\/","og_locale":"ro_RO","og_type":"article","og_title":"DEZINPRO PLUS - Rovarirt\u00e1s | Fert\u0151tlen\u00edt\u00e9s | R\u00e1gcs\u00e1l\u00f3irt\u00e1s","og_description":"Az \u00e9p\u00fclet fert\u0151tlen\u00edt\u00e9s sor\u00e1n felhaszn\u00e1lt fert\u0151tlen\u00edt\u0151szerek a k\u00f6rnyezet\u00e9ben fellelhet\u0151 k\u00e1ros mikr\u00f3b\u00e1kat semleges\u00edtik, teljes higi\u00e9ni\u00e1t ga...","og_url":"https:\/\/dezinpro.ro\/ro\/fertotlenites\/","og_site_name":"DEZINPRO PLUS","article_modified_time":"2021-02-24T17:13:16+00:00","og_image":[{"width":1298,"height":946,"url":"https:\/\/dezinpro.ro\/wp-content\/uploads\/2021\/02\/fbpreview.png","type":"image\/png"}],"twitter_card":"summary_large_image","twitter_misc":{"Est. reading time":"4 minute"},"schema":{"@context":"https:\/\/schema.org","@graph":[{"@type":"WebPage","@id":"https:\/\/dezinpro.ro\/fertotlenites\/","url":"https:\/\/dezinpro.ro\/fertotlenites\/","name":"DEZINPRO PLUS - Rovarirt\u00e1s | Fert\u0151tlen\u00edt\u00e9s | R\u00e1gcs\u00e1l\u00f3irt\u00e1s","isPartOf":{"@id":"https:\/\/dezinpro.ro\/hu\/#website"},"datePublished":"2021-01-30T13:22:34+00:00","dateModified":"2021-02-24T17:13:16+00:00","description":"Az \u00e9p\u00fclet fert\u0151tlen\u00edt\u00e9s sor\u00e1n felhaszn\u00e1lt fert\u0151tlen\u00edt\u0151szerek a k\u00f6rnyezet\u00e9ben fellelhet\u0151 k\u00e1ros mikr\u00f3b\u00e1kat semleges\u00edtik, teljes higi\u00e9ni\u00e1t ga...","breadcrumb":{"@id":"https:\/\/dezinpro.ro\/fertotlenites\/#breadcrumb"},"inLanguage":"ro-RO","potentialAction":[{"@type":"ReadAction","target":["https:\/\/dezinpro.ro\/fertotlenites\/"]}]},{"@type":"BreadcrumbList","@id":"https:\/\/dezinpro.ro\/fertotlenites\/#breadcrumb","itemListElement":[{"@type":"ListItem","position":1,"name":"Home","item":"https:\/\/dezinpro.ro\/hu\/"},{"@type":"ListItem","position":2,"name":"Fert\u0151tlen\u00edt\u00e9s"}]},{"@type":"WebSite","@id":"https:\/\/dezinpro.ro\/hu\/#website","url":"https:\/\/dezinpro.ro\/hu\/","name":"DEZINPRO PLUS","description":"","publisher":{"@id":"https:\/\/dezinpro.ro\/hu\/#organization"},"potentialAction":[{"@type":"SearchAction","target":{"@type":"EntryPoint","urlTemplate":"https:\/\/dezinpro.ro\/hu\/?s={search_term_string}"},"query-input":"required name=search_term_string"}],"inLanguage":"ro-RO"},{"@type":"Organization","@id":"https:\/\/dezinpro.ro\/hu\/#organization","name":"DEZINPRO PLUS SRL","url":"https:\/\/dezinpro.ro\/hu\/","logo":{"@type":"ImageObject","inLanguage":"ro-RO","@id":"https:\/\/dezinpro.ro\/hu\/#\/schema\/logo\/image\/","url":"https:\/\/dezinpro.ro\/wp-content\/uploads\/2021\/01\/logo-without-text.svg","contentUrl":"https:\/\/dezinpro.ro\/wp-content\/uploads\/2021\/01\/logo-without-text.svg","width":1,"height":1,"caption":"DEZINPRO PLUS SRL"},"image":{"@id":"https:\/\/dezinpro.ro\/hu\/#\/schema\/logo\/image\/"}}]}},"_links":{"self":[{"href":"https:\/\/dezinpro.ro\/ro\/wp-json\/wp\/v2\/pages\/12553"}],"collection":[{"href":"https:\/\/dezinpro.ro\/ro\/wp-json\/wp\/v2\/pages"}],"about":[{"href":"https:\/\/dezinpro.ro\/ro\/wp-json\/wp\/v2\/types\/page"}],"author":[{"embeddable":true,"href":"https:\/\/dezinpro.ro\/ro\/wp-json\/wp\/v2\/users\/1"}],"replies":[{"embeddable":true,"href":"https:\/\/dezinpro.ro\/ro\/wp-json\/wp\/v2\/comments?post=12553"}],"version-history":[{"count":1,"href":"https:\/\/dezinpro.ro\/ro\/wp-json\/wp\/v2\/pages\/12553\/revisions"}],"predecessor-version":[{"id":13762,"href":"https:\/\/dezinpro.ro\/ro\/wp-json\/wp\/v2\/pages\/12553\/revisions\/13762"}],"wp:attachment":[{"href":"https:\/\/dezinpro.ro\/ro\/wp-json\/wp\/v2\/media?parent=12553"}],"curies":[{"name":"wp","href":"https:\/\/api.w.org\/{rel}","templated":true}]}}