{"id":12754,"date":"2021-02-10T18:29:22","date_gmt":"2021-02-10T18:29:22","guid":{"rendered":"https:\/\/dezinpro.ro\/?page_id=12754"},"modified":"2024-04-24T08:51:01","modified_gmt":"2024-04-24T08:51:01","slug":"jogszabalyok","status":"publish","type":"page","link":"https:\/\/dezinpro.ro\/ro\/jogszabalyok\/","title":{"rendered":"Legisla\u021bie"},"content":{"rendered":"<div data-elementor-type=\"wp-page\" data-elementor-id=\"12754\" class=\"elementor elementor-12754\" data-elementor-settings=\"[]\">\n\t\t\t\t\t\t<div class=\"elementor-inner\">\n\t\t\t\t\t\t\t<div class=\"elementor-section-wrap\">\n\t\t\t\t\t\t\t<section class=\"elementor-section elementor-top-section elementor-element elementor-element-e801935 elementor-section-full_width elementor-section-content-middle elementor-section-height-default elementor-section-height-default\" data-id=\"e801935\" data-element_type=\"section\">\n\t\t\t\t\t\t<div class=\"elementor-container elementor-column-gap-wide\">\n\t\t\t\t\t\t\t<div class=\"elementor-row\">\n\t\t\t\t\t<div class=\"elementor-column elementor-col-100 elementor-top-column elementor-element elementor-element-af6430e\" data-id=\"af6430e\" data-element_type=\"column\">\n\t\t\t<div class=\"elementor-column-wrap elementor-element-populated\">\n\t\t\t\t\t\t\t<div class=\"elementor-widget-wrap\">\n\t\t\t\t\t\t<div class=\"elementor-element elementor-element-b97473f elementor-widget elementor-widget-rs-heading\" data-id=\"b97473f\" data-element_type=\"widget\" data-widget_type=\"rs-heading.default\">\n\t\t\t\t<div class=\"elementor-widget-container\">\n\t\t\t        <div class=\"rs-heading style7\">\r\n        \t<div class=\"title-inner\">\r\n        \t\t      \t\t\r\n\t            <span class=\"sub-text\">Legisla\u021bie<\/span><h2 class=\"title\"><span class=\"watermark\"><\/span>Rom\u00e1niai k\u00e1rtev\u0151irt\u00e1si jogszab\u00e1lyok<\/h2>\t        <\/div>\r\n\t                <\/div>\r\n\r\n        \t\t<\/div>\n\t\t\t\t<\/div>\n\t\t\t\t<div class=\"elementor-element elementor-element-395b1e5 elementor-widget elementor-widget-text-editor\" data-id=\"395b1e5\" data-element_type=\"widget\" data-widget_type=\"text-editor.default\">\n\t\t\t\t<div class=\"elementor-widget-container\">\n\t\t\t\t\t<div class=\"elementor-text-editor elementor-clearfix\"><ul>\n<li>Legea nr. 3\/1978 privind asigurarea sanatatii publice; abrogata de Legea privind reforma in domeniul sanatatii: nr. 95\/2006 din data 28 mai 2006;<\/li>\n<li>Legea nr. 5\/1982 privind protectia plantelor cultivate, a padurilor si regimul pesticidelor; abrogata de Ordonanta nr. 41\/2007 din data 07 septembrie 2007, pentru comecializarea produselor de protectie a plantelor, precum si pentru modificarea si abrogarea unor acte normative din domeniul fitosanitare;<\/li>\n<li>Ordinul MS nr. 536\/1997 care prevede efectuarea lucrarilor de dezinsectie ori de cate ori este nevoie, dar nu la intervale mai mari de 3 luni, iar deratizarea se va face la nevoie (Ordinul MS nr. 536\/1997 este in vigoare);<\/li>\n<li>Legea nr. 100\/26.05.1998 privind asistenta de sanatate publica; abrogata de Lege nr. 95\/2006 din data 28 mai 2006 (Legea privind reforma in domeniul sanatatii);<\/li>\n<li>Legea nr. 344\/31.05.2002 privind stabilirea si sanctionarea contavenientilor la normele legale de igiena si sanatate publica: art.11 \u2013 este contraventie si se sanctioneaza cu amenda de la 2.000 RON la 8.000 RON, neefectuarea periodica, conform normelor de igiena, a dezinsectiei si deratizarii.<\/li>\n<li>Toate produsele folosite pentru efectuarea lucrarilor de Deratizare, Dezinsectie si Dezinfectie trebuie sa fie avizate de Autoritatea Nationala Sanitar-Veterinara si pentru Siguranta Alimentelor.<\/li>\n<\/ul><\/div>\n\t\t\t\t<\/div>\n\t\t\t\t<\/div>\n\t\t\t\t<div class=\"elementor-element elementor-element-55b13cf elementor-view-default elementor-position-top elementor-vertical-align-top elementor-widget elementor-widget-icon-box\" data-id=\"55b13cf\" data-element_type=\"widget\" data-widget_type=\"icon-box.default\">\n\t\t\t\t<div class=\"elementor-widget-container\">\n\t\t\t\t\t<div class=\"elementor-icon-box-wrapper\">\n\t\t\t\t\t\t<div class=\"elementor-icon-box-icon\">\n\t\t\t\t<a class=\"elementor-icon elementor-animation-\" href=\"https:\/\/dezinpro.ro\/wp-content\/uploads\/2024\/04\/Program_Prevenire_Reduce_Deseuri_2024_Auditul_Deseuri.pdf\" target=\"_blank\">\n\t\t\t\t<i aria-hidden=\"true\" class=\"far fa-file-pdf\"><\/i>\t\t\t\t<\/a>\n\t\t\t<\/div>\n\t\t\t\t\t\t<div class=\"elementor-icon-box-content\">\n\t\t\t\t<h4 class=\"elementor-icon-box-title\">\n\t\t\t\t\t<a href=\"https:\/\/dezinpro.ro\/wp-content\/uploads\/2024\/04\/Program_Prevenire_Reduce_Deseuri_2024_Auditul_Deseuri.pdf\" target=\"_blank\">PROGRAM DE PREVENIRE \u0218I REDUCERE DE\u0218EURI PT. ANUL 2024 PE BAZA AUDITULUI DE DE\u0218EURI <\/a>\n\t\t\t\t<\/h4>\n\t\t\t\t\t\t\t\t<p class=\"elementor-icon-box-description\">( Ap\u0103sa\u021bi pe elementul de mai sus pentru a accesa documentul. )<\/p>\n\t\t\t\t\t\t\t<\/div>\n\t\t<\/div>\n\t\t\t\t<\/div>\n\t\t\t\t<\/div>\n\t\t\t\t\t\t<\/div>\n\t\t\t\t\t<\/div>\n\t\t<\/div>\n\t\t\t\t\t\t\t\t<\/div>\n\t\t\t\t\t<\/div>\n\t\t<\/section>\n\t\t\t\t<section class=\"elementor-section elementor-top-section elementor-element elementor-element-c9add4e elementor-section-boxed elementor-section-height-default elementor-section-height-default\" data-id=\"c9add4e\" data-element_type=\"section\">\n\t\t\t\t\t\t<div class=\"elementor-container elementor-column-gap-default\">\n\t\t\t\t\t\t\t<div class=\"elementor-row\">\n\t\t\t\t\t<div class=\"elementor-column elementor-col-100 elementor-top-column elementor-element elementor-element-5870294\" data-id=\"5870294\" data-element_type=\"column\">\n\t\t\t<div class=\"elementor-column-wrap\">\n\t\t\t\t\t\t\t<div class=\"elementor-widget-wrap\">\n\t\t\t\t\t\t\t\t<\/div>\n\t\t\t\t\t<\/div>\n\t\t<\/div>\n\t\t\t\t\t\t\t\t<\/div>\n\t\t\t\t\t<\/div>\n\t\t<\/section>\n\t\t\t\t\t\t<\/div>\n\t\t\t\t\t\t<\/div>\n\t\t\t\t\t<\/div>","protected":false},"excerpt":{"rendered":"<p>Jogszab\u00e1lyok Rom\u00e1niai k\u00e1rtev\u0151irt\u00e1si jogszab\u00e1lyok Legea nr. 3\/1978 privind asigurarea sanatatii publice; abrogata de Legea privind reforma in domeniul sanatatii: nr. 95\/2006 din data 28 mai 2006; Legea nr. 5\/1982 privind protectia plantelor cultivate, a padurilor si regimul pesticidelor; abrogata de Ordonanta nr. 41\/2007 din data 07 septembrie 2007, pentru comecializarea produselor de protectie a plantelor,&#8230;<\/p>","protected":false},"author":1,"featured_media":0,"parent":0,"menu_order":0,"comment_status":"closed","ping_status":"closed","template":"","meta":{"footnotes":""},"yoast_head":"<!-- This site is optimized with the Yoast SEO plugin v21.5 - https:\/\/yoast.com\/wordpress\/plugins\/seo\/ -->\n<title>DEZINPRO PLUS - Rovarirt\u00e1s | Fert\u0151tlen\u00edt\u00e9s | R\u00e1gcs\u00e1l\u00f3irt\u00e1s<\/title>\n<meta name=\"robots\" content=\"index, follow, max-snippet:-1, max-image-preview:large, max-video-preview:-1\" \/>\n<link rel=\"canonical\" href=\"https:\/\/dezinpro.ro\/ro\/jogszabalyok\/\" \/>\n<meta property=\"og:locale\" content=\"ro_RO\" \/>\n<meta property=\"og:type\" content=\"article\" \/>\n<meta property=\"og:title\" content=\"DEZINPRO PLUS - Rovarirt\u00e1s | Fert\u0151tlen\u00edt\u00e9s | R\u00e1gcs\u00e1l\u00f3irt\u00e1s\" \/>\n<meta property=\"og:description\" content=\"Jogszab\u00e1lyok Rom\u00e1niai k\u00e1rtev\u0151irt\u00e1si jogszab\u00e1lyok Legea nr. 3\/1978 privind asigurarea sanatatii publice; abrogata de Legea privind reforma in domeniul sanatatii: nr. 95\/2006 din data 28 mai 2006; Legea nr. 5\/1982 privind protectia plantelor cultivate, a padurilor si regimul pesticidelor; abrogata de Ordonanta nr. 41\/2007 din data 07 septembrie 2007, pentru comecializarea produselor de protectie a plantelor,...\" \/>\n<meta property=\"og:url\" content=\"https:\/\/dezinpro.ro\/ro\/jogszabalyok\/\" \/>\n<meta property=\"og:site_name\" content=\"DEZINPRO PLUS\" \/>\n<meta property=\"article:modified_time\" content=\"2024-04-24T08:51:01+00:00\" \/>\n<meta property=\"og:image\" content=\"https:\/\/dezinpro.ro\/wp-content\/uploads\/2021\/02\/fbpreview.png\" \/>\n\t<meta property=\"og:image:width\" content=\"1298\" \/>\n\t<meta property=\"og:image:height\" content=\"946\" \/>\n\t<meta property=\"og:image:type\" content=\"image\/png\" \/>\n<meta name=\"twitter:card\" content=\"summary_large_image\" \/>\n<meta name=\"twitter:label1\" content=\"Est. reading time\" \/>\n\t<meta name=\"twitter:data1\" content=\"1 minut\" \/>\n<script type=\"application\/ld+json\" class=\"yoast-schema-graph\">{\"@context\":\"https:\/\/schema.org\",\"@graph\":[{\"@type\":\"WebPage\",\"@id\":\"https:\/\/dezinpro.ro\/jogszabalyok\/\",\"url\":\"https:\/\/dezinpro.ro\/jogszabalyok\/\",\"name\":\"DEZINPRO PLUS - Rovarirt\u00e1s | Fert\u0151tlen\u00edt\u00e9s | R\u00e1gcs\u00e1l\u00f3irt\u00e1s\",\"isPartOf\":{\"@id\":\"https:\/\/dezinpro.ro\/hu\/#website\"},\"datePublished\":\"2021-02-10T18:29:22+00:00\",\"dateModified\":\"2024-04-24T08:51:01+00:00\",\"breadcrumb\":{\"@id\":\"https:\/\/dezinpro.ro\/jogszabalyok\/#breadcrumb\"},\"inLanguage\":\"ro-RO\",\"potentialAction\":[{\"@type\":\"ReadAction\",\"target\":[\"https:\/\/dezinpro.ro\/jogszabalyok\/\"]}]},{\"@type\":\"BreadcrumbList\",\"@id\":\"https:\/\/dezinpro.ro\/jogszabalyok\/#breadcrumb\",\"itemListElement\":[{\"@type\":\"ListItem\",\"position\":1,\"name\":\"Home\",\"item\":\"https:\/\/dezinpro.ro\/hu\/\"},{\"@type\":\"ListItem\",\"position\":2,\"name\":\"Jogszab\u00e1lyok\"}]},{\"@type\":\"WebSite\",\"@id\":\"https:\/\/dezinpro.ro\/hu\/#website\",\"url\":\"https:\/\/dezinpro.ro\/hu\/\",\"name\":\"DEZINPRO PLUS\",\"description\":\"\",\"publisher\":{\"@id\":\"https:\/\/dezinpro.ro\/hu\/#organization\"},\"potentialAction\":[{\"@type\":\"SearchAction\",\"target\":{\"@type\":\"EntryPoint\",\"urlTemplate\":\"https:\/\/dezinpro.ro\/hu\/?s={search_term_string}\"},\"query-input\":\"required name=search_term_string\"}],\"inLanguage\":\"ro-RO\"},{\"@type\":\"Organization\",\"@id\":\"https:\/\/dezinpro.ro\/hu\/#organization\",\"name\":\"DEZINPRO PLUS SRL\",\"url\":\"https:\/\/dezinpro.ro\/hu\/\",\"logo\":{\"@type\":\"ImageObject\",\"inLanguage\":\"ro-RO\",\"@id\":\"https:\/\/dezinpro.ro\/hu\/#\/schema\/logo\/image\/\",\"url\":\"https:\/\/dezinpro.ro\/wp-content\/uploads\/2021\/01\/logo-without-text.svg\",\"contentUrl\":\"https:\/\/dezinpro.ro\/wp-content\/uploads\/2021\/01\/logo-without-text.svg\",\"width\":1,\"height\":1,\"caption\":\"DEZINPRO PLUS SRL\"},\"image\":{\"@id\":\"https:\/\/dezinpro.ro\/hu\/#\/schema\/logo\/image\/\"}}]}<\/script>\n<!-- \/ Yoast SEO plugin. -->","yoast_head_json":{"title":"DEZINPRO PLUS - Rovarirt\u00e1s | Fert\u0151tlen\u00edt\u00e9s | R\u00e1gcs\u00e1l\u00f3irt\u00e1s","robots":{"index":"index","follow":"follow","max-snippet":"max-snippet:-1","max-image-preview":"max-image-preview:large","max-video-preview":"max-video-preview:-1"},"canonical":"https:\/\/dezinpro.ro\/ro\/jogszabalyok\/","og_locale":"ro_RO","og_type":"article","og_title":"DEZINPRO PLUS - Rovarirt\u00e1s | Fert\u0151tlen\u00edt\u00e9s | R\u00e1gcs\u00e1l\u00f3irt\u00e1s","og_description":"Jogszab\u00e1lyok Rom\u00e1niai k\u00e1rtev\u0151irt\u00e1si jogszab\u00e1lyok Legea nr. 3\/1978 privind asigurarea sanatatii publice; abrogata de Legea privind reforma in domeniul sanatatii: nr. 95\/2006 din data 28 mai 2006; Legea nr. 5\/1982 privind protectia plantelor cultivate, a padurilor si regimul pesticidelor; abrogata de Ordonanta nr. 41\/2007 din data 07 septembrie 2007, pentru comecializarea produselor de protectie a plantelor,...","og_url":"https:\/\/dezinpro.ro\/ro\/jogszabalyok\/","og_site_name":"DEZINPRO PLUS","article_modified_time":"2024-04-24T08:51:01+00:00","og_image":[{"width":1298,"height":946,"url":"https:\/\/dezinpro.ro\/wp-content\/uploads\/2021\/02\/fbpreview.png","type":"image\/png"}],"twitter_card":"summary_large_image","twitter_misc":{"Est. reading time":"1 minut"},"schema":{"@context":"https:\/\/schema.org","@graph":[{"@type":"WebPage","@id":"https:\/\/dezinpro.ro\/jogszabalyok\/","url":"https:\/\/dezinpro.ro\/jogszabalyok\/","name":"DEZINPRO PLUS - Rovarirt\u00e1s | Fert\u0151tlen\u00edt\u00e9s | R\u00e1gcs\u00e1l\u00f3irt\u00e1s","isPartOf":{"@id":"https:\/\/dezinpro.ro\/hu\/#website"},"datePublished":"2021-02-10T18:29:22+00:00","dateModified":"2024-04-24T08:51:01+00:00","breadcrumb":{"@id":"https:\/\/dezinpro.ro\/jogszabalyok\/#breadcrumb"},"inLanguage":"ro-RO","potentialAction":[{"@type":"ReadAction","target":["https:\/\/dezinpro.ro\/jogszabalyok\/"]}]},{"@type":"BreadcrumbList","@id":"https:\/\/dezinpro.ro\/jogszabalyok\/#breadcrumb","itemListElement":[{"@type":"ListItem","position":1,"name":"Home","item":"https:\/\/dezinpro.ro\/hu\/"},{"@type":"ListItem","position":2,"name":"Jogszab\u00e1lyok"}]},{"@type":"WebSite","@id":"https:\/\/dezinpro.ro\/hu\/#website","url":"https:\/\/dezinpro.ro\/hu\/","name":"DEZINPRO PLUS","description":"","publisher":{"@id":"https:\/\/dezinpro.ro\/hu\/#organization"},"potentialAction":[{"@type":"SearchAction","target":{"@type":"EntryPoint","urlTemplate":"https:\/\/dezinpro.ro\/hu\/?s={search_term_string}"},"query-input":"required name=search_term_string"}],"inLanguage":"ro-RO"},{"@type":"Organization","@id":"https:\/\/dezinpro.ro\/hu\/#organization","name":"DEZINPRO PLUS SRL","url":"https:\/\/dezinpro.ro\/hu\/","logo":{"@type":"ImageObject","inLanguage":"ro-RO","@id":"https:\/\/dezinpro.ro\/hu\/#\/schema\/logo\/image\/","url":"https:\/\/dezinpro.ro\/wp-content\/uploads\/2021\/01\/logo-without-text.svg","contentUrl":"https:\/\/dezinpro.ro\/wp-content\/uploads\/2021\/01\/logo-without-text.svg","width":1,"height":1,"caption":"DEZINPRO PLUS SRL"},"image":{"@id":"https:\/\/dezinpro.ro\/hu\/#\/schema\/logo\/image\/"}}]}},"_links":{"self":[{"href":"https:\/\/dezinpro.ro\/ro\/wp-json\/wp\/v2\/pages\/12754"}],"collection":[{"href":"https:\/\/dezinpro.ro\/ro\/wp-json\/wp\/v2\/pages"}],"about":[{"href":"https:\/\/dezinpro.ro\/ro\/wp-json\/wp\/v2\/types\/page"}],"author":[{"embeddable":true,"href":"https:\/\/dezinpro.ro\/ro\/wp-json\/wp\/v2\/users\/1"}],"replies":[{"embeddable":true,"href":"https:\/\/dezinpro.ro\/ro\/wp-json\/wp\/v2\/comments?post=12754"}],"version-history":[{"count":7,"href":"https:\/\/dezinpro.ro\/ro\/wp-json\/wp\/v2\/pages\/12754\/revisions"}],"predecessor-version":[{"id":16134,"href":"https:\/\/dezinpro.ro\/ro\/wp-json\/wp\/v2\/pages\/12754\/revisions\/16134"}],"wp:attachment":[{"href":"https:\/\/dezinpro.ro\/ro\/wp-json\/wp\/v2\/media?parent=12754"}],"curies":[{"name":"wp","href":"https:\/\/api.w.org\/{rel}","templated":true}]}}