{"id":12880,"date":"2021-02-12T20:46:45","date_gmt":"2021-02-12T20:46:45","guid":{"rendered":"https:\/\/dezinpro.ro\/?page_id=12880"},"modified":"2021-02-24T17:23:01","modified_gmt":"2021-02-24T17:23:01","slug":"legy","status":"publish","type":"page","link":"https:\/\/dezinpro.ro\/ro\/legy\/","title":{"rendered":"Musc\u0103"},"content":{"rendered":"<div data-elementor-type=\"wp-page\" data-elementor-id=\"12880\" class=\"elementor elementor-12880\" data-elementor-settings=\"[]\">\n\t\t\t\t\t\t<div class=\"elementor-inner\">\n\t\t\t\t\t\t\t<div class=\"elementor-section-wrap\">\n\t\t\t\t\t\t\t<section class=\"elementor-section elementor-top-section elementor-element elementor-element-a60615a elementor-section-full_width elementor-section-content-middle elementor-section-height-default elementor-section-height-default\" data-id=\"a60615a\" data-element_type=\"section\">\n\t\t\t\t\t\t<div class=\"elementor-container elementor-column-gap-wide\">\n\t\t\t\t\t\t\t<div class=\"elementor-row\">\n\t\t\t\t\t<div class=\"elementor-column elementor-col-100 elementor-top-column elementor-element elementor-element-cec76f7\" data-id=\"cec76f7\" data-element_type=\"column\">\n\t\t\t<div class=\"elementor-column-wrap elementor-element-populated\">\n\t\t\t\t\t\t\t<div class=\"elementor-widget-wrap\">\n\t\t\t\t\t\t<div class=\"elementor-element elementor-element-4473c05 elementor-widget elementor-widget-rs-heading\" data-id=\"4473c05\" data-element_type=\"widget\" data-widget_type=\"rs-heading.default\">\n\t\t\t\t<div class=\"elementor-widget-container\">\n\t\t\t        <div class=\"rs-heading style7\">\r\n        \t<div class=\"title-inner\">\r\n        \t\t      \t\t\r\n\t            <span class=\"sub-text\">Dezinsec\u021bie<\/span><h2 class=\"title\"><span class=\"watermark\"><\/span>Musc\u0103<\/h2>\t        <\/div>\r\n\t                <\/div>\r\n\r\n        \t\t<\/div>\n\t\t\t\t<\/div>\n\t\t\t\t<div class=\"elementor-element elementor-element-8616121 elementor-widget elementor-widget-text-editor\" data-id=\"8616121\" data-element_type=\"widget\" data-widget_type=\"text-editor.default\">\n\t\t\t\t<div class=\"elementor-widget-container\">\n\t\t\t<style>.elementor-element-8616121{display:none !important}<\/style>\t\t<\/div>\n\t\t\t\t<\/div>\n\t\t\t\t<div class=\"elementor-element elementor-element-c3f129f elementor-widget elementor-widget-text-editor\" data-id=\"c3f129f\" data-element_type=\"widget\" data-widget_type=\"text-editor.default\">\n\t\t\t\t<div class=\"elementor-widget-container\">\n\t\t\t\t\t<div class=\"elementor-text-editor elementor-clearfix\"><ul><li><span style=\"font-weight: 400;\">Denumire: <\/span>Musca de casa (Musca Domestica)<\/li><li>Dimensiune: 5-8 mm<\/li><li>Culoare: negru<\/li><li>Hrana: resturi alimentare, fecale, gunoi, fructe descompuse<\/li><li>Zone Preferate: peste tot in lume cu exceptia deserturilor<\/li><li>Perioada Activitate: perioada calda<\/li><\/ul><p><span style=\"font-weight: 400;\">In special vara, ne confruntam cu aparitia mustelor si a gazelor in case, gradini si alte spatii, fiind nu doar deranjante pentru om, dar constituie si un pericol pentru sanatatea sa, intrucat aceste insect sunt purtatoare de diverse boli.<\/span><\/p><h5><b>Descrierea mustei de casa<\/b><\/h5><p><img decoding=\"async\" loading=\"lazy\" class=\"size-medium wp-image-12953 alignright\" src=\"http:\/\/dezinpro.ro\/wp-content\/uploads\/2021\/02\/ha\u0301zile\u0301gy-300x200.jpg\" alt=\"\" width=\"300\" height=\"200\" srcset=\"https:\/\/dezinpro.ro\/wp-content\/uploads\/2021\/02\/ha\u0301zile\u0301gy-300x200.jpg 300w, https:\/\/dezinpro.ro\/wp-content\/uploads\/2021\/02\/ha\u0301zile\u0301gy-1024x683.jpg 1024w, https:\/\/dezinpro.ro\/wp-content\/uploads\/2021\/02\/ha\u0301zile\u0301gy-768x512.jpg 768w, https:\/\/dezinpro.ro\/wp-content\/uploads\/2021\/02\/ha\u0301zile\u0301gy-1536x1024.jpg 1536w, https:\/\/dezinpro.ro\/wp-content\/uploads\/2021\/02\/ha\u0301zile\u0301gy-16x12.jpg 16w, https:\/\/dezinpro.ro\/wp-content\/uploads\/2021\/02\/ha\u0301zile\u0301gy-365x243.jpg 365w, https:\/\/dezinpro.ro\/wp-content\/uploads\/2021\/02\/ha\u0301zile\u0301gy.jpg 1600w\" sizes=\"(max-width: 300px) 100vw, 300px\" \/><\/p><p><span style=\"font-weight: 400;\">Musca de casa este o insecta cu o lungime de 5-8 mm, avand partea anterioara a corpului de culoare neagra, partea posterioara galbena pe fata inferioara si gri pe fata superioara, iar pe partea din spate are 4 dungi incrucisate. Pe cap are 2 ochi mari si rosii. Corpul sau este in totalitate acoperit de peri. Musca de casa are doar o pereche de aripi pentru zbor, cea de a 2-a ajutand la stabilizarea zborului. Viteza de zbor a mustii este de 7.2 km\/ora.<br \/><\/span><span style=\"font-weight: 400;\">Ca raspandire, gasim muste oriunde in lume, mai putin in regiunile polare, in deserturi si in zonele alpine inalte. Se intalnesc in locuinte (case, apartamente), locuri de depozitare a gunoaielor, grajduri, gradini. Se hraneste cu orice tip de aliment uman, excremente, balegar animal, gunoi, deseuri ori sudoare.<\/span><\/p><h5><b>Potentialul daunator al mustelor de casa si al gazelor<\/b><\/h5><p><span style=\"font-weight: 400;\">Musca este un factor deranjant pentru oameni, cat si un daunator igienic. In etapa de hranire a larvelor, atunci cand isi depune ouale, musca poate contamina alimentele. De asemenea, mustele si alte gaze sunt foarte periculoase pentru oameni deoarece preiau si transporta diversi microbi din locurilor insalubre pe care le frecventeaza, pe care le depun apoi pe alimentele pe care oamenii le consuma. Pot transmite infectii ale pielii si ochilor, boli diareice, tuberculoza, holera, febra tifoida, poliomelita. S-a dovedit stiintific ca musca de casa poate transmite chiar si bacteria Helicobacter Pylori, care poate cauza ulcer. Fiind purtatoare de boli, aceste insect devin un adevarat pericol pentru sanatatea omului si se impune o deratizare.<\/span><\/p><h5><b>Combaterea mustelor si a altor gaze<\/b><\/h5><h6>Insecticidele clasice<\/h6><p><span style=\"font-weight: 400;\">Modul de actiune al tratamentului cu insecticide este prin contact pe orice fel de suprafata: pereti, iarba, vegetatie. Atunci cand insect atinge suprafata tratata, insecticidul o paralizeaza pe loc, aceasta murind in cel mult 15 minute. Alegerea insecticidului corezpunzator poate fi dificila uneori, iar aplicarea insecticidului este neplacuta din cauza mirosului, dar exista firme specializate pentru desinsectia muste sau alte muste la care se poate apela pentru ajutor.<\/span><\/p><h6><strong>Insecticidele cu atractant<\/strong><\/h6><p><span style=\"font-weight: 400;\">Tratamentul impotriva mustelor cu insecticid cu atractant sexual si alimentar are un principiu de functionare ce se bazeaza pe atractia sexuala a insectelor sau nevoia acestora de hrana.<br \/><\/span><span style=\"font-weight: 400;\">Pentru o combatere cat mai eficienta a acestor insecte se recomanda apelarea la o firma specializata in dezinsectia mustelor si a gazelor.<\/span><\/p><\/div>\n\t\t\t\t<\/div>\n\t\t\t\t<\/div>\n\t\t\t\t\t\t<\/div>\n\t\t\t\t\t<\/div>\n\t\t<\/div>\n\t\t\t\t\t\t\t\t<\/div>\n\t\t\t\t\t<\/div>\n\t\t<\/section>\n\t\t\t\t\t\t<\/div>\n\t\t\t\t\t\t<\/div>\n\t\t\t\t\t<\/div>","protected":false},"excerpt":{"rendered":"<p>Rovar\u00edrt\u00e1s L\u00e9gy A legt\u00f6bb helyen \u00e9s a legnagyobb sz\u00e1mban el\u0151fordul\u00f3, 6\u20138 mm hossz\u00fa, s\u00f6t\u00e9tsz\u00fcrke rovar. A n\u0151st\u00e9ny \u00e9lete folyam\u00e1n 600\u2013800 pet\u00e9t rak le, a peterak\u00e1si ingert a boml\u00f3 szerves anyag szaga v\u00e1ltja ki bel\u0151le. Pet\u00e9it \u00e1ltal\u00e1ban sert\u00e9s- vagy marhatr\u00e1gy\u00e1ba helyezi el. A l\u00e1rv\u00e1k a meleg, erjed\u00e9sben l\u00e9v\u0151 anyagban gy\u0171lnek \u00f6ssze \u00e9s t\u00e1pl\u00e1lkoznak. Fejl\u0151d\u00e9s\u00fck ideje a&#8230;<\/p>","protected":false},"author":1,"featured_media":0,"parent":0,"menu_order":0,"comment_status":"closed","ping_status":"closed","template":"","meta":{"footnotes":""},"yoast_head":"<!-- This site is optimized with the Yoast SEO plugin v21.5 - https:\/\/yoast.com\/wordpress\/plugins\/seo\/ -->\n<title>DEZINPRO PLUS - Rovarirt\u00e1s | Fert\u0151tlen\u00edt\u00e9s | R\u00e1gcs\u00e1l\u00f3irt\u00e1s<\/title>\n<meta name=\"description\" content=\"ROVARIRT\u00c1S - A l\u00e9gy is egy nagyon \u00e9rdekes eg\u00e9szs\u00e9g\u00fcgyi k\u00e1rtev\u0151. Irt\u00e1s\u00e1ra tulajdonk\u00e9ppen csak az ut\u00f3bbi \u00e9vekben ker\u00fcltek forgalomba enged\u00e9...\" \/>\n<meta name=\"robots\" content=\"index, follow, max-snippet:-1, max-image-preview:large, max-video-preview:-1\" \/>\n<link rel=\"canonical\" href=\"https:\/\/dezinpro.ro\/ro\/legy\/\" \/>\n<meta property=\"og:locale\" content=\"ro_RO\" \/>\n<meta property=\"og:type\" content=\"article\" \/>\n<meta property=\"og:title\" content=\"DEZINPRO PLUS - Rovarirt\u00e1s | Fert\u0151tlen\u00edt\u00e9s | R\u00e1gcs\u00e1l\u00f3irt\u00e1s\" \/>\n<meta property=\"og:description\" content=\"ROVARIRT\u00c1S - A l\u00e9gy is egy nagyon \u00e9rdekes eg\u00e9szs\u00e9g\u00fcgyi k\u00e1rtev\u0151. Irt\u00e1s\u00e1ra tulajdonk\u00e9ppen csak az ut\u00f3bbi \u00e9vekben ker\u00fcltek forgalomba enged\u00e9...\" \/>\n<meta property=\"og:url\" content=\"https:\/\/dezinpro.ro\/ro\/legy\/\" \/>\n<meta property=\"og:site_name\" content=\"DEZINPRO PLUS\" \/>\n<meta property=\"article:modified_time\" content=\"2021-02-24T17:23:01+00:00\" \/>\n<meta property=\"og:image\" content=\"https:\/\/dezinpro.ro\/wp-content\/uploads\/2021\/02\/fbpreview.png\" \/>\n\t<meta property=\"og:image:width\" content=\"1298\" \/>\n\t<meta property=\"og:image:height\" content=\"946\" \/>\n\t<meta property=\"og:image:type\" content=\"image\/png\" \/>\n<meta name=\"twitter:card\" content=\"summary_large_image\" \/>\n<meta name=\"twitter:label1\" content=\"Est. reading time\" \/>\n\t<meta name=\"twitter:data1\" content=\"4 minute\" \/>\n<script type=\"application\/ld+json\" class=\"yoast-schema-graph\">{\"@context\":\"https:\/\/schema.org\",\"@graph\":[{\"@type\":\"WebPage\",\"@id\":\"https:\/\/dezinpro.ro\/legy\/\",\"url\":\"https:\/\/dezinpro.ro\/legy\/\",\"name\":\"DEZINPRO PLUS - Rovarirt\u00e1s | Fert\u0151tlen\u00edt\u00e9s | R\u00e1gcs\u00e1l\u00f3irt\u00e1s\",\"isPartOf\":{\"@id\":\"https:\/\/dezinpro.ro\/hu\/#website\"},\"datePublished\":\"2021-02-12T20:46:45+00:00\",\"dateModified\":\"2021-02-24T17:23:01+00:00\",\"description\":\"ROVARIRT\u00c1S - A l\u00e9gy is egy nagyon \u00e9rdekes eg\u00e9szs\u00e9g\u00fcgyi k\u00e1rtev\u0151. Irt\u00e1s\u00e1ra tulajdonk\u00e9ppen csak az ut\u00f3bbi \u00e9vekben ker\u00fcltek forgalomba enged\u00e9...\",\"breadcrumb\":{\"@id\":\"https:\/\/dezinpro.ro\/legy\/#breadcrumb\"},\"inLanguage\":\"ro-RO\",\"potentialAction\":[{\"@type\":\"ReadAction\",\"target\":[\"https:\/\/dezinpro.ro\/legy\/\"]}]},{\"@type\":\"BreadcrumbList\",\"@id\":\"https:\/\/dezinpro.ro\/legy\/#breadcrumb\",\"itemListElement\":[{\"@type\":\"ListItem\",\"position\":1,\"name\":\"Home\",\"item\":\"https:\/\/dezinpro.ro\/hu\/\"},{\"@type\":\"ListItem\",\"position\":2,\"name\":\"L\u00e9gy\"}]},{\"@type\":\"WebSite\",\"@id\":\"https:\/\/dezinpro.ro\/hu\/#website\",\"url\":\"https:\/\/dezinpro.ro\/hu\/\",\"name\":\"DEZINPRO PLUS\",\"description\":\"\",\"publisher\":{\"@id\":\"https:\/\/dezinpro.ro\/hu\/#organization\"},\"potentialAction\":[{\"@type\":\"SearchAction\",\"target\":{\"@type\":\"EntryPoint\",\"urlTemplate\":\"https:\/\/dezinpro.ro\/hu\/?s={search_term_string}\"},\"query-input\":\"required name=search_term_string\"}],\"inLanguage\":\"ro-RO\"},{\"@type\":\"Organization\",\"@id\":\"https:\/\/dezinpro.ro\/hu\/#organization\",\"name\":\"DEZINPRO PLUS SRL\",\"url\":\"https:\/\/dezinpro.ro\/hu\/\",\"logo\":{\"@type\":\"ImageObject\",\"inLanguage\":\"ro-RO\",\"@id\":\"https:\/\/dezinpro.ro\/hu\/#\/schema\/logo\/image\/\",\"url\":\"https:\/\/dezinpro.ro\/wp-content\/uploads\/2021\/01\/logo-without-text.svg\",\"contentUrl\":\"https:\/\/dezinpro.ro\/wp-content\/uploads\/2021\/01\/logo-without-text.svg\",\"width\":1,\"height\":1,\"caption\":\"DEZINPRO PLUS SRL\"},\"image\":{\"@id\":\"https:\/\/dezinpro.ro\/hu\/#\/schema\/logo\/image\/\"}}]}<\/script>\n<!-- \/ Yoast SEO plugin. -->","yoast_head_json":{"title":"DEZINPRO PLUS - Rovarirt\u00e1s | Fert\u0151tlen\u00edt\u00e9s | R\u00e1gcs\u00e1l\u00f3irt\u00e1s","description":"ROVARIRT\u00c1S - A l\u00e9gy is egy nagyon \u00e9rdekes eg\u00e9szs\u00e9g\u00fcgyi k\u00e1rtev\u0151. Irt\u00e1s\u00e1ra tulajdonk\u00e9ppen csak az ut\u00f3bbi \u00e9vekben ker\u00fcltek forgalomba enged\u00e9...","robots":{"index":"index","follow":"follow","max-snippet":"max-snippet:-1","max-image-preview":"max-image-preview:large","max-video-preview":"max-video-preview:-1"},"canonical":"https:\/\/dezinpro.ro\/ro\/legy\/","og_locale":"ro_RO","og_type":"article","og_title":"DEZINPRO PLUS - Rovarirt\u00e1s | Fert\u0151tlen\u00edt\u00e9s | R\u00e1gcs\u00e1l\u00f3irt\u00e1s","og_description":"ROVARIRT\u00c1S - A l\u00e9gy is egy nagyon \u00e9rdekes eg\u00e9szs\u00e9g\u00fcgyi k\u00e1rtev\u0151. Irt\u00e1s\u00e1ra tulajdonk\u00e9ppen csak az ut\u00f3bbi \u00e9vekben ker\u00fcltek forgalomba enged\u00e9...","og_url":"https:\/\/dezinpro.ro\/ro\/legy\/","og_site_name":"DEZINPRO PLUS","article_modified_time":"2021-02-24T17:23:01+00:00","og_image":[{"width":1298,"height":946,"url":"https:\/\/dezinpro.ro\/wp-content\/uploads\/2021\/02\/fbpreview.png","type":"image\/png"}],"twitter_card":"summary_large_image","twitter_misc":{"Est. reading time":"4 minute"},"schema":{"@context":"https:\/\/schema.org","@graph":[{"@type":"WebPage","@id":"https:\/\/dezinpro.ro\/legy\/","url":"https:\/\/dezinpro.ro\/legy\/","name":"DEZINPRO PLUS - Rovarirt\u00e1s | Fert\u0151tlen\u00edt\u00e9s | R\u00e1gcs\u00e1l\u00f3irt\u00e1s","isPartOf":{"@id":"https:\/\/dezinpro.ro\/hu\/#website"},"datePublished":"2021-02-12T20:46:45+00:00","dateModified":"2021-02-24T17:23:01+00:00","description":"ROVARIRT\u00c1S - A l\u00e9gy is egy nagyon \u00e9rdekes eg\u00e9szs\u00e9g\u00fcgyi k\u00e1rtev\u0151. Irt\u00e1s\u00e1ra tulajdonk\u00e9ppen csak az ut\u00f3bbi \u00e9vekben ker\u00fcltek forgalomba enged\u00e9...","breadcrumb":{"@id":"https:\/\/dezinpro.ro\/legy\/#breadcrumb"},"inLanguage":"ro-RO","potentialAction":[{"@type":"ReadAction","target":["https:\/\/dezinpro.ro\/legy\/"]}]},{"@type":"BreadcrumbList","@id":"https:\/\/dezinpro.ro\/legy\/#breadcrumb","itemListElement":[{"@type":"ListItem","position":1,"name":"Home","item":"https:\/\/dezinpro.ro\/hu\/"},{"@type":"ListItem","position":2,"name":"L\u00e9gy"}]},{"@type":"WebSite","@id":"https:\/\/dezinpro.ro\/hu\/#website","url":"https:\/\/dezinpro.ro\/hu\/","name":"DEZINPRO PLUS","description":"","publisher":{"@id":"https:\/\/dezinpro.ro\/hu\/#organization"},"potentialAction":[{"@type":"SearchAction","target":{"@type":"EntryPoint","urlTemplate":"https:\/\/dezinpro.ro\/hu\/?s={search_term_string}"},"query-input":"required name=search_term_string"}],"inLanguage":"ro-RO"},{"@type":"Organization","@id":"https:\/\/dezinpro.ro\/hu\/#organization","name":"DEZINPRO PLUS SRL","url":"https:\/\/dezinpro.ro\/hu\/","logo":{"@type":"ImageObject","inLanguage":"ro-RO","@id":"https:\/\/dezinpro.ro\/hu\/#\/schema\/logo\/image\/","url":"https:\/\/dezinpro.ro\/wp-content\/uploads\/2021\/01\/logo-without-text.svg","contentUrl":"https:\/\/dezinpro.ro\/wp-content\/uploads\/2021\/01\/logo-without-text.svg","width":1,"height":1,"caption":"DEZINPRO PLUS SRL"},"image":{"@id":"https:\/\/dezinpro.ro\/hu\/#\/schema\/logo\/image\/"}}]}},"_links":{"self":[{"href":"https:\/\/dezinpro.ro\/ro\/wp-json\/wp\/v2\/pages\/12880"}],"collection":[{"href":"https:\/\/dezinpro.ro\/ro\/wp-json\/wp\/v2\/pages"}],"about":[{"href":"https:\/\/dezinpro.ro\/ro\/wp-json\/wp\/v2\/types\/page"}],"author":[{"embeddable":true,"href":"https:\/\/dezinpro.ro\/ro\/wp-json\/wp\/v2\/users\/1"}],"replies":[{"embeddable":true,"href":"https:\/\/dezinpro.ro\/ro\/wp-json\/wp\/v2\/comments?post=12880"}],"version-history":[{"count":1,"href":"https:\/\/dezinpro.ro\/ro\/wp-json\/wp\/v2\/pages\/12880\/revisions"}],"predecessor-version":[{"id":13772,"href":"https:\/\/dezinpro.ro\/ro\/wp-json\/wp\/v2\/pages\/12880\/revisions\/13772"}],"wp:attachment":[{"href":"https:\/\/dezinpro.ro\/ro\/wp-json\/wp\/v2\/media?parent=12880"}],"curies":[{"name":"wp","href":"https:\/\/api.w.org\/{rel}","templated":true}]}}