{"id":12884,"date":"2021-02-12T20:47:35","date_gmt":"2021-02-12T20:47:35","guid":{"rendered":"https:\/\/dezinpro.ro\/?page_id=12884"},"modified":"2021-02-24T17:24:02","modified_gmt":"2021-02-24T17:24:02","slug":"moly","status":"publish","type":"page","link":"https:\/\/dezinpro.ro\/ro\/moly\/","title":{"rendered":"Molii"},"content":{"rendered":"<div data-elementor-type=\"wp-page\" data-elementor-id=\"12884\" class=\"elementor elementor-12884\" data-elementor-settings=\"[]\">\n\t\t\t\t\t\t<div class=\"elementor-inner\">\n\t\t\t\t\t\t\t<div class=\"elementor-section-wrap\">\n\t\t\t\t\t\t\t<section class=\"elementor-section elementor-top-section elementor-element elementor-element-8c8fe2c elementor-section-full_width elementor-section-content-middle elementor-section-height-default elementor-section-height-default\" data-id=\"8c8fe2c\" data-element_type=\"section\">\n\t\t\t\t\t\t<div class=\"elementor-container elementor-column-gap-wide\">\n\t\t\t\t\t\t\t<div class=\"elementor-row\">\n\t\t\t\t\t<div class=\"elementor-column elementor-col-100 elementor-top-column elementor-element elementor-element-cafc7fa\" data-id=\"cafc7fa\" data-element_type=\"column\">\n\t\t\t<div class=\"elementor-column-wrap elementor-element-populated\">\n\t\t\t\t\t\t\t<div class=\"elementor-widget-wrap\">\n\t\t\t\t\t\t<div class=\"elementor-element elementor-element-8233fb8 elementor-widget elementor-widget-rs-heading\" data-id=\"8233fb8\" data-element_type=\"widget\" data-widget_type=\"rs-heading.default\">\n\t\t\t\t<div class=\"elementor-widget-container\">\n\t\t\t        <div class=\"rs-heading style7\">\r\n        \t<div class=\"title-inner\">\r\n        \t\t      \t\t\r\n\t            <span class=\"sub-text\">Dezinsec\u021bie<\/span><h2 class=\"title\"><span class=\"watermark\"><\/span>Molii<\/h2>\t        <\/div>\r\n\t                <\/div>\r\n\r\n        \t\t<\/div>\n\t\t\t\t<\/div>\n\t\t\t\t<div class=\"elementor-element elementor-element-b77c07f elementor-widget elementor-widget-text-editor\" data-id=\"b77c07f\" data-element_type=\"widget\" data-widget_type=\"text-editor.default\">\n\t\t\t\t<div class=\"elementor-widget-container\">\n\t\t\t<style>.elementor-element-b77c07f{display:none !important}<\/style>\t\t<\/div>\n\t\t\t\t<\/div>\n\t\t\t\t<div class=\"elementor-element elementor-element-83c02d4 elementor-widget elementor-widget-text-editor\" data-id=\"83c02d4\" data-element_type=\"widget\" data-widget_type=\"text-editor.default\">\n\t\t\t\t<div class=\"elementor-widget-container\">\n\t\t\t\t\t<div class=\"elementor-text-editor elementor-clearfix\"><ul><li><em><span style=\"font-weight: 400;\">Denumire: <\/span>Moliile (Fam. Yponomeutidae)<\/em><\/li><li><em>Dimensiune: 9-25 mm<\/em><\/li><li><em>Culoare: alb, cenusiu, negru<\/em><\/li><li><em>Hrana: alimente pe baza de cereale<\/em><\/li><li><em>Zone Preferate: alimente pe baza de cereale, textile, blanuri<\/em><\/li><li><em>Perioada Activitate: tot timpul anului<\/em><\/li><\/ul><h5><b>Ce sunt moliile?<\/b><\/h5><p><span style=\"font-weight: 400;\">Moliile sunt insecte rude cu fluturii, din ordinul Lepidoptera. Este destul de greu de facut diferenta intre molii si fluturi. Exista circa 250.000 de specii de molii apartinatoare al acestui ordin, majoritatea fiind nocturne sau crepusculare. O pereche de molii poate depune aproximativ 500 oua. Omizile (larvele de molii) formeaza coconi, iar atunci cand moliile ies din coconi, se afla deja la maturitate.<br \/><\/span><\/p><div class=\"inline-block-figures\" style=\"text-align: center;\"><img decoding=\"async\" loading=\"lazy\" class=\"alignnone wp-image-12960 size-thumbnail\" src=\"http:\/\/dezinpro.ro\/wp-content\/uploads\/2021\/02\/aszalvanymoly-150x150.jpg\" alt=\"\" width=\"150\" height=\"150\" srcset=\"https:\/\/dezinpro.ro\/wp-content\/uploads\/2021\/02\/aszalvanymoly-150x150.jpg 150w, https:\/\/dezinpro.ro\/wp-content\/uploads\/2021\/02\/aszalvanymoly-500x500.jpg 500w\" sizes=\"(max-width: 150px) 100vw, 150px\" \/> <img decoding=\"async\" loading=\"lazy\" class=\"alignnone wp-image-12959 size-thumbnail\" src=\"http:\/\/dezinpro.ro\/wp-content\/uploads\/2021\/02\/lisztmoly-150x150.jpg\" alt=\"\" width=\"150\" height=\"150\" srcset=\"https:\/\/dezinpro.ro\/wp-content\/uploads\/2021\/02\/lisztmoly-150x150.jpg 150w, https:\/\/dezinpro.ro\/wp-content\/uploads\/2021\/02\/lisztmoly-500x500.jpg 500w\" sizes=\"(max-width: 150px) 100vw, 150px\" \/> <img decoding=\"async\" loading=\"lazy\" class=\"alignnone wp-image-12958 size-thumbnail\" src=\"http:\/\/dezinpro.ro\/wp-content\/uploads\/2021\/02\/keszletmoly-150x150.jpg\" alt=\"\" width=\"150\" height=\"150\" srcset=\"https:\/\/dezinpro.ro\/wp-content\/uploads\/2021\/02\/keszletmoly-150x150.jpg 150w, https:\/\/dezinpro.ro\/wp-content\/uploads\/2021\/02\/keszletmoly-500x500.jpg 500w\" sizes=\"(max-width: 150px) 100vw, 150px\" \/><\/div><h5>\u00a0<\/h5><h5><b>Potentialul daunator al moliilor<\/b><\/h5><p><span style=\"font-weight: 400;\">Moliile, in special omizilelor, sunt daunatori majori ai agriculturii. Omizile, prin invaziilelor, reprezinta cauza multor daune provocate padurilor si livezilor. Desi sunt asemanatoare, acestea prezinta diferente de structura si preferinte alimentare.<br \/><\/span><span style=\"font-weight: 400;\">Moliile sunt de doua feluri: molii care ataca tesaturile si hainele si molii care ataca cerealele si produsele derivate din cereale. Larvele unor specii de molii se hranesc cu tesaturile hainelor si ale paturilor tesute din fibre naturale, precum matase si lana, cu materiale organice de origine animala, cum ar fi blanuri, pene si chiar cu par de animale ori cu ceai sau condimente.<\/span><\/p><h5><b>Factori care favorizeaza aparitia moliilor<\/b><\/h5><ul><li style=\"font-weight: 400;\" aria-level=\"1\"><span style=\"font-weight: 400;\">Lumina<\/span><\/li><li style=\"font-weight: 400;\" aria-level=\"1\"><span style=\"font-weight: 400;\">Moliile apar deseori in locurile cu lumina artificiala, insa nu se cunoaste cu exactitate motivul care sta la baza acestui comportament. Se crede ca moliile folosesc o tehnica de navigare celesta care se numeste \u201corientare transversala\u201d. Prin mentinerea unei relatii unghiulare constante cu o lumina stralucitoare, moliile se pot deplasa in zbor in linie dreapta.<\/span><\/li><li style=\"font-weight: 400;\" aria-level=\"1\"><span style=\"font-weight: 400;\">Arome<\/span><\/li><li style=\"font-weight: 400;\" aria-level=\"1\"><span style=\"font-weight: 400;\">Moliile sunt atrase de diverse arome, precum cea de lemn, de cedru, de ienupar, de levantica si alte uleiuri naturale. De multe ori, acestea sunt folosite crezandu-se ca previn infestarea cu molii, insa efectul este invers.<\/span><\/li><\/ul><h5><b>Cum scapam de molii?<\/b><\/h5><p><span style=\"font-weight: 400;\">Indepartarea moliilor cu solutii chimice.<br \/><\/span><span style=\"font-weight: 400;\">Pentru spatii inchise (apartamente, case, depozite, dulapuri, sifoniere etc) se pot folosi capcane cu feromoni. Acestea contin o solutie lipicioasa care prinde moliile textile, dar aceasta metoda.<br \/><\/span><span style=\"font-weight: 400;\">Este recomandata doar pentru a preveni aparitia acestora, nu si pentru a extermina o infestare cu <\/span><span style=\"font-weight: 400;\">molii.<br \/><\/span><span style=\"font-weight: 400;\">Exista numeroase metode chimice de indepartare a moliilor, dar acestea pot fi riscante daca nu sunt administrate corespunzator. Cel mai eficient si recomandat este sa apelati la o firma specializata in dezinsectie molii. Dezinsectiile impotriva moliilor efectuata de o echipa specializata se face prin pulverizarea unor substante chimice profesionale care au un spectru larg de actiune, distrug nu doar moliile, ci mai multe tipuri de daunatori.<\/span><\/p><h5><b>Masuri de preventie pentru indepartarea moliilor<\/b><\/h5><ul><li style=\"font-weight: 400;\" aria-level=\"1\"><span style=\"font-weight: 400;\">Curatarea si uscarea corespunzatoare a hainelor sau a obiectelor confectionate din materiale care pot atrage moliile. Murdaria reprezinta un mediu care favorizeaza aparitia moliilor;<\/span><\/li><li style=\"font-weight: 400;\" aria-level=\"1\"><span style=\"font-weight: 400;\">Curatarea periodica a spatiilor de depozitare;<\/span><\/li><li style=\"font-weight: 400;\" aria-level=\"1\"><span style=\"font-weight: 400;\">Pastrarea obiectelelor in recipiente curate si inchise ermetic;<\/span><\/li><li style=\"font-weight: 400;\" aria-level=\"1\"><span style=\"font-weight: 400;\">Aspirarea spatiilor \u2013 prin aspirare se curata larvele si moliile si se previne acumularea de praf si par (surse de hrana pentru larve).<\/span><\/li><\/ul><\/div>\n\t\t\t\t<\/div>\n\t\t\t\t<\/div>\n\t\t\t\t\t\t<\/div>\n\t\t\t\t\t<\/div>\n\t\t<\/div>\n\t\t\t\t\t\t\t\t<\/div>\n\t\t\t\t\t<\/div>\n\t\t<\/section>\n\t\t\t\t\t\t<\/div>\n\t\t\t\t\t\t<\/div>\n\t\t\t\t\t<\/div>","protected":false},"excerpt":{"rendered":"<p>Rovar\u00edrt\u00e1s Moly A molylepk\u00e9k a kis test\u0171 lepk\u00e9k k\u00f6z\u00e9 tartoznak. Jellemz\u0151 r\u00e1juk, hogy fej\u00fck rendszerint s\u0171r\u0171n sz\u0151r\u0151s, ajaktapogat\u00f3ik kicsinyek, sz\u00edv\u00f3k\u00e1juk, az \u00fan. p\u00f6d\u00f6rnyelv gyeng\u00e9n fejlett. Ez\u00e9rt az im\u00e1g\u00f3k, mivel sz\u00e1jszerv\u00fck erre alkalmatlan, nem k\u00e1ros\u00edtanak. Test\u00fcket t\u00f6bb\u00e9-kev\u00e9sb\u00e9 fejlett sz\u0151rzet \u00e9s pikkelyzet fedi, a pikkelyek eloszl\u00e1sa az egyes fajokra jellemz\u0151, \u00e9s igen nagy v\u00e1ltozatoss\u00e1got mutat. K\u00e9t p\u00e1r&#8230;<\/p>","protected":false},"author":1,"featured_media":0,"parent":0,"menu_order":0,"comment_status":"closed","ping_status":"closed","template":"","meta":{"footnotes":""},"yoast_head":"<!-- This site is optimized with the Yoast SEO plugin v21.5 - https:\/\/yoast.com\/wordpress\/plugins\/seo\/ -->\n<title>DEZINPRO PLUS - Rovarirt\u00e1s | Fert\u0151tlen\u00edt\u00e9s | R\u00e1gcs\u00e1l\u00f3irt\u00e1s<\/title>\n<meta name=\"description\" content=\"ROVARIRT\u00c1S - A molylepk\u00e9k a kis test\u0171 lepk\u00e9k k\u00f6z\u00e9 tartoznak. Jellemz\u0151 r\u00e1juk, hogy fej\u00fck rendszerint s\u0171r\u0171n sz\u0151r\u0151s, ajaktapogat\u00f3ik kicsinye...\" \/>\n<meta name=\"robots\" content=\"index, follow, max-snippet:-1, max-image-preview:large, max-video-preview:-1\" \/>\n<link rel=\"canonical\" href=\"https:\/\/dezinpro.ro\/ro\/moly\/\" \/>\n<meta property=\"og:locale\" content=\"ro_RO\" \/>\n<meta property=\"og:type\" content=\"article\" \/>\n<meta property=\"og:title\" content=\"DEZINPRO PLUS - Rovarirt\u00e1s | Fert\u0151tlen\u00edt\u00e9s | R\u00e1gcs\u00e1l\u00f3irt\u00e1s\" \/>\n<meta property=\"og:description\" content=\"ROVARIRT\u00c1S - A molylepk\u00e9k a kis test\u0171 lepk\u00e9k k\u00f6z\u00e9 tartoznak. Jellemz\u0151 r\u00e1juk, hogy fej\u00fck rendszerint s\u0171r\u0171n sz\u0151r\u0151s, ajaktapogat\u00f3ik kicsinye...\" \/>\n<meta property=\"og:url\" content=\"https:\/\/dezinpro.ro\/ro\/moly\/\" \/>\n<meta property=\"og:site_name\" content=\"DEZINPRO PLUS\" \/>\n<meta property=\"article:modified_time\" content=\"2021-02-24T17:24:02+00:00\" \/>\n<meta property=\"og:image\" content=\"https:\/\/dezinpro.ro\/wp-content\/uploads\/2021\/02\/aszalvanymoly-300x225.jpg\" \/>\n<meta name=\"twitter:card\" content=\"summary_large_image\" \/>\n<meta name=\"twitter:label1\" content=\"Est. reading time\" \/>\n\t<meta name=\"twitter:data1\" content=\"8 minute\" \/>\n<script type=\"application\/ld+json\" class=\"yoast-schema-graph\">{\"@context\":\"https:\/\/schema.org\",\"@graph\":[{\"@type\":\"WebPage\",\"@id\":\"https:\/\/dezinpro.ro\/moly\/\",\"url\":\"https:\/\/dezinpro.ro\/moly\/\",\"name\":\"DEZINPRO PLUS - Rovarirt\u00e1s | Fert\u0151tlen\u00edt\u00e9s | R\u00e1gcs\u00e1l\u00f3irt\u00e1s\",\"isPartOf\":{\"@id\":\"https:\/\/dezinpro.ro\/hu\/#website\"},\"datePublished\":\"2021-02-12T20:47:35+00:00\",\"dateModified\":\"2021-02-24T17:24:02+00:00\",\"description\":\"ROVARIRT\u00c1S - A molylepk\u00e9k a kis test\u0171 lepk\u00e9k k\u00f6z\u00e9 tartoznak. Jellemz\u0151 r\u00e1juk, hogy fej\u00fck rendszerint s\u0171r\u0171n sz\u0151r\u0151s, ajaktapogat\u00f3ik kicsinye...\",\"breadcrumb\":{\"@id\":\"https:\/\/dezinpro.ro\/moly\/#breadcrumb\"},\"inLanguage\":\"ro-RO\",\"potentialAction\":[{\"@type\":\"ReadAction\",\"target\":[\"https:\/\/dezinpro.ro\/moly\/\"]}]},{\"@type\":\"BreadcrumbList\",\"@id\":\"https:\/\/dezinpro.ro\/moly\/#breadcrumb\",\"itemListElement\":[{\"@type\":\"ListItem\",\"position\":1,\"name\":\"Home\",\"item\":\"https:\/\/dezinpro.ro\/hu\/\"},{\"@type\":\"ListItem\",\"position\":2,\"name\":\"Moly\"}]},{\"@type\":\"WebSite\",\"@id\":\"https:\/\/dezinpro.ro\/hu\/#website\",\"url\":\"https:\/\/dezinpro.ro\/hu\/\",\"name\":\"DEZINPRO PLUS\",\"description\":\"\",\"publisher\":{\"@id\":\"https:\/\/dezinpro.ro\/hu\/#organization\"},\"potentialAction\":[{\"@type\":\"SearchAction\",\"target\":{\"@type\":\"EntryPoint\",\"urlTemplate\":\"https:\/\/dezinpro.ro\/hu\/?s={search_term_string}\"},\"query-input\":\"required name=search_term_string\"}],\"inLanguage\":\"ro-RO\"},{\"@type\":\"Organization\",\"@id\":\"https:\/\/dezinpro.ro\/hu\/#organization\",\"name\":\"DEZINPRO PLUS SRL\",\"url\":\"https:\/\/dezinpro.ro\/hu\/\",\"logo\":{\"@type\":\"ImageObject\",\"inLanguage\":\"ro-RO\",\"@id\":\"https:\/\/dezinpro.ro\/hu\/#\/schema\/logo\/image\/\",\"url\":\"https:\/\/dezinpro.ro\/wp-content\/uploads\/2021\/01\/logo-without-text.svg\",\"contentUrl\":\"https:\/\/dezinpro.ro\/wp-content\/uploads\/2021\/01\/logo-without-text.svg\",\"width\":1,\"height\":1,\"caption\":\"DEZINPRO PLUS SRL\"},\"image\":{\"@id\":\"https:\/\/dezinpro.ro\/hu\/#\/schema\/logo\/image\/\"}}]}<\/script>\n<!-- \/ Yoast SEO plugin. -->","yoast_head_json":{"title":"DEZINPRO PLUS - Rovarirt\u00e1s | Fert\u0151tlen\u00edt\u00e9s | R\u00e1gcs\u00e1l\u00f3irt\u00e1s","description":"ROVARIRT\u00c1S - A molylepk\u00e9k a kis test\u0171 lepk\u00e9k k\u00f6z\u00e9 tartoznak. Jellemz\u0151 r\u00e1juk, hogy fej\u00fck rendszerint s\u0171r\u0171n sz\u0151r\u0151s, ajaktapogat\u00f3ik kicsinye...","robots":{"index":"index","follow":"follow","max-snippet":"max-snippet:-1","max-image-preview":"max-image-preview:large","max-video-preview":"max-video-preview:-1"},"canonical":"https:\/\/dezinpro.ro\/ro\/moly\/","og_locale":"ro_RO","og_type":"article","og_title":"DEZINPRO PLUS - Rovarirt\u00e1s | Fert\u0151tlen\u00edt\u00e9s | R\u00e1gcs\u00e1l\u00f3irt\u00e1s","og_description":"ROVARIRT\u00c1S - A molylepk\u00e9k a kis test\u0171 lepk\u00e9k k\u00f6z\u00e9 tartoznak. Jellemz\u0151 r\u00e1juk, hogy fej\u00fck rendszerint s\u0171r\u0171n sz\u0151r\u0151s, ajaktapogat\u00f3ik kicsinye...","og_url":"https:\/\/dezinpro.ro\/ro\/moly\/","og_site_name":"DEZINPRO PLUS","article_modified_time":"2021-02-24T17:24:02+00:00","og_image":[{"url":"https:\/\/dezinpro.ro\/wp-content\/uploads\/2021\/02\/aszalvanymoly-300x225.jpg"}],"twitter_card":"summary_large_image","twitter_misc":{"Est. reading time":"8 minute"},"schema":{"@context":"https:\/\/schema.org","@graph":[{"@type":"WebPage","@id":"https:\/\/dezinpro.ro\/moly\/","url":"https:\/\/dezinpro.ro\/moly\/","name":"DEZINPRO PLUS - Rovarirt\u00e1s | Fert\u0151tlen\u00edt\u00e9s | R\u00e1gcs\u00e1l\u00f3irt\u00e1s","isPartOf":{"@id":"https:\/\/dezinpro.ro\/hu\/#website"},"datePublished":"2021-02-12T20:47:35+00:00","dateModified":"2021-02-24T17:24:02+00:00","description":"ROVARIRT\u00c1S - A molylepk\u00e9k a kis test\u0171 lepk\u00e9k k\u00f6z\u00e9 tartoznak. Jellemz\u0151 r\u00e1juk, hogy fej\u00fck rendszerint s\u0171r\u0171n sz\u0151r\u0151s, ajaktapogat\u00f3ik kicsinye...","breadcrumb":{"@id":"https:\/\/dezinpro.ro\/moly\/#breadcrumb"},"inLanguage":"ro-RO","potentialAction":[{"@type":"ReadAction","target":["https:\/\/dezinpro.ro\/moly\/"]}]},{"@type":"BreadcrumbList","@id":"https:\/\/dezinpro.ro\/moly\/#breadcrumb","itemListElement":[{"@type":"ListItem","position":1,"name":"Home","item":"https:\/\/dezinpro.ro\/hu\/"},{"@type":"ListItem","position":2,"name":"Moly"}]},{"@type":"WebSite","@id":"https:\/\/dezinpro.ro\/hu\/#website","url":"https:\/\/dezinpro.ro\/hu\/","name":"DEZINPRO PLUS","description":"","publisher":{"@id":"https:\/\/dezinpro.ro\/hu\/#organization"},"potentialAction":[{"@type":"SearchAction","target":{"@type":"EntryPoint","urlTemplate":"https:\/\/dezinpro.ro\/hu\/?s={search_term_string}"},"query-input":"required name=search_term_string"}],"inLanguage":"ro-RO"},{"@type":"Organization","@id":"https:\/\/dezinpro.ro\/hu\/#organization","name":"DEZINPRO PLUS SRL","url":"https:\/\/dezinpro.ro\/hu\/","logo":{"@type":"ImageObject","inLanguage":"ro-RO","@id":"https:\/\/dezinpro.ro\/hu\/#\/schema\/logo\/image\/","url":"https:\/\/dezinpro.ro\/wp-content\/uploads\/2021\/01\/logo-without-text.svg","contentUrl":"https:\/\/dezinpro.ro\/wp-content\/uploads\/2021\/01\/logo-without-text.svg","width":1,"height":1,"caption":"DEZINPRO PLUS SRL"},"image":{"@id":"https:\/\/dezinpro.ro\/hu\/#\/schema\/logo\/image\/"}}]}},"_links":{"self":[{"href":"https:\/\/dezinpro.ro\/ro\/wp-json\/wp\/v2\/pages\/12884"}],"collection":[{"href":"https:\/\/dezinpro.ro\/ro\/wp-json\/wp\/v2\/pages"}],"about":[{"href":"https:\/\/dezinpro.ro\/ro\/wp-json\/wp\/v2\/types\/page"}],"author":[{"embeddable":true,"href":"https:\/\/dezinpro.ro\/ro\/wp-json\/wp\/v2\/users\/1"}],"replies":[{"embeddable":true,"href":"https:\/\/dezinpro.ro\/ro\/wp-json\/wp\/v2\/comments?post=12884"}],"version-history":[{"count":1,"href":"https:\/\/dezinpro.ro\/ro\/wp-json\/wp\/v2\/pages\/12884\/revisions"}],"predecessor-version":[{"id":13773,"href":"https:\/\/dezinpro.ro\/ro\/wp-json\/wp\/v2\/pages\/12884\/revisions\/13773"}],"wp:attachment":[{"href":"https:\/\/dezinpro.ro\/ro\/wp-json\/wp\/v2\/media?parent=12884"}],"curies":[{"name":"wp","href":"https:\/\/api.w.org\/{rel}","templated":true}]}}