{"id":12886,"date":"2021-02-12T20:47:53","date_gmt":"2021-02-12T20:47:53","guid":{"rendered":"https:\/\/dezinpro.ro\/?page_id=12886"},"modified":"2021-02-24T17:10:42","modified_gmt":"2021-02-24T17:10:42","slug":"darazs","status":"publish","type":"page","link":"https:\/\/dezinpro.ro\/ro\/darazs\/","title":{"rendered":"Albine \u0219i viespi"},"content":{"rendered":"<div data-elementor-type=\"wp-page\" data-elementor-id=\"12886\" class=\"elementor elementor-12886\" data-elementor-settings=\"[]\">\n\t\t\t\t\t\t<div class=\"elementor-inner\">\n\t\t\t\t\t\t\t<div class=\"elementor-section-wrap\">\n\t\t\t\t\t\t\t<section class=\"elementor-section elementor-top-section elementor-element elementor-element-75cf65a elementor-section-full_width elementor-section-content-middle elementor-section-height-default elementor-section-height-default\" data-id=\"75cf65a\" data-element_type=\"section\">\n\t\t\t\t\t\t<div class=\"elementor-container elementor-column-gap-wide\">\n\t\t\t\t\t\t\t<div class=\"elementor-row\">\n\t\t\t\t\t<div class=\"elementor-column elementor-col-100 elementor-top-column elementor-element elementor-element-082bb29\" data-id=\"082bb29\" data-element_type=\"column\">\n\t\t\t<div class=\"elementor-column-wrap elementor-element-populated\">\n\t\t\t\t\t\t\t<div class=\"elementor-widget-wrap\">\n\t\t\t\t\t\t<div class=\"elementor-element elementor-element-fd323d0 elementor-widget elementor-widget-rs-heading\" data-id=\"fd323d0\" data-element_type=\"widget\" data-widget_type=\"rs-heading.default\">\n\t\t\t\t<div class=\"elementor-widget-container\">\n\t\t\t        <div class=\"rs-heading style7\">\r\n        \t<div class=\"title-inner\">\r\n        \t\t      \t\t\r\n\t            <span class=\"sub-text\">Dezinsec\u021bie<\/span><h2 class=\"title\"><span class=\"watermark\"><\/span>Albine \u0219i viespi<\/h2>\t        <\/div>\r\n\t                <\/div>\r\n\r\n        \t\t<\/div>\n\t\t\t\t<\/div>\n\t\t\t\t<div class=\"elementor-element elementor-element-021b07e elementor-widget elementor-widget-text-editor\" data-id=\"021b07e\" data-element_type=\"widget\" data-widget_type=\"text-editor.default\">\n\t\t\t\t<div class=\"elementor-widget-container\">\n\t\t\t<style>.elementor-element-021b07e{display:none !important}<\/style>\t\t<\/div>\n\t\t\t\t<\/div>\n\t\t\t\t<div class=\"elementor-element elementor-element-44858ff elementor-widget elementor-widget-text-editor\" data-id=\"44858ff\" data-element_type=\"widget\" data-widget_type=\"text-editor.default\">\n\t\t\t\t<div class=\"elementor-widget-container\">\n\t\t\t\t\t<div class=\"elementor-text-editor elementor-clearfix\"><ul><li><em>Denumire: Albine (Fam. Megachile sp.) &#8211; Viespile (Fam. Tenthredinidae)<\/em><\/li><li><em>Dimensiune: Albine: 7-21 mm; Viespi: 2-40 mm<\/em><\/li><li><em>Culoare: Albine: Galbe inchis &#8211; Viespi: in general negru-maro<\/em><\/li><li><em>Zone Preferate: spatii verzi<\/em><\/li><li><em>Perioada Activitate: perioada calda<\/em><\/li><\/ul><div class=\"mceTemp\"><p><span style=\"font-weight: 400;\">Intepatura de albina sau viespe este foarte dureroasa, precum bine stiu majoritatea oamenilor. Daca o singura insecta este capabila sa genereze o durere atat de intensa sau chiar o reactie alergica ce poate pune viata in pericol, sa ne imaginam care sunt riscurile prezentei unui roi de albine sau viespi in apropierea locuintei. Raspunsul este simplu: un roi de albine sau viespi constituie o amenintare pentru viata omului si necesita exterminare urgenta, efectuata de o firma specializata in dezinsectie.<\/span><\/p><div class=\"inline-block-figures\" style=\"text-align: center;\"><figure id=\"attachment_13146\" aria-describedby=\"caption-attachment-13146\" style=\"width: 268px\" class=\"wp-caption alignnone\"><img decoding=\"async\" loading=\"lazy\" class=\"wp-image-13146 size-medium\" src=\"http:\/\/dezinpro.ro\/wp-content\/uploads\/2021\/02\/meh-268x300.png\" alt=\"\" width=\"268\" height=\"300\" srcset=\"https:\/\/dezinpro.ro\/wp-content\/uploads\/2021\/02\/meh-268x300.png 268w, https:\/\/dezinpro.ro\/wp-content\/uploads\/2021\/02\/meh-11x12.png 11w, https:\/\/dezinpro.ro\/wp-content\/uploads\/2021\/02\/meh.png 446w\" sizes=\"(max-width: 268px) 100vw, 268px\" \/><figcaption id=\"caption-attachment-13146\" class=\"wp-caption-text\">Albine<\/figcaption><\/figure><figure id=\"attachment_12998\" aria-describedby=\"caption-attachment-12998\" style=\"width: 300px\" class=\"wp-caption alignnone\"><img decoding=\"async\" loading=\"lazy\" class=\"size-medium wp-image-12998\" src=\"http:\/\/dezinpro.ro\/wp-content\/uploads\/2021\/02\/darazs-300x194.png\" alt=\"\" width=\"300\" height=\"194\" srcset=\"https:\/\/dezinpro.ro\/wp-content\/uploads\/2021\/02\/darazs-300x194.png 300w, https:\/\/dezinpro.ro\/wp-content\/uploads\/2021\/02\/darazs-768x496.png 768w, https:\/\/dezinpro.ro\/wp-content\/uploads\/2021\/02\/darazs-16x10.png 16w, https:\/\/dezinpro.ro\/wp-content\/uploads\/2021\/02\/darazs.png 775w\" sizes=\"(max-width: 300px) 100vw, 300px\" \/><figcaption id=\"caption-attachment-12998\" class=\"wp-caption-text\">Viespi<\/figcaption><\/figure><\/div><h5><br \/><b style=\"color: #0a0a0a; font-family: Poppins; font-size: 18px; letter-spacing: 0px;\">Care este diferenta dintre albine si viespi?<\/b><\/h5><p><span style=\"font-weight: 400;\">La prima vedere, nu este usor sa facem o diferenta intre cele doua, intrucat au proprietati fizice asemanatoare. Atat albinele cat si viespile fac parte din ordinul de insecte Hymenoptera. Albinele sunt mai corpolente, mai pufoase si mai paroase decat viespile, proprietate care le ajuta sa adune si sa raspandeasca polenul. Viespile sunt mai subtiri, au pielea lucioasa si neteda, talie ingusta si picioare zvelte. <\/span><span style=\"font-weight: 400;\"><br \/>Ambele au intepaturi la fel de dureroase. Viespile sunt mai agresive \u2013 ataca imediat cand cineva sau ceva incearca sa le invadeze spatiul. Au ace netede, purtatoare a unui venin care face ca intepatura sa doara, sa provoace mancarimi sau chiar umflaturi, pentru cel putin 24 de ore.<\/span><span style=\"font-weight: 400;\"><br \/>Este necesar sa facem o diferentiere in primul rand pentru administrarea unui tratament, desi recomandarea noastra este sa va adresati unui medic daca ati fost intepat\/a de o albina sau viespe, si pentru efectuarea tratamentelor de dezinsectie.<\/span><\/p><h5><b>Cum se face dezinsectia albinelor si a viespilor?<\/b><\/h5><p><span style=\"font-weight: 400;\">Dezinsectia albinelor si a viespilor se face diferit in functie de localizarea roiurilor, la exterior sau interior. Nu se recomanda incercarea de insecticide din comert. Albinele si viespile devin foarte agresive la tentativele de exterminare, punandu-va viata in pericol, de aceea singurele dezinsectii finalizate cu succes sunt cele efectuate de o echipa de specialisti, dotata cu echipamente si substante profesionale.<\/span><br \/><span style=\"font-weight: 400;\">Pentru spatiile interioare, echipa de deratizare va adapta modul de exterminare la particularitatile infestarii si ale spatiului. Se va pulveriza substanta insecticida direct pe corpul albinelor si a viespilor, in si pe cuib, sau in aer, cu ajutorul unui aparat aerosol. Insectele nu mor imediat si devin agresive, punandu-va in pericol daca nu sunteti dotat cu un echipament de protectie special. Pentru spatiile exterioare, vor fi aplicate direct in cuibul de albine sau viespi substante insecticide profesionale.<\/span><span style=\"font-weight: 400;\">Solutiile comercializate in magazine nu fac decat sa irite insectele si sa le sporeasca gradul de agresivitate.<\/span><\/p><\/div><\/div>\n\t\t\t\t<\/div>\n\t\t\t\t<\/div>\n\t\t\t\t\t\t<\/div>\n\t\t\t\t\t<\/div>\n\t\t<\/div>\n\t\t\t\t\t\t\t\t<\/div>\n\t\t\t\t\t<\/div>\n\t\t<\/section>\n\t\t\t\t\t\t<\/div>\n\t\t\t\t\t\t<\/div>\n\t\t\t\t\t<\/div>","protected":false},"excerpt":{"rendered":"<p>Rovar\u00edrt\u00e1s Dar\u00e1zs A darazsak (Vespidae) nagy termet\u0171, h\u00e1rty\u00e1s sz\u00e1rny\u00fa rovarok, test\u00fck fekete-s\u00e1rga rajzolat\u00fa \u00e9s a m\u00e9hekkel ellent\u00e9tben csak gyeng\u00e9n sz\u0151r\u00f6s. \u00d6sszetett szemeik bels\u0151 oldalukon, azaz a cs\u00e1pok t\u00f6v\u00e9n\u00e9l t\u00f6bb\u00e9-kev\u00e9sb\u00e9 er\u0151sen be\u00f6bl\u00f6s\u00f6dtek, nagyj\u00e1b\u00f3l vese alak\u00faak. A be\u00f6bl\u00f6s\u00f6d\u00e9s sz\u00edne fajok szerint v\u00e1ltozik. Cs\u00e1pjaik t\u00e9rdesen hajl\u00edtottak. Igen fejlett r\u00e1g\u00f3ik vannak, amelyek f\u0151leg a zs\u00e1km\u00e1nyszerz\u00e9s eszk\u00f6zei, de nagy szerepet&#8230;<\/p>","protected":false},"author":1,"featured_media":0,"parent":0,"menu_order":0,"comment_status":"closed","ping_status":"closed","template":"","meta":{"footnotes":""},"yoast_head":"<!-- This site is optimized with the Yoast SEO plugin v21.5 - https:\/\/yoast.com\/wordpress\/plugins\/seo\/ -->\n<title>DEZINPRO PLUS - Rovarirt\u00e1s | Fert\u0151tlen\u00edt\u00e9s | R\u00e1gcs\u00e1l\u00f3irt\u00e1s<\/title>\n<meta name=\"description\" content=\"ROVARIRT\u00c1S - A darazsak (Vespidae) nagy termet\u0171, h\u00e1rty\u00e1s sz\u00e1rny\u00fa rovarok, test\u00fck fekete-s\u00e1rga rajzolat\u00fa \u00e9s a m\u00e9hekkel ellent\u00e9tben csak ...\" \/>\n<meta name=\"robots\" content=\"index, follow, max-snippet:-1, max-image-preview:large, max-video-preview:-1\" \/>\n<link rel=\"canonical\" href=\"https:\/\/dezinpro.ro\/ro\/darazs\/\" \/>\n<meta property=\"og:locale\" content=\"ro_RO\" \/>\n<meta property=\"og:type\" content=\"article\" \/>\n<meta property=\"og:title\" content=\"DEZINPRO PLUS - Rovarirt\u00e1s | Fert\u0151tlen\u00edt\u00e9s | R\u00e1gcs\u00e1l\u00f3irt\u00e1s\" \/>\n<meta property=\"og:description\" content=\"ROVARIRT\u00c1S - A darazsak (Vespidae) nagy termet\u0171, h\u00e1rty\u00e1s sz\u00e1rny\u00fa rovarok, test\u00fck fekete-s\u00e1rga rajzolat\u00fa \u00e9s a m\u00e9hekkel ellent\u00e9tben csak ...\" \/>\n<meta property=\"og:url\" content=\"https:\/\/dezinpro.ro\/ro\/darazs\/\" \/>\n<meta property=\"og:site_name\" content=\"DEZINPRO PLUS\" \/>\n<meta property=\"article:modified_time\" content=\"2021-02-24T17:10:42+00:00\" \/>\n<meta property=\"og:image\" content=\"https:\/\/dezinpro.ro\/wp-content\/uploads\/2021\/02\/darazs-300x194.png\" \/>\n<meta name=\"twitter:card\" content=\"summary_large_image\" \/>\n<meta name=\"twitter:label1\" content=\"Est. reading time\" \/>\n\t<meta name=\"twitter:data1\" content=\"4 minute\" \/>\n<script type=\"application\/ld+json\" class=\"yoast-schema-graph\">{\"@context\":\"https:\/\/schema.org\",\"@graph\":[{\"@type\":\"WebPage\",\"@id\":\"https:\/\/dezinpro.ro\/darazs\/\",\"url\":\"https:\/\/dezinpro.ro\/darazs\/\",\"name\":\"DEZINPRO PLUS - Rovarirt\u00e1s | Fert\u0151tlen\u00edt\u00e9s | R\u00e1gcs\u00e1l\u00f3irt\u00e1s\",\"isPartOf\":{\"@id\":\"https:\/\/dezinpro.ro\/hu\/#website\"},\"datePublished\":\"2021-02-12T20:47:53+00:00\",\"dateModified\":\"2021-02-24T17:10:42+00:00\",\"description\":\"ROVARIRT\u00c1S - A darazsak (Vespidae) nagy termet\u0171, h\u00e1rty\u00e1s sz\u00e1rny\u00fa rovarok, test\u00fck fekete-s\u00e1rga rajzolat\u00fa \u00e9s a m\u00e9hekkel ellent\u00e9tben csak ...\",\"breadcrumb\":{\"@id\":\"https:\/\/dezinpro.ro\/darazs\/#breadcrumb\"},\"inLanguage\":\"ro-RO\",\"potentialAction\":[{\"@type\":\"ReadAction\",\"target\":[\"https:\/\/dezinpro.ro\/darazs\/\"]}]},{\"@type\":\"BreadcrumbList\",\"@id\":\"https:\/\/dezinpro.ro\/darazs\/#breadcrumb\",\"itemListElement\":[{\"@type\":\"ListItem\",\"position\":1,\"name\":\"Home\",\"item\":\"https:\/\/dezinpro.ro\/hu\/\"},{\"@type\":\"ListItem\",\"position\":2,\"name\":\"Dar\u00e1zs\"}]},{\"@type\":\"WebSite\",\"@id\":\"https:\/\/dezinpro.ro\/hu\/#website\",\"url\":\"https:\/\/dezinpro.ro\/hu\/\",\"name\":\"DEZINPRO PLUS\",\"description\":\"\",\"publisher\":{\"@id\":\"https:\/\/dezinpro.ro\/hu\/#organization\"},\"potentialAction\":[{\"@type\":\"SearchAction\",\"target\":{\"@type\":\"EntryPoint\",\"urlTemplate\":\"https:\/\/dezinpro.ro\/hu\/?s={search_term_string}\"},\"query-input\":\"required name=search_term_string\"}],\"inLanguage\":\"ro-RO\"},{\"@type\":\"Organization\",\"@id\":\"https:\/\/dezinpro.ro\/hu\/#organization\",\"name\":\"DEZINPRO PLUS SRL\",\"url\":\"https:\/\/dezinpro.ro\/hu\/\",\"logo\":{\"@type\":\"ImageObject\",\"inLanguage\":\"ro-RO\",\"@id\":\"https:\/\/dezinpro.ro\/hu\/#\/schema\/logo\/image\/\",\"url\":\"https:\/\/dezinpro.ro\/wp-content\/uploads\/2021\/01\/logo-without-text.svg\",\"contentUrl\":\"https:\/\/dezinpro.ro\/wp-content\/uploads\/2021\/01\/logo-without-text.svg\",\"width\":1,\"height\":1,\"caption\":\"DEZINPRO PLUS SRL\"},\"image\":{\"@id\":\"https:\/\/dezinpro.ro\/hu\/#\/schema\/logo\/image\/\"}}]}<\/script>\n<!-- \/ Yoast SEO plugin. -->","yoast_head_json":{"title":"DEZINPRO PLUS - Rovarirt\u00e1s | Fert\u0151tlen\u00edt\u00e9s | R\u00e1gcs\u00e1l\u00f3irt\u00e1s","description":"ROVARIRT\u00c1S - A darazsak (Vespidae) nagy termet\u0171, h\u00e1rty\u00e1s sz\u00e1rny\u00fa rovarok, test\u00fck fekete-s\u00e1rga rajzolat\u00fa \u00e9s a m\u00e9hekkel ellent\u00e9tben csak ...","robots":{"index":"index","follow":"follow","max-snippet":"max-snippet:-1","max-image-preview":"max-image-preview:large","max-video-preview":"max-video-preview:-1"},"canonical":"https:\/\/dezinpro.ro\/ro\/darazs\/","og_locale":"ro_RO","og_type":"article","og_title":"DEZINPRO PLUS - Rovarirt\u00e1s | Fert\u0151tlen\u00edt\u00e9s | R\u00e1gcs\u00e1l\u00f3irt\u00e1s","og_description":"ROVARIRT\u00c1S - A darazsak (Vespidae) nagy termet\u0171, h\u00e1rty\u00e1s sz\u00e1rny\u00fa rovarok, test\u00fck fekete-s\u00e1rga rajzolat\u00fa \u00e9s a m\u00e9hekkel ellent\u00e9tben csak ...","og_url":"https:\/\/dezinpro.ro\/ro\/darazs\/","og_site_name":"DEZINPRO PLUS","article_modified_time":"2021-02-24T17:10:42+00:00","og_image":[{"url":"https:\/\/dezinpro.ro\/wp-content\/uploads\/2021\/02\/darazs-300x194.png"}],"twitter_card":"summary_large_image","twitter_misc":{"Est. reading time":"4 minute"},"schema":{"@context":"https:\/\/schema.org","@graph":[{"@type":"WebPage","@id":"https:\/\/dezinpro.ro\/darazs\/","url":"https:\/\/dezinpro.ro\/darazs\/","name":"DEZINPRO PLUS - Rovarirt\u00e1s | Fert\u0151tlen\u00edt\u00e9s | R\u00e1gcs\u00e1l\u00f3irt\u00e1s","isPartOf":{"@id":"https:\/\/dezinpro.ro\/hu\/#website"},"datePublished":"2021-02-12T20:47:53+00:00","dateModified":"2021-02-24T17:10:42+00:00","description":"ROVARIRT\u00c1S - A darazsak (Vespidae) nagy termet\u0171, h\u00e1rty\u00e1s sz\u00e1rny\u00fa rovarok, test\u00fck fekete-s\u00e1rga rajzolat\u00fa \u00e9s a m\u00e9hekkel ellent\u00e9tben csak ...","breadcrumb":{"@id":"https:\/\/dezinpro.ro\/darazs\/#breadcrumb"},"inLanguage":"ro-RO","potentialAction":[{"@type":"ReadAction","target":["https:\/\/dezinpro.ro\/darazs\/"]}]},{"@type":"BreadcrumbList","@id":"https:\/\/dezinpro.ro\/darazs\/#breadcrumb","itemListElement":[{"@type":"ListItem","position":1,"name":"Home","item":"https:\/\/dezinpro.ro\/hu\/"},{"@type":"ListItem","position":2,"name":"Dar\u00e1zs"}]},{"@type":"WebSite","@id":"https:\/\/dezinpro.ro\/hu\/#website","url":"https:\/\/dezinpro.ro\/hu\/","name":"DEZINPRO PLUS","description":"","publisher":{"@id":"https:\/\/dezinpro.ro\/hu\/#organization"},"potentialAction":[{"@type":"SearchAction","target":{"@type":"EntryPoint","urlTemplate":"https:\/\/dezinpro.ro\/hu\/?s={search_term_string}"},"query-input":"required name=search_term_string"}],"inLanguage":"ro-RO"},{"@type":"Organization","@id":"https:\/\/dezinpro.ro\/hu\/#organization","name":"DEZINPRO PLUS SRL","url":"https:\/\/dezinpro.ro\/hu\/","logo":{"@type":"ImageObject","inLanguage":"ro-RO","@id":"https:\/\/dezinpro.ro\/hu\/#\/schema\/logo\/image\/","url":"https:\/\/dezinpro.ro\/wp-content\/uploads\/2021\/01\/logo-without-text.svg","contentUrl":"https:\/\/dezinpro.ro\/wp-content\/uploads\/2021\/01\/logo-without-text.svg","width":1,"height":1,"caption":"DEZINPRO PLUS SRL"},"image":{"@id":"https:\/\/dezinpro.ro\/hu\/#\/schema\/logo\/image\/"}}]}},"_links":{"self":[{"href":"https:\/\/dezinpro.ro\/ro\/wp-json\/wp\/v2\/pages\/12886"}],"collection":[{"href":"https:\/\/dezinpro.ro\/ro\/wp-json\/wp\/v2\/pages"}],"about":[{"href":"https:\/\/dezinpro.ro\/ro\/wp-json\/wp\/v2\/types\/page"}],"author":[{"embeddable":true,"href":"https:\/\/dezinpro.ro\/ro\/wp-json\/wp\/v2\/users\/1"}],"replies":[{"embeddable":true,"href":"https:\/\/dezinpro.ro\/ro\/wp-json\/wp\/v2\/comments?post=12886"}],"version-history":[{"count":1,"href":"https:\/\/dezinpro.ro\/ro\/wp-json\/wp\/v2\/pages\/12886\/revisions"}],"predecessor-version":[{"id":13761,"href":"https:\/\/dezinpro.ro\/ro\/wp-json\/wp\/v2\/pages\/12886\/revisions\/13761"}],"wp:attachment":[{"href":"https:\/\/dezinpro.ro\/ro\/wp-json\/wp\/v2\/media?parent=12886"}],"curies":[{"name":"wp","href":"https:\/\/api.w.org\/{rel}","templated":true}]}}