{"id":12888,"date":"2021-02-12T20:48:07","date_gmt":"2021-02-12T20:48:07","guid":{"rendered":"https:\/\/dezinpro.ro\/?page_id=12888"},"modified":"2021-02-24T17:21:45","modified_gmt":"2021-02-24T17:21:45","slug":"kullancs","status":"publish","type":"page","link":"https:\/\/dezinpro.ro\/ro\/kullancs\/","title":{"rendered":"C\u0103pu\u0219\u0103"},"content":{"rendered":"<div data-elementor-type=\"wp-page\" data-elementor-id=\"12888\" class=\"elementor elementor-12888\" data-elementor-settings=\"[]\">\n\t\t\t\t\t\t<div class=\"elementor-inner\">\n\t\t\t\t\t\t\t<div class=\"elementor-section-wrap\">\n\t\t\t\t\t\t\t<section class=\"elementor-section elementor-top-section elementor-element elementor-element-27b9871 elementor-section-full_width elementor-section-content-middle elementor-section-height-default elementor-section-height-default\" data-id=\"27b9871\" data-element_type=\"section\">\n\t\t\t\t\t\t<div class=\"elementor-container elementor-column-gap-wide\">\n\t\t\t\t\t\t\t<div class=\"elementor-row\">\n\t\t\t\t\t<div class=\"elementor-column elementor-col-100 elementor-top-column elementor-element elementor-element-8cadc93\" data-id=\"8cadc93\" data-element_type=\"column\">\n\t\t\t<div class=\"elementor-column-wrap elementor-element-populated\">\n\t\t\t\t\t\t\t<div class=\"elementor-widget-wrap\">\n\t\t\t\t\t\t<div class=\"elementor-element elementor-element-793645a elementor-widget elementor-widget-rs-heading\" data-id=\"793645a\" data-element_type=\"widget\" data-widget_type=\"rs-heading.default\">\n\t\t\t\t<div class=\"elementor-widget-container\">\n\t\t\t        <div class=\"rs-heading style7\">\r\n        \t<div class=\"title-inner\">\r\n        \t\t      \t\t\r\n\t            <span class=\"sub-text\">Dezinsec\u021bie<\/span><h2 class=\"title\"><span class=\"watermark\"><\/span>C\u0103pu\u0219\u0103<\/h2>\t        <\/div>\r\n\t                <\/div>\r\n\r\n        \t\t<\/div>\n\t\t\t\t<\/div>\n\t\t\t\t<div class=\"elementor-element elementor-element-c6b71c6 elementor-widget elementor-widget-text-editor\" data-id=\"c6b71c6\" data-element_type=\"widget\" data-widget_type=\"text-editor.default\">\n\t\t\t\t<div class=\"elementor-widget-container\">\n\t\t\t<style>.elementor-element-c6b71c6{display:none !important}<\/style>\t\t<\/div>\n\t\t\t\t<\/div>\n\t\t\t\t<div class=\"elementor-element elementor-element-45fa80a elementor-widget elementor-widget-text-editor\" data-id=\"45fa80a\" data-element_type=\"widget\" data-widget_type=\"text-editor.default\">\n\t\t\t\t<div class=\"elementor-widget-container\">\n\t\t\t\t\t<div class=\"elementor-text-editor elementor-clearfix\"><ul><li><em>Denumire: Capusa (Fam. Ixodidae-Ixodes Ricinus)<\/em><\/li><li class=\"p1\"><em>Dimensiune: 2.5- 4 mm (14 mm dupa hranire)<\/em><\/li><li class=\"p1\"><em>Culoare: rosu-maro, gri-maro, galben-maro<\/em><\/li><li class=\"p1\"><em>Hrana: Sange om sau animale<\/em><\/li><li class=\"p1\"><em>Zone Preferate: spatii verzi<\/em><\/li><li class=\"p1\"><em>Perioada Activitate: perioada calda (primavara &#8211; vara)<\/em><\/li><\/ul><p><img decoding=\"async\" loading=\"lazy\" class=\"alignright wp-image-13003 size-thumbnail\" src=\"http:\/\/dezinpro.ro\/wp-content\/uploads\/2021\/02\/kullancs-150x150.png\" alt=\"\" width=\"150\" height=\"150\" \/><\/p><p class=\"p1\">Capusele sunt insecte periculoase atat pentru oameni, cat si pentru animalele lor de companie. Pe langa senzatia de iritare a pielii provocate de muscatura lor, capusele pot transmite boli grave oamenilor, precum tifosul, Lyme sau febra recurenta, care pot duce la anemie sau chiar paralizie, iar animalele pot fi afectate de boli precum babesioza, meningita de Rocky Mountains, ehrlichiozasianaplasmoza.<br \/>Capusele reprezinta o specie de paraziti artropozi care se hranesc cu sangele vietuitoarelor de care se ataseaza. Capusele sunt cei mai mari acarieni, avand dimensiuni de 2-30 mm. In Romania exista 27 de specii de capuse, cea mai frecventa fiind lxodesricinus.<\/p><h5 class=\"p2\"><b>Cum se manifesta muscatura capusei si care sunt principalele simptome care apar?<\/b><\/h5><p class=\"p1\">Majoritatea bolilor transmise de capusa incep sa se manifeste dupa cateva ore de la momentul atasarii ei pe piele, asa ca este vital ca parazitul sa fie indepartat cat de repede posibil. Muscatura unei capuse este nedureroasa, de cele mai multe ori, motiv pentru care, cei mai multi oameni muscati de acesti paraziti nu isi dau seama ce li s-a intamplat decat dupa ce apar complicatiile. Daca descoperiti ca ati fost muscat de capusa, este indicata smulgerea ei cu o penseta. Se prinde cat mai aproape de cap si se extrage din piele. Odata eliminata, se recomanda pastrarea acesteia pentru cazul in care medicul va dori sa o examineze.<br \/>Simptomele majoritatii bolilor transmise de capusa sunt slabirea, umflarea incheieturilor, schiopatatul sau anemia. Primele semne ale bolii pot aparea la cateva ore, dupa mai multe zile, saptamani sau chiar luni de la muscatura. Daca prezentati unul dintre simptomele mentionate, trebuie sa va adresati de urgenta unui medic si sa chemati o firma specializata in dezinsectie capuse, pentru eliminarea infestarii cu capuse din spatiul dumneavoastra.<\/p><h5 class=\"p2\"><b>Cum se face dezinsectia capuselor?<\/b><\/h5><p class=\"p1\">Dezinsectiile se fac cu substante de gradul III si IV de toxicitate (aprobate de Ministerul Sanatatii), care nu dauneaza oamenilor si nici animalelor. Insecticidul profesional se introduce intr-o pompa speciala si este imprastiat cu ajutorul unui atomizor . Pentru o maxima eficienta, este necesar sa se intervina de doua ori, la o distanta de aproximativ 2 saptamani. Prima data sunt eliminate capusele vii, apoi capusele dezvoltate din larvele depuse de primele.<\/p><p class=\"p1\">Pentru siguranta dumneavoastra si a animalelor de companie, daca va petreceti timpul in zone verzi, pentru a preveni muscaturile de capuse si implicatiile grave ale bolilor transmise de acestea, este indicat sa ne apelati pentru o interventie de dezinsectie capuse.<\/p><\/div>\n\t\t\t\t<\/div>\n\t\t\t\t<\/div>\n\t\t\t\t\t\t<\/div>\n\t\t\t\t\t<\/div>\n\t\t<\/div>\n\t\t\t\t\t\t\t\t<\/div>\n\t\t\t\t\t<\/div>\n\t\t<\/section>\n\t\t\t\t\t\t<\/div>\n\t\t\t\t\t\t<\/div>\n\t\t\t\t\t<\/div>","protected":false},"excerpt":{"rendered":"<p>Rovar\u00edrt\u00e1s Kullancs 1-4 mm nagys\u00e1g\u00fa, lapos, toj\u00e1sdad alak\u00fa, v\u00e9rrel telesz\u00edvott \u00e1llapotban babszem nagys\u00e1g\u00fara megduzzad\u00f3, s\u00e1rg\u00e1sbarna sz\u00edn\u0171 p\u00f3kidom\u00fa. A l\u00e1rv\u00e1nak h\u00e1rom, az ezt k\u00f6veten kialakul\u00f3 saj\u00e1tos form\u00e1nak, az \u00fan. nimf\u00e1nak \u00e9s az im\u00e1g\u00f3nak n\u00e9gy-n\u00e9gy p\u00e1r l\u00e1ba van. Kifejl\u00e9ssel fejl\u0151dik. A n\u0151st\u00e9ny 2-9 \u00e9vig tart\u00f3 \u00e9lete sor\u00e1n t\u00f6bb ezer pet\u00e9t rak, melyekb\u0151l a l\u00e1rv\u00e1k a h\u0151m\u00e9rs\u00e9klett\u0151l f\u00fcgg\u0151en&#8230;<\/p>","protected":false},"author":1,"featured_media":0,"parent":0,"menu_order":0,"comment_status":"closed","ping_status":"closed","template":"","meta":{"footnotes":""},"yoast_head":"<!-- This site is optimized with the Yoast SEO plugin v21.5 - https:\/\/yoast.com\/wordpress\/plugins\/seo\/ -->\n<title>DEZINPRO PLUS - Rovarirt\u00e1s | Fert\u0151tlen\u00edt\u00e9s | R\u00e1gcs\u00e1l\u00f3irt\u00e1s<\/title>\n<meta name=\"description\" content=\"ROVARIRT\u00c1S - 1-4 mm nagys\u00e1g\u00fa, lapos, toj\u00e1sdad alak\u00fa, v\u00e9rrel telesz\u00edvott \u00e1llapotban babszem nagys\u00e1g\u00fara megduzzad\u00f3, s\u00e1rg\u00e1sbarna sz\u00edn\u0171 p\u00f3kidom\u00fa.\" \/>\n<meta name=\"robots\" content=\"index, follow, max-snippet:-1, max-image-preview:large, max-video-preview:-1\" \/>\n<link rel=\"canonical\" href=\"https:\/\/dezinpro.ro\/ro\/kullancs\/\" \/>\n<meta property=\"og:locale\" content=\"ro_RO\" \/>\n<meta property=\"og:type\" content=\"article\" \/>\n<meta property=\"og:title\" content=\"DEZINPRO PLUS - Rovarirt\u00e1s | Fert\u0151tlen\u00edt\u00e9s | R\u00e1gcs\u00e1l\u00f3irt\u00e1s\" \/>\n<meta property=\"og:description\" content=\"ROVARIRT\u00c1S - 1-4 mm nagys\u00e1g\u00fa, lapos, toj\u00e1sdad alak\u00fa, v\u00e9rrel telesz\u00edvott \u00e1llapotban babszem nagys\u00e1g\u00fara megduzzad\u00f3, s\u00e1rg\u00e1sbarna sz\u00edn\u0171 p\u00f3kidom\u00fa.\" \/>\n<meta property=\"og:url\" content=\"https:\/\/dezinpro.ro\/ro\/kullancs\/\" \/>\n<meta property=\"og:site_name\" content=\"DEZINPRO PLUS\" \/>\n<meta property=\"article:modified_time\" content=\"2021-02-24T17:21:45+00:00\" \/>\n<meta property=\"og:image\" content=\"https:\/\/dezinpro.ro\/wp-content\/uploads\/2021\/02\/kullancs.png\" \/>\n<meta name=\"twitter:card\" content=\"summary_large_image\" \/>\n<meta name=\"twitter:label1\" content=\"Est. reading time\" \/>\n\t<meta name=\"twitter:data1\" content=\"4 minute\" \/>\n<script type=\"application\/ld+json\" class=\"yoast-schema-graph\">{\"@context\":\"https:\/\/schema.org\",\"@graph\":[{\"@type\":\"WebPage\",\"@id\":\"https:\/\/dezinpro.ro\/kullancs\/\",\"url\":\"https:\/\/dezinpro.ro\/kullancs\/\",\"name\":\"DEZINPRO PLUS - Rovarirt\u00e1s | Fert\u0151tlen\u00edt\u00e9s | R\u00e1gcs\u00e1l\u00f3irt\u00e1s\",\"isPartOf\":{\"@id\":\"https:\/\/dezinpro.ro\/hu\/#website\"},\"datePublished\":\"2021-02-12T20:48:07+00:00\",\"dateModified\":\"2021-02-24T17:21:45+00:00\",\"description\":\"ROVARIRT\u00c1S - 1-4 mm nagys\u00e1g\u00fa, lapos, toj\u00e1sdad alak\u00fa, v\u00e9rrel telesz\u00edvott \u00e1llapotban babszem nagys\u00e1g\u00fara megduzzad\u00f3, s\u00e1rg\u00e1sbarna sz\u00edn\u0171 p\u00f3kidom\u00fa.\",\"breadcrumb\":{\"@id\":\"https:\/\/dezinpro.ro\/kullancs\/#breadcrumb\"},\"inLanguage\":\"ro-RO\",\"potentialAction\":[{\"@type\":\"ReadAction\",\"target\":[\"https:\/\/dezinpro.ro\/kullancs\/\"]}]},{\"@type\":\"BreadcrumbList\",\"@id\":\"https:\/\/dezinpro.ro\/kullancs\/#breadcrumb\",\"itemListElement\":[{\"@type\":\"ListItem\",\"position\":1,\"name\":\"Home\",\"item\":\"https:\/\/dezinpro.ro\/hu\/\"},{\"@type\":\"ListItem\",\"position\":2,\"name\":\"Kullancs\"}]},{\"@type\":\"WebSite\",\"@id\":\"https:\/\/dezinpro.ro\/hu\/#website\",\"url\":\"https:\/\/dezinpro.ro\/hu\/\",\"name\":\"DEZINPRO PLUS\",\"description\":\"\",\"publisher\":{\"@id\":\"https:\/\/dezinpro.ro\/hu\/#organization\"},\"potentialAction\":[{\"@type\":\"SearchAction\",\"target\":{\"@type\":\"EntryPoint\",\"urlTemplate\":\"https:\/\/dezinpro.ro\/hu\/?s={search_term_string}\"},\"query-input\":\"required name=search_term_string\"}],\"inLanguage\":\"ro-RO\"},{\"@type\":\"Organization\",\"@id\":\"https:\/\/dezinpro.ro\/hu\/#organization\",\"name\":\"DEZINPRO PLUS SRL\",\"url\":\"https:\/\/dezinpro.ro\/hu\/\",\"logo\":{\"@type\":\"ImageObject\",\"inLanguage\":\"ro-RO\",\"@id\":\"https:\/\/dezinpro.ro\/hu\/#\/schema\/logo\/image\/\",\"url\":\"https:\/\/dezinpro.ro\/wp-content\/uploads\/2021\/01\/logo-without-text.svg\",\"contentUrl\":\"https:\/\/dezinpro.ro\/wp-content\/uploads\/2021\/01\/logo-without-text.svg\",\"width\":1,\"height\":1,\"caption\":\"DEZINPRO PLUS SRL\"},\"image\":{\"@id\":\"https:\/\/dezinpro.ro\/hu\/#\/schema\/logo\/image\/\"}}]}<\/script>\n<!-- \/ Yoast SEO plugin. -->","yoast_head_json":{"title":"DEZINPRO PLUS - Rovarirt\u00e1s | Fert\u0151tlen\u00edt\u00e9s | R\u00e1gcs\u00e1l\u00f3irt\u00e1s","description":"ROVARIRT\u00c1S - 1-4 mm nagys\u00e1g\u00fa, lapos, toj\u00e1sdad alak\u00fa, v\u00e9rrel telesz\u00edvott \u00e1llapotban babszem nagys\u00e1g\u00fara megduzzad\u00f3, s\u00e1rg\u00e1sbarna sz\u00edn\u0171 p\u00f3kidom\u00fa.","robots":{"index":"index","follow":"follow","max-snippet":"max-snippet:-1","max-image-preview":"max-image-preview:large","max-video-preview":"max-video-preview:-1"},"canonical":"https:\/\/dezinpro.ro\/ro\/kullancs\/","og_locale":"ro_RO","og_type":"article","og_title":"DEZINPRO PLUS - Rovarirt\u00e1s | Fert\u0151tlen\u00edt\u00e9s | R\u00e1gcs\u00e1l\u00f3irt\u00e1s","og_description":"ROVARIRT\u00c1S - 1-4 mm nagys\u00e1g\u00fa, lapos, toj\u00e1sdad alak\u00fa, v\u00e9rrel telesz\u00edvott \u00e1llapotban babszem nagys\u00e1g\u00fara megduzzad\u00f3, s\u00e1rg\u00e1sbarna sz\u00edn\u0171 p\u00f3kidom\u00fa.","og_url":"https:\/\/dezinpro.ro\/ro\/kullancs\/","og_site_name":"DEZINPRO PLUS","article_modified_time":"2021-02-24T17:21:45+00:00","og_image":[{"url":"https:\/\/dezinpro.ro\/wp-content\/uploads\/2021\/02\/kullancs.png"}],"twitter_card":"summary_large_image","twitter_misc":{"Est. reading time":"4 minute"},"schema":{"@context":"https:\/\/schema.org","@graph":[{"@type":"WebPage","@id":"https:\/\/dezinpro.ro\/kullancs\/","url":"https:\/\/dezinpro.ro\/kullancs\/","name":"DEZINPRO PLUS - Rovarirt\u00e1s | Fert\u0151tlen\u00edt\u00e9s | R\u00e1gcs\u00e1l\u00f3irt\u00e1s","isPartOf":{"@id":"https:\/\/dezinpro.ro\/hu\/#website"},"datePublished":"2021-02-12T20:48:07+00:00","dateModified":"2021-02-24T17:21:45+00:00","description":"ROVARIRT\u00c1S - 1-4 mm nagys\u00e1g\u00fa, lapos, toj\u00e1sdad alak\u00fa, v\u00e9rrel telesz\u00edvott \u00e1llapotban babszem nagys\u00e1g\u00fara megduzzad\u00f3, s\u00e1rg\u00e1sbarna sz\u00edn\u0171 p\u00f3kidom\u00fa.","breadcrumb":{"@id":"https:\/\/dezinpro.ro\/kullancs\/#breadcrumb"},"inLanguage":"ro-RO","potentialAction":[{"@type":"ReadAction","target":["https:\/\/dezinpro.ro\/kullancs\/"]}]},{"@type":"BreadcrumbList","@id":"https:\/\/dezinpro.ro\/kullancs\/#breadcrumb","itemListElement":[{"@type":"ListItem","position":1,"name":"Home","item":"https:\/\/dezinpro.ro\/hu\/"},{"@type":"ListItem","position":2,"name":"Kullancs"}]},{"@type":"WebSite","@id":"https:\/\/dezinpro.ro\/hu\/#website","url":"https:\/\/dezinpro.ro\/hu\/","name":"DEZINPRO PLUS","description":"","publisher":{"@id":"https:\/\/dezinpro.ro\/hu\/#organization"},"potentialAction":[{"@type":"SearchAction","target":{"@type":"EntryPoint","urlTemplate":"https:\/\/dezinpro.ro\/hu\/?s={search_term_string}"},"query-input":"required name=search_term_string"}],"inLanguage":"ro-RO"},{"@type":"Organization","@id":"https:\/\/dezinpro.ro\/hu\/#organization","name":"DEZINPRO PLUS SRL","url":"https:\/\/dezinpro.ro\/hu\/","logo":{"@type":"ImageObject","inLanguage":"ro-RO","@id":"https:\/\/dezinpro.ro\/hu\/#\/schema\/logo\/image\/","url":"https:\/\/dezinpro.ro\/wp-content\/uploads\/2021\/01\/logo-without-text.svg","contentUrl":"https:\/\/dezinpro.ro\/wp-content\/uploads\/2021\/01\/logo-without-text.svg","width":1,"height":1,"caption":"DEZINPRO PLUS SRL"},"image":{"@id":"https:\/\/dezinpro.ro\/hu\/#\/schema\/logo\/image\/"}}]}},"_links":{"self":[{"href":"https:\/\/dezinpro.ro\/ro\/wp-json\/wp\/v2\/pages\/12888"}],"collection":[{"href":"https:\/\/dezinpro.ro\/ro\/wp-json\/wp\/v2\/pages"}],"about":[{"href":"https:\/\/dezinpro.ro\/ro\/wp-json\/wp\/v2\/types\/page"}],"author":[{"embeddable":true,"href":"https:\/\/dezinpro.ro\/ro\/wp-json\/wp\/v2\/users\/1"}],"replies":[{"embeddable":true,"href":"https:\/\/dezinpro.ro\/ro\/wp-json\/wp\/v2\/comments?post=12888"}],"version-history":[{"count":1,"href":"https:\/\/dezinpro.ro\/ro\/wp-json\/wp\/v2\/pages\/12888\/revisions"}],"predecessor-version":[{"id":13771,"href":"https:\/\/dezinpro.ro\/ro\/wp-json\/wp\/v2\/pages\/12888\/revisions\/13771"}],"wp:attachment":[{"href":"https:\/\/dezinpro.ro\/ro\/wp-json\/wp\/v2\/media?parent=12888"}],"curies":[{"name":"wp","href":"https:\/\/api.w.org\/{rel}","templated":true}]}}